{"id":384,"date":"2021-01-06T15:03:09","date_gmt":"2021-01-06T15:03:09","guid":{"rendered":"https:\/\/opdrasifselimoglu.com\/?page_id=384"},"modified":"2021-03-31T09:37:38","modified_gmt":"2021-03-31T09:37:38","slug":"otoplasti","status":"publish","type":"page","link":"https:\/\/opdrasifselimoglu.com\/index.php\/otoplasti\/","title":{"rendered":"Otoplasti"},"content":{"rendered":"<p><strong>Otoplasti Nedir?:<\/strong><\/p>\n<p><span style=\"font-family: Times New Roman, serif;\"><span style=\"font-size: medium;\"><b>Otoplasti:<\/b><\/span><\/span><span style=\"font-family: Times New Roman, serif;\"><span style=\"font-size: medium;\"> Kulak kep\u00e7esindeki deformitenin d\u00fczeltilerek kula\u011f\u0131n daha estetik g\u00f6r\u00fcn\u00fcme kavu\u015fturuldu\u011fu ameliyatt\u0131r.<\/span><\/span><\/p>\n","protected":false},"excerpt":{"rendered":"<p>Otoplasti Nedir?: Otoplasti: Kulak kep\u00e7esindeki deformitenin d\u00fczeltilerek kula\u011f\u0131n daha estetik g\u00f6r\u00fcn\u00fcme kavu\u015fturuldu\u011fu ameliyatt\u0131r.<\/p>\n","protected":false},"author":1,"featured_media":1299,"parent":0,"menu_order":0,"comment_status":"closed","ping_status":"closed","template":"","meta":{"_joinchat":[],"footnotes":""},"class_list":["post-384","page","type-page","status-publish","has-post-thumbnail","hentry"],"yoast_head":"<!-- This site is optimized with the Yoast SEO plugin v25.3 - https:\/\/yoast.com\/wordpress\/plugins\/seo\/ -->\n<title>Otoplasti - Op. Dr. AS\u0130F SEL\u0130MO\u011eLU<\/title>\n<meta name=\"robots\" content=\"index, follow, max-snippet:-1, max-image-preview:large, max-video-preview:-1\" \/>\n<link rel=\"canonical\" href=\"https:\/\/opdrasifselimoglu.com\/index.php\/otoplasti\/\" \/>\n<meta property=\"og:locale\" content=\"tr_TR\" \/>\n<meta property=\"og:type\" content=\"article\" \/>\n<meta property=\"og:title\" content=\"Otoplasti - Op. Dr. AS\u0130F SEL\u0130MO\u011eLU\" \/>\n<meta property=\"og:description\" content=\"Otoplasti Nedir?: Otoplasti: Kulak kep\u00e7esindeki deformitenin d\u00fczeltilerek kula\u011f\u0131n daha estetik g\u00f6r\u00fcn\u00fcme kavu\u015fturuldu\u011fu ameliyatt\u0131r.\" \/>\n<meta property=\"og:url\" content=\"https:\/\/opdrasifselimoglu.com\/index.php\/otoplasti\/\" \/>\n<meta property=\"og:site_name\" content=\"Op. Dr. AS\u0130F SEL\u0130MO\u011eLU\" \/>\n<meta property=\"article:publisher\" content=\"https:\/\/www.facebook.com\/drasifselimoglu\/\" \/>\n<meta property=\"article:modified_time\" content=\"2021-03-31T09:37:38+00:00\" \/>\n<meta property=\"og:image\" content=\"https:\/\/opdrasifselimoglu.com\/wp-content\/uploads\/2021\/02\/Otoplasti.png\" \/>\n\t<meta property=\"og:image:width\" content=\"1200\" \/>\n\t<meta property=\"og:image:height\" content=\"500\" \/>\n\t<meta property=\"og:image:type\" content=\"image\/png\" \/>\n<meta name=\"twitter:card\" content=\"summary_large_image\" \/>\n<meta name=\"twitter:label1\" content=\"Tahmini okuma s\u00fcresi\" \/>\n\t<meta name=\"twitter:data1\" content=\"1 dakika\" \/>\n<script type=\"application\/ld+json\" class=\"yoast-schema-graph\">{\"@context\":\"https:\/\/schema.org\",\"@graph\":[{\"@type\":\"WebPage\",\"@id\":\"https:\/\/opdrasifselimoglu.com\/index.php\/otoplasti\/\",\"url\":\"https:\/\/opdrasifselimoglu.com\/index.php\/otoplasti\/\",\"name\":\"Otoplasti - Op. Dr. AS\u0130F SEL\u0130MO\u011eLU\",\"isPartOf\":{\"@id\":\"https:\/\/opdrasifselimoglu.com\/#website\"},\"primaryImageOfPage\":{\"@id\":\"https:\/\/opdrasifselimoglu.com\/index.php\/otoplasti\/#primaryimage\"},\"image\":{\"@id\":\"https:\/\/opdrasifselimoglu.com\/index.php\/otoplasti\/#primaryimage\"},\"thumbnailUrl\":\"https:\/\/opdrasifselimoglu.com\/wp-content\/uploads\/2021\/02\/Otoplasti.png\",\"datePublished\":\"2021-01-06T15:03:09+00:00\",\"dateModified\":\"2021-03-31T09:37:38+00:00\",\"breadcrumb\":{\"@id\":\"https:\/\/opdrasifselimoglu.com\/index.php\/otoplasti\/#breadcrumb\"},\"inLanguage\":\"tr\",\"potentialAction\":[{\"@type\":\"ReadAction\",\"target\":[\"https:\/\/opdrasifselimoglu.com\/index.php\/otoplasti\/\"]}]},{\"@type\":\"ImageObject\",\"inLanguage\":\"tr\",\"@id\":\"https:\/\/opdrasifselimoglu.com\/index.php\/otoplasti\/#primaryimage\",\"url\":\"https:\/\/opdrasifselimoglu.com\/wp-content\/uploads\/2021\/02\/Otoplasti.png\",\"contentUrl\":\"https:\/\/opdrasifselimoglu.com\/wp-content\/uploads\/2021\/02\/Otoplasti.png\",\"width\":1200,\"height\":500},{\"@type\":\"BreadcrumbList\",\"@id\":\"https:\/\/opdrasifselimoglu.com\/index.php\/otoplasti\/#breadcrumb\",\"itemListElement\":[{\"@type\":\"ListItem\",\"position\":1,\"name\":\"Home\",\"item\":\"https:\/\/opdrasifselimoglu.com\/\"},{\"@type\":\"ListItem\",\"position\":2,\"name\":\"Otoplasti\"}]},{\"@type\":\"WebSite\",\"@id\":\"https:\/\/opdrasifselimoglu.com\/#website\",\"url\":\"https:\/\/opdrasifselimoglu.com\/\",\"name\":\"Op. Dr. Asif Selimo\u011flu Kulak, Burun, Bo\u011faz, Ba\u015f-Boyun Cerrahisi ve Y\u00fcz Esteti\u011fi\",\"description\":\"Kulak, Burun, Bo\u011faz, Ba\u015f-Boyun Cerrahisi ve Y\u00fcz Esteti\u011fi\",\"publisher\":{\"@id\":\"https:\/\/opdrasifselimoglu.com\/#organization\"},\"potentialAction\":[{\"@type\":\"SearchAction\",\"target\":{\"@type\":\"EntryPoint\",\"urlTemplate\":\"https:\/\/opdrasifselimoglu.com\/?s={search_term_string}\"},\"query-input\":{\"@type\":\"PropertyValueSpecification\",\"valueRequired\":true,\"valueName\":\"search_term_string\"}}],\"inLanguage\":\"tr\"},{\"@type\":\"Organization\",\"@id\":\"https:\/\/opdrasifselimoglu.com\/#organization\",\"name\":\"OP.DR.AS\u0130F SEL\u0130MO\u011eLU\",\"url\":\"https:\/\/opdrasifselimoglu.com\/\",\"logo\":{\"@type\":\"ImageObject\",\"inLanguage\":\"tr\",\"@id\":\"https:\/\/opdrasifselimoglu.com\/#\/schema\/logo\/image\/\",\"url\":\"https:\/\/opdrasifselimoglu.com\/wp-content\/uploads\/2021\/05\/cropped-asif-selimoglu_Calisma-Yuzeyi-1_130x130-1.jpg\",\"contentUrl\":\"https:\/\/opdrasifselimoglu.com\/wp-content\/uploads\/2021\/05\/cropped-asif-selimoglu_Calisma-Yuzeyi-1_130x130-1.jpg\",\"width\":130,\"height\":130,\"caption\":\"OP.DR.AS\u0130F SEL\u0130MO\u011eLU\"},\"image\":{\"@id\":\"https:\/\/opdrasifselimoglu.com\/#\/schema\/logo\/image\/\"},\"sameAs\":[\"https:\/\/www.facebook.com\/drasifselimoglu\/\",\"https:\/\/www.instagram.com\/drselimoglu\/\",\"https:\/\/tr.linkedin.com\/in\/asif-selimo\u011flu-salimov-a822a296\"]}]}<\/script>\n<!-- \/ Yoast SEO plugin. -->","yoast_head_json":{"title":"Otoplasti - Op. Dr. AS\u0130F SEL\u0130MO\u011eLU","robots":{"index":"index","follow":"follow","max-snippet":"max-snippet:-1","max-image-preview":"max-image-preview:large","max-video-preview":"max-video-preview:-1"},"canonical":"https:\/\/opdrasifselimoglu.com\/index.php\/otoplasti\/","og_locale":"tr_TR","og_type":"article","og_title":"Otoplasti - Op. Dr. AS\u0130F SEL\u0130MO\u011eLU","og_description":"Otoplasti Nedir?: Otoplasti: Kulak kep\u00e7esindeki deformitenin d\u00fczeltilerek kula\u011f\u0131n daha estetik g\u00f6r\u00fcn\u00fcme kavu\u015fturuldu\u011fu ameliyatt\u0131r.","og_url":"https:\/\/opdrasifselimoglu.com\/index.php\/otoplasti\/","og_site_name":"Op. Dr. AS\u0130F SEL\u0130MO\u011eLU","article_publisher":"https:\/\/www.facebook.com\/drasifselimoglu\/","article_modified_time":"2021-03-31T09:37:38+00:00","og_image":[{"width":1200,"height":500,"url":"https:\/\/opdrasifselimoglu.com\/wp-content\/uploads\/2021\/02\/Otoplasti.png","type":"image\/png"}],"twitter_card":"summary_large_image","twitter_misc":{"Tahmini okuma s\u00fcresi":"1 dakika"},"schema":{"@context":"https:\/\/schema.org","@graph":[{"@type":"WebPage","@id":"https:\/\/opdrasifselimoglu.com\/index.php\/otoplasti\/","url":"https:\/\/opdrasifselimoglu.com\/index.php\/otoplasti\/","name":"Otoplasti - Op. Dr. AS\u0130F SEL\u0130MO\u011eLU","isPartOf":{"@id":"https:\/\/opdrasifselimoglu.com\/#website"},"primaryImageOfPage":{"@id":"https:\/\/opdrasifselimoglu.com\/index.php\/otoplasti\/#primaryimage"},"image":{"@id":"https:\/\/opdrasifselimoglu.com\/index.php\/otoplasti\/#primaryimage"},"thumbnailUrl":"https:\/\/opdrasifselimoglu.com\/wp-content\/uploads\/2021\/02\/Otoplasti.png","datePublished":"2021-01-06T15:03:09+00:00","dateModified":"2021-03-31T09:37:38+00:00","breadcrumb":{"@id":"https:\/\/opdrasifselimoglu.com\/index.php\/otoplasti\/#breadcrumb"},"inLanguage":"tr","potentialAction":[{"@type":"ReadAction","target":["https:\/\/opdrasifselimoglu.com\/index.php\/otoplasti\/"]}]},{"@type":"ImageObject","inLanguage":"tr","@id":"https:\/\/opdrasifselimoglu.com\/index.php\/otoplasti\/#primaryimage","url":"https:\/\/opdrasifselimoglu.com\/wp-content\/uploads\/2021\/02\/Otoplasti.png","contentUrl":"https:\/\/opdrasifselimoglu.com\/wp-content\/uploads\/2021\/02\/Otoplasti.png","width":1200,"height":500},{"@type":"BreadcrumbList","@id":"https:\/\/opdrasifselimoglu.com\/index.php\/otoplasti\/#breadcrumb","itemListElement":[{"@type":"ListItem","position":1,"name":"Home","item":"https:\/\/opdrasifselimoglu.com\/"},{"@type":"ListItem","position":2,"name":"Otoplasti"}]},{"@type":"WebSite","@id":"https:\/\/opdrasifselimoglu.com\/#website","url":"https:\/\/opdrasifselimoglu.com\/","name":"Op. Dr. Asif Selimo\u011flu Kulak, Burun, Bo\u011faz, Ba\u015f-Boyun Cerrahisi ve Y\u00fcz Esteti\u011fi","description":"Kulak, Burun, Bo\u011faz, Ba\u015f-Boyun Cerrahisi ve Y\u00fcz Esteti\u011fi","publisher":{"@id":"https:\/\/opdrasifselimoglu.com\/#organization"},"potentialAction":[{"@type":"SearchAction","target":{"@type":"EntryPoint","urlTemplate":"https:\/\/opdrasifselimoglu.com\/?s={search_term_string}"},"query-input":{"@type":"PropertyValueSpecification","valueRequired":true,"valueName":"search_term_string"}}],"inLanguage":"tr"},{"@type":"Organization","@id":"https:\/\/opdrasifselimoglu.com\/#organization","name":"OP.DR.AS\u0130F SEL\u0130MO\u011eLU","url":"https:\/\/opdrasifselimoglu.com\/","logo":{"@type":"ImageObject","inLanguage":"tr","@id":"https:\/\/opdrasifselimoglu.com\/#\/schema\/logo\/image\/","url":"https:\/\/opdrasifselimoglu.com\/wp-content\/uploads\/2021\/05\/cropped-asif-selimoglu_Calisma-Yuzeyi-1_130x130-1.jpg","contentUrl":"https:\/\/opdrasifselimoglu.com\/wp-content\/uploads\/2021\/05\/cropped-asif-selimoglu_Calisma-Yuzeyi-1_130x130-1.jpg","width":130,"height":130,"caption":"OP.DR.AS\u0130F SEL\u0130MO\u011eLU"},"image":{"@id":"https:\/\/opdrasifselimoglu.com\/#\/schema\/logo\/image\/"},"sameAs":["https:\/\/www.facebook.com\/drasifselimoglu\/","https:\/\/www.instagram.com\/drselimoglu\/","https:\/\/tr.linkedin.com\/in\/asif-selimo\u011flu-salimov-a822a296"]}]}},"_links":{"self":[{"href":"https:\/\/opdrasifselimoglu.com\/index.php\/wp-json\/wp\/v2\/pages\/384","targetHints":{"allow":["GET"]}}],"collection":[{"href":"https:\/\/opdrasifselimoglu.com\/index.php\/wp-json\/wp\/v2\/pages"}],"about":[{"href":"https:\/\/opdrasifselimoglu.com\/index.php\/wp-json\/wp\/v2\/types\/page"}],"author":[{"embeddable":true,"href":"https:\/\/opdrasifselimoglu.com\/index.php\/wp-json\/wp\/v2\/users\/1"}],"replies":[{"embeddable":true,"href":"https:\/\/opdrasifselimoglu.com\/index.php\/wp-json\/wp\/v2\/comments?post=384"}],"version-history":[{"count":5,"href":"https:\/\/opdrasifselimoglu.com\/index.php\/wp-json\/wp\/v2\/pages\/384\/revisions"}],"predecessor-version":[{"id":3136,"href":"https:\/\/opdrasifselimoglu.com\/index.php\/wp-json\/wp\/v2\/pages\/384\/revisions\/3136"}],"wp:featuredmedia":[{"embeddable":true,"href":"https:\/\/opdrasifselimoglu.com\/index.php\/wp-json\/wp\/v2\/media\/1299"}],"wp:attachment":[{"href":"https:\/\/opdrasifselimoglu.com\/index.php\/wp-json\/wp\/v2\/media?parent=384"}],"curies":[{"name":"wp","href":"https:\/\/api.w.org\/{rel}","templated":true}]}}