{"id":257,"date":"2020-12-22T12:17:47","date_gmt":"2020-12-22T12:17:47","guid":{"rendered":"https:\/\/opdrasifselimoglu.com\/?page_id=257"},"modified":"2025-06-13T16:04:45","modified_gmt":"2025-06-13T16:04:45","slug":"opdrasifselimoglu-iletisim","status":"publish","type":"page","link":"https:\/\/opdrasifselimoglu.com\/index.php\/opdrasifselimoglu-iletisim\/","title":{"rendered":"\u0130leti\u015fim"},"content":{"rendered":"<p>Randevu olu\u015fturmak i\u00e7in:<\/p>\n<p><a id=\"zl-url\" class=\"zl-url\" href=\"https:\/\/www.doktortakvimi.com\/asif-selimoglu\/kulak-burun-bogaz\/ankara\" rel=\"nofollow\" data-zlw-doctor=\"asif-selimoglu\" data-zlw-type=\"big_with_calendar\" data-zlw-opinion=\"false\" data-zlw-hide-branding=\"true\" data-zlw-saas-only=\"false\" data-zlw-a11y-title=\"Doktor randevu widgeti\">Asif Selimo\u011flu &#8211; DoktorTakvimi.com<\/a><\/p>\n<p><script>!function($_x,_s,id){var js,fjs=$_x.getElementsByTagName(_s)[0];if(!$_x.getElementById(id)){js = $_x.createElement(_s);js.id = id;js.src = \"\/\/platform.docplanner.com\/js\/widget.js\";fjs.parentNode.insertBefore(js,fjs);}}(document,\"script\",\"zl-widget-s\");<\/script><\/p>\n<p><a href=\"https:\/\/www.google.com\/search?client=opera&amp;biw=1360&amp;bih=668&amp;sxsrf=ALeKk03Q4zvj-8wwThzAIbuhQK0eqKO3AA%3A1613125450937&amp;ei=SlcmYOvCOMiPlwT8noeQDA&amp;q=asif+selimo\u011flu+kent+kbb+phone&amp;oq=asif+selimo\u011flu+kent+kbb+phone&amp;gs_lcp=Cgdnd3Mtd2l6EAM6BwgjELADECdQ31RYtW9gu3BoAXAAeACAAbwBiAHOEZIBBDAuMTaYAQCgAQGqAQdnd3Mtd2l6yAEBwAEB&amp;sclient=gws-wiz&amp;ved=0ahUKEwjrj-zLkOTuAhXIx4UKHXzPAcIQ4dUDCAw&amp;uact=5\">Tel:+905415095119<\/a><br \/>\n<a href=\"https:\/\/opdrasifselimoglu.com\">Web Adresi: https:\/\/opdrasifselimoglu.com<\/a>, https:\/\/drasifselimoglu.com<br \/>\n<a href=\"https:\/\/g.page\/KENTKBB?share\">Adres:Birlik, \u015eht. Kurbani Akbo\u011fa Sk No:26, 06610 \u00c7ankaya\/Ankara<\/a><br \/>\n<a href=\"https:\/\/opdrasifselimoglu.com\">e-mail:info@opdrasifselimoglu.com<\/a><\/p>\n<p><a><iframe loading=\"lazy\" style=\"border: 0;\" tabindex=\"0\" src=\"https:\/\/www.google.com\/maps\/embed?pb=!1m14!1m8!1m3!1d12237.658631522965!2d32.8386386!3d39.9321136!3m2!1i1024!2i768!4f13.1!3m3!1m2!1s0x0%3A0xb4d2b1448d5ee92!2sOp.%20Dr.%20Asif%20Selimo%C4%9Flu%20Kulak%2C%20Burun%2C%20Bo%C4%9Faz%2C%20Ba%C5%9F-Boyun%20Cerrahisi%20ve%20Y%C3%BCz%20Esteti%C4%9Fi!5e0!3m2!1str!2str!4v1612454143032!5m2!1str!2str\" width=\"600\" height=\"450\" frameborder=\"0\" allowfullscreen=\"allowfullscreen\" aria-hidden=\"false\"><\/iframe><\/a><\/p>\n<p><a href=\"https:\/\/opdrasifselimoglu.com\/index.php\/opdrasifselimoglu-iletisim\/\"> Randevu ve Bilgi \u0130\u00e7in Bize Yaz\u0131n\u0131z<br \/>\n\n<div class=\"wpcf7 no-js\" id=\"wpcf7-f4-o1\" lang=\"tr-TR\" dir=\"ltr\" data-wpcf7-id=\"4\">\n<div class=\"screen-reader-response\"><p role=\"status\" aria-live=\"polite\" aria-atomic=\"true\"><\/p> <ul><\/ul><\/div>\n<form action=\"\/index.php\/wp-json\/wp\/v2\/pages\/257#wpcf7-f4-o1\" method=\"post\" class=\"wpcf7-form init\" aria-label=\"\u0130leti\u015fim Formu\" novalidate=\"novalidate\" data-status=\"init\">\n<div style=\"display: none;\">\n<input type=\"hidden\" name=\"_wpcf7\" value=\"4\" \/>\n<input type=\"hidden\" name=\"_wpcf7_version\" value=\"6.0.6\" \/>\n<input type=\"hidden\" name=\"_wpcf7_locale\" value=\"tr_TR\" \/>\n<input type=\"hidden\" name=\"_wpcf7_unit_tag\" value=\"wpcf7-f4-o1\" \/>\n<input type=\"hidden\" name=\"_wpcf7_container_post\" value=\"0\" \/>\n<input type=\"hidden\" name=\"_wpcf7_posted_data_hash\" value=\"\" \/>\n<\/div>\n<p><label> Ad\u0131n\u0131z Soyad\u0131n\u0131z<br \/>\n<span class=\"wpcf7-form-control-wrap\" data-name=\"your-name\"><input size=\"40\" maxlength=\"400\" class=\"wpcf7-form-control wpcf7-text wpcf7-validates-as-required\" aria-required=\"true\" aria-invalid=\"false\" value=\"\" type=\"text\" name=\"your-name\" \/><\/span> <\/label>\n<\/p>\n<p><label> e-mail adresiniz<br \/>\n<span class=\"wpcf7-form-control-wrap\" data-name=\"your-email\"><input size=\"40\" maxlength=\"400\" class=\"wpcf7-form-control wpcf7-email wpcf7-validates-as-required wpcf7-text wpcf7-validates-as-email\" aria-required=\"true\" aria-invalid=\"false\" value=\"\" type=\"email\" name=\"your-email\" \/><\/span> <\/label>\n<\/p>\n<p><label> Konu<br \/>\n<span class=\"wpcf7-form-control-wrap\" data-name=\"your-subject\"><input size=\"40\" maxlength=\"400\" class=\"wpcf7-form-control wpcf7-text wpcf7-validates-as-required\" aria-required=\"true\" aria-invalid=\"false\" value=\"\" type=\"text\" name=\"your-subject\" \/><\/span> <\/label>\n<\/p>\n<p><label> \u0130letiniz<br \/>\n<span class=\"wpcf7-form-control-wrap\" data-name=\"your-message\"><textarea cols=\"40\" rows=\"10\" maxlength=\"2000\" class=\"wpcf7-form-control wpcf7-textarea\" aria-invalid=\"false\" name=\"your-message\"><\/textarea><\/span> <\/label>\n<\/p>\n<p><input class=\"wpcf7-form-control wpcf7-submit has-spinner\" type=\"submit\" value=\"G\u00f6nder\" \/>\n<\/p><div class=\"wpcf7-response-output\" aria-hidden=\"true\"><\/div>\n<\/form>\n<\/div>\n<\/a><\/p>\n","protected":false},"excerpt":{"rendered":"<p>Randevu olu\u015fturmak i\u00e7in: Asif Selimo\u011flu &#8211; DoktorTakvimi.com Tel:+905415095119 Web Adresi: https:\/\/opdrasifselimoglu.com, https:\/\/drasifselimoglu.com Adres:Birlik, \u015eht. Kurbani Akbo\u011fa Sk No:26, 06610 \u00c7ankaya\/Ankara e-mail:info@opdrasifselimoglu.com Randevu ve Bilgi \u0130\u00e7in Bize Yaz\u0131n\u0131z<\/p>\n","protected":false},"author":1,"featured_media":0,"parent":0,"menu_order":0,"comment_status":"closed","ping_status":"closed","template":"","meta":{"_joinchat":[],"footnotes":""},"class_list":["post-257","page","type-page","status-publish","hentry"],"yoast_head":"<!-- This site is optimized with the Yoast SEO plugin v25.3 - https:\/\/yoast.com\/wordpress\/plugins\/seo\/ -->\n<title>Asif Selimo\u011flu \u0130leti\u015fim Bilgileri Proffesyonel Estetik Cerrahi<\/title>\n<meta name=\"description\" content=\"Op.Dr.Asif Selimo\u011flu Estetik Cerrahi de Proffesyonel bir isimdir. g\u00fcvenilir bir estetik cerrahi doktor araman\u0131za gerek yok asif hoca g\u00fcvenin.\" \/>\n<meta name=\"robots\" content=\"index, follow, max-snippet:-1, max-image-preview:large, max-video-preview:-1\" \/>\n<link rel=\"canonical\" href=\"https:\/\/opdrasifselimoglu.com\/index.php\/opdrasifselimoglu-iletisim\/\" \/>\n<meta property=\"og:locale\" content=\"tr_TR\" \/>\n<meta property=\"og:type\" content=\"article\" \/>\n<meta property=\"og:title\" content=\"Asif Selimo\u011flu \u0130leti\u015fim Bilgileri Proffesyonel Estetik Cerrahi\" \/>\n<meta property=\"og:description\" content=\"Op.Dr.Asif Selimo\u011flu Estetik Cerrahi de Proffesyonel bir isimdir. g\u00fcvenilir bir estetik cerrahi doktor araman\u0131za gerek yok asif hoca g\u00fcvenin.\" \/>\n<meta property=\"og:url\" content=\"https:\/\/opdrasifselimoglu.com\/index.php\/opdrasifselimoglu-iletisim\/\" \/>\n<meta property=\"og:site_name\" content=\"Op. Dr. AS\u0130F SEL\u0130MO\u011eLU\" \/>\n<meta property=\"article:publisher\" content=\"https:\/\/www.facebook.com\/drasifselimoglu\/\" \/>\n<meta property=\"article:modified_time\" content=\"2025-06-13T16:04:45+00:00\" \/>\n<meta name=\"twitter:card\" content=\"summary_large_image\" \/>\n<meta name=\"twitter:label1\" content=\"Tahmini okuma s\u00fcresi\" \/>\n\t<meta name=\"twitter:data1\" content=\"1 dakika\" \/>\n<script type=\"application\/ld+json\" class=\"yoast-schema-graph\">{\"@context\":\"https:\/\/schema.org\",\"@graph\":[{\"@type\":\"WebPage\",\"@id\":\"https:\/\/opdrasifselimoglu.com\/index.php\/opdrasifselimoglu-iletisim\/\",\"url\":\"https:\/\/opdrasifselimoglu.com\/index.php\/opdrasifselimoglu-iletisim\/\",\"name\":\"Asif Selimo\u011flu \u0130leti\u015fim Bilgileri Proffesyonel Estetik Cerrahi\",\"isPartOf\":{\"@id\":\"https:\/\/opdrasifselimoglu.com\/#website\"},\"datePublished\":\"2020-12-22T12:17:47+00:00\",\"dateModified\":\"2025-06-13T16:04:45+00:00\",\"description\":\"Op.Dr.Asif Selimo\u011flu Estetik Cerrahi de Proffesyonel bir isimdir. g\u00fcvenilir bir estetik cerrahi doktor araman\u0131za gerek yok asif hoca g\u00fcvenin.\",\"breadcrumb\":{\"@id\":\"https:\/\/opdrasifselimoglu.com\/index.php\/opdrasifselimoglu-iletisim\/#breadcrumb\"},\"inLanguage\":\"tr\",\"potentialAction\":[{\"@type\":\"ReadAction\",\"target\":[\"https:\/\/opdrasifselimoglu.com\/index.php\/opdrasifselimoglu-iletisim\/\"]}]},{\"@type\":\"BreadcrumbList\",\"@id\":\"https:\/\/opdrasifselimoglu.com\/index.php\/opdrasifselimoglu-iletisim\/#breadcrumb\",\"itemListElement\":[{\"@type\":\"ListItem\",\"position\":1,\"name\":\"Home\",\"item\":\"https:\/\/opdrasifselimoglu.com\/\"},{\"@type\":\"ListItem\",\"position\":2,\"name\":\"\u0130leti\u015fim\"}]},{\"@type\":\"WebSite\",\"@id\":\"https:\/\/opdrasifselimoglu.com\/#website\",\"url\":\"https:\/\/opdrasifselimoglu.com\/\",\"name\":\"Op. Dr. Asif Selimo\u011flu Kulak, Burun, Bo\u011faz, Ba\u015f-Boyun Cerrahisi ve Y\u00fcz Esteti\u011fi\",\"description\":\"Kulak, Burun, Bo\u011faz, Ba\u015f-Boyun Cerrahisi ve Y\u00fcz Esteti\u011fi\",\"publisher\":{\"@id\":\"https:\/\/opdrasifselimoglu.com\/#organization\"},\"potentialAction\":[{\"@type\":\"SearchAction\",\"target\":{\"@type\":\"EntryPoint\",\"urlTemplate\":\"https:\/\/opdrasifselimoglu.com\/?s={search_term_string}\"},\"query-input\":{\"@type\":\"PropertyValueSpecification\",\"valueRequired\":true,\"valueName\":\"search_term_string\"}}],\"inLanguage\":\"tr\"},{\"@type\":\"Organization\",\"@id\":\"https:\/\/opdrasifselimoglu.com\/#organization\",\"name\":\"OP.DR.AS\u0130F SEL\u0130MO\u011eLU\",\"url\":\"https:\/\/opdrasifselimoglu.com\/\",\"logo\":{\"@type\":\"ImageObject\",\"inLanguage\":\"tr\",\"@id\":\"https:\/\/opdrasifselimoglu.com\/#\/schema\/logo\/image\/\",\"url\":\"https:\/\/opdrasifselimoglu.com\/wp-content\/uploads\/2021\/05\/cropped-asif-selimoglu_Calisma-Yuzeyi-1_130x130-1.jpg\",\"contentUrl\":\"https:\/\/opdrasifselimoglu.com\/wp-content\/uploads\/2021\/05\/cropped-asif-selimoglu_Calisma-Yuzeyi-1_130x130-1.jpg\",\"width\":130,\"height\":130,\"caption\":\"OP.DR.AS\u0130F SEL\u0130MO\u011eLU\"},\"image\":{\"@id\":\"https:\/\/opdrasifselimoglu.com\/#\/schema\/logo\/image\/\"},\"sameAs\":[\"https:\/\/www.facebook.com\/drasifselimoglu\/\",\"https:\/\/www.instagram.com\/drselimoglu\/\",\"https:\/\/tr.linkedin.com\/in\/asif-selimo\u011flu-salimov-a822a296\"]}]}<\/script>\n<!-- \/ Yoast SEO plugin. -->","yoast_head_json":{"title":"Asif Selimo\u011flu \u0130leti\u015fim Bilgileri Proffesyonel Estetik Cerrahi","description":"Op.Dr.Asif Selimo\u011flu Estetik Cerrahi de Proffesyonel bir isimdir. g\u00fcvenilir bir estetik cerrahi doktor araman\u0131za gerek yok asif hoca g\u00fcvenin.","robots":{"index":"index","follow":"follow","max-snippet":"max-snippet:-1","max-image-preview":"max-image-preview:large","max-video-preview":"max-video-preview:-1"},"canonical":"https:\/\/opdrasifselimoglu.com\/index.php\/opdrasifselimoglu-iletisim\/","og_locale":"tr_TR","og_type":"article","og_title":"Asif Selimo\u011flu \u0130leti\u015fim Bilgileri Proffesyonel Estetik Cerrahi","og_description":"Op.Dr.Asif Selimo\u011flu Estetik Cerrahi de Proffesyonel bir isimdir. g\u00fcvenilir bir estetik cerrahi doktor araman\u0131za gerek yok asif hoca g\u00fcvenin.","og_url":"https:\/\/opdrasifselimoglu.com\/index.php\/opdrasifselimoglu-iletisim\/","og_site_name":"Op. Dr. AS\u0130F SEL\u0130MO\u011eLU","article_publisher":"https:\/\/www.facebook.com\/drasifselimoglu\/","article_modified_time":"2025-06-13T16:04:45+00:00","twitter_card":"summary_large_image","twitter_misc":{"Tahmini okuma s\u00fcresi":"1 dakika"},"schema":{"@context":"https:\/\/schema.org","@graph":[{"@type":"WebPage","@id":"https:\/\/opdrasifselimoglu.com\/index.php\/opdrasifselimoglu-iletisim\/","url":"https:\/\/opdrasifselimoglu.com\/index.php\/opdrasifselimoglu-iletisim\/","name":"Asif Selimo\u011flu \u0130leti\u015fim Bilgileri Proffesyonel Estetik Cerrahi","isPartOf":{"@id":"https:\/\/opdrasifselimoglu.com\/#website"},"datePublished":"2020-12-22T12:17:47+00:00","dateModified":"2025-06-13T16:04:45+00:00","description":"Op.Dr.Asif Selimo\u011flu Estetik Cerrahi de Proffesyonel bir isimdir. g\u00fcvenilir bir estetik cerrahi doktor araman\u0131za gerek yok asif hoca g\u00fcvenin.","breadcrumb":{"@id":"https:\/\/opdrasifselimoglu.com\/index.php\/opdrasifselimoglu-iletisim\/#breadcrumb"},"inLanguage":"tr","potentialAction":[{"@type":"ReadAction","target":["https:\/\/opdrasifselimoglu.com\/index.php\/opdrasifselimoglu-iletisim\/"]}]},{"@type":"BreadcrumbList","@id":"https:\/\/opdrasifselimoglu.com\/index.php\/opdrasifselimoglu-iletisim\/#breadcrumb","itemListElement":[{"@type":"ListItem","position":1,"name":"Home","item":"https:\/\/opdrasifselimoglu.com\/"},{"@type":"ListItem","position":2,"name":"\u0130leti\u015fim"}]},{"@type":"WebSite","@id":"https:\/\/opdrasifselimoglu.com\/#website","url":"https:\/\/opdrasifselimoglu.com\/","name":"Op. Dr. Asif Selimo\u011flu Kulak, Burun, Bo\u011faz, Ba\u015f-Boyun Cerrahisi ve Y\u00fcz Esteti\u011fi","description":"Kulak, Burun, Bo\u011faz, Ba\u015f-Boyun Cerrahisi ve Y\u00fcz Esteti\u011fi","publisher":{"@id":"https:\/\/opdrasifselimoglu.com\/#organization"},"potentialAction":[{"@type":"SearchAction","target":{"@type":"EntryPoint","urlTemplate":"https:\/\/opdrasifselimoglu.com\/?s={search_term_string}"},"query-input":{"@type":"PropertyValueSpecification","valueRequired":true,"valueName":"search_term_string"}}],"inLanguage":"tr"},{"@type":"Organization","@id":"https:\/\/opdrasifselimoglu.com\/#organization","name":"OP.DR.AS\u0130F SEL\u0130MO\u011eLU","url":"https:\/\/opdrasifselimoglu.com\/","logo":{"@type":"ImageObject","inLanguage":"tr","@id":"https:\/\/opdrasifselimoglu.com\/#\/schema\/logo\/image\/","url":"https:\/\/opdrasifselimoglu.com\/wp-content\/uploads\/2021\/05\/cropped-asif-selimoglu_Calisma-Yuzeyi-1_130x130-1.jpg","contentUrl":"https:\/\/opdrasifselimoglu.com\/wp-content\/uploads\/2021\/05\/cropped-asif-selimoglu_Calisma-Yuzeyi-1_130x130-1.jpg","width":130,"height":130,"caption":"OP.DR.AS\u0130F SEL\u0130MO\u011eLU"},"image":{"@id":"https:\/\/opdrasifselimoglu.com\/#\/schema\/logo\/image\/"},"sameAs":["https:\/\/www.facebook.com\/drasifselimoglu\/","https:\/\/www.instagram.com\/drselimoglu\/","https:\/\/tr.linkedin.com\/in\/asif-selimo\u011flu-salimov-a822a296"]}]}},"_links":{"self":[{"href":"https:\/\/opdrasifselimoglu.com\/index.php\/wp-json\/wp\/v2\/pages\/257","targetHints":{"allow":["GET"]}}],"collection":[{"href":"https:\/\/opdrasifselimoglu.com\/index.php\/wp-json\/wp\/v2\/pages"}],"about":[{"href":"https:\/\/opdrasifselimoglu.com\/index.php\/wp-json\/wp\/v2\/types\/page"}],"author":[{"embeddable":true,"href":"https:\/\/opdrasifselimoglu.com\/index.php\/wp-json\/wp\/v2\/users\/1"}],"replies":[{"embeddable":true,"href":"https:\/\/opdrasifselimoglu.com\/index.php\/wp-json\/wp\/v2\/comments?post=257"}],"version-history":[{"count":39,"href":"https:\/\/opdrasifselimoglu.com\/index.php\/wp-json\/wp\/v2\/pages\/257\/revisions"}],"predecessor-version":[{"id":3208,"href":"https:\/\/opdrasifselimoglu.com\/index.php\/wp-json\/wp\/v2\/pages\/257\/revisions\/3208"}],"wp:attachment":[{"href":"https:\/\/opdrasifselimoglu.com\/index.php\/wp-json\/wp\/v2\/media?parent=257"}],"curies":[{"name":"wp","href":"https:\/\/api.w.org\/{rel}","templated":true}]}}