{"id":217,"date":"2020-12-22T11:55:13","date_gmt":"2020-12-22T11:55:13","guid":{"rendered":"https:\/\/opdrasifselimoglu.com\/?page_id=217"},"modified":"2021-03-18T13:49:43","modified_gmt":"2021-03-18T13:49:43","slug":"prp","status":"publish","type":"page","link":"https:\/\/opdrasifselimoglu.com\/index.php\/prp\/","title":{"rendered":"PRP Enjeksiyonu"},"content":{"rendered":"<p>PRP, \u0130ngilizcede &#8216;Platelet Rich Plasma&#8217; ifadesindeki kelimelerin ba\u015f harflerinden olu\u015fan ve ki\u015finin kendi kan\u0131ndan elde edilen maddenin enjeksiyonu ile yap\u0131lan tedavi \u015feklidir. Enjekte edilen madde platelet bak\u0131m\u0131ndan zenginle\u015ftirilmi\u015f plazmad\u0131r. Plazma, kan\u0131n p\u0131ht\u0131la\u015fmas\u0131na yard\u0131mc\u0131 olan ve platelet ad\u0131 verilen \u00f6zel h\u00fccreler veya ba\u015fka fakt\u00f6r ve proteinler i\u00e7eren bir kan bile\u015fenidir. Plazma ayr\u0131ca h\u00fccre b\u00fcy\u00fcmesini destekleyen \u00e7e\u015fitli proteinler de i\u00e7erir. Ara\u015ft\u0131rmac\u0131lar, plazmay\u0131 kandan izole ederek ve konsantre ederek platelet h\u00fccreleri bak\u0131m\u0131ndan daha zengin bir plazma olan PRP adl\u0131 kan bile\u015fenini elde etmi\u015ftir.<\/p>\n<p>PRP&#8217;nin zarar g\u00f6rm\u00fc\u015f dokulara enjekte edilmesi v\u00fccutta yeni, sa\u011fl\u0131kl\u0131 h\u00fccrelerin b\u00fcy\u00fcmesini te\u015fvik eder. PRP\u2019nin hasarl\u0131 dokudaki iyile\u015fmeyi destekledi\u011fi de d\u00fc\u015f\u00fcn\u00fcl\u00fcr. Doku b\u00fcy\u00fcme fakt\u00f6rleri, haz\u0131rlanan konsantre enjeksiyon maddesinde daha yo\u011fun oldu\u011fu i\u00e7in, v\u00fccut dokular\u0131ndaki iyile\u015fme h\u0131zlan\u0131r.<\/p>\n","protected":false},"excerpt":{"rendered":"<p>PRP, \u0130ngilizcede &#8216;Platelet Rich Plasma&#8217; ifadesindeki kelimelerin ba\u015f harflerinden olu\u015fan ve ki\u015finin kendi kan\u0131ndan elde edilen maddenin enjeksiyonu ile yap\u0131lan tedavi \u015feklidir. Enjekte edilen madde platelet bak\u0131m\u0131ndan zenginle\u015ftirilmi\u015f plazmad\u0131r. Plazma, kan\u0131n p\u0131ht\u0131la\u015fmas\u0131na yard\u0131mc\u0131 olan ve platelet ad\u0131 verilen \u00f6zel h\u00fccreler <a href=\"https:\/\/opdrasifselimoglu.com\/index.php\/prp\/\" class=\"read-more\">Read More &#8230;<\/a><\/p>\n","protected":false},"author":1,"featured_media":0,"parent":0,"menu_order":0,"comment_status":"closed","ping_status":"closed","template":"","meta":{"_joinchat":[],"footnotes":""},"class_list":["post-217","page","type-page","status-publish","hentry"],"yoast_head":"<!-- This site is optimized with the Yoast SEO plugin v25.3 - https:\/\/yoast.com\/wordpress\/plugins\/seo\/ -->\n<title>PRP Enjeksiyonu - Op. Dr. AS\u0130F SEL\u0130MO\u011eLU<\/title>\n<meta name=\"robots\" content=\"index, follow, max-snippet:-1, max-image-preview:large, max-video-preview:-1\" \/>\n<link rel=\"canonical\" href=\"https:\/\/opdrasifselimoglu.com\/index.php\/prp\/\" \/>\n<meta property=\"og:locale\" content=\"tr_TR\" \/>\n<meta property=\"og:type\" content=\"article\" \/>\n<meta property=\"og:title\" content=\"PRP Enjeksiyonu - Op. Dr. AS\u0130F SEL\u0130MO\u011eLU\" \/>\n<meta property=\"og:description\" content=\"PRP, \u0130ngilizcede &#8216;Platelet Rich Plasma&#8217; ifadesindeki kelimelerin ba\u015f harflerinden olu\u015fan ve ki\u015finin kendi kan\u0131ndan elde edilen maddenin enjeksiyonu ile yap\u0131lan tedavi \u015feklidir. Enjekte edilen madde platelet bak\u0131m\u0131ndan zenginle\u015ftirilmi\u015f plazmad\u0131r. Plazma, kan\u0131n p\u0131ht\u0131la\u015fmas\u0131na yard\u0131mc\u0131 olan ve platelet ad\u0131 verilen \u00f6zel h\u00fccreler Read More ...\" \/>\n<meta property=\"og:url\" content=\"https:\/\/opdrasifselimoglu.com\/index.php\/prp\/\" \/>\n<meta property=\"og:site_name\" content=\"Op. Dr. AS\u0130F SEL\u0130MO\u011eLU\" \/>\n<meta property=\"article:publisher\" content=\"https:\/\/www.facebook.com\/drasifselimoglu\/\" \/>\n<meta property=\"article:modified_time\" content=\"2021-03-18T13:49:43+00:00\" \/>\n<meta name=\"twitter:card\" content=\"summary_large_image\" \/>\n<meta name=\"twitter:label1\" content=\"Tahmini okuma s\u00fcresi\" \/>\n\t<meta name=\"twitter:data1\" content=\"1 dakika\" \/>\n<script type=\"application\/ld+json\" class=\"yoast-schema-graph\">{\"@context\":\"https:\/\/schema.org\",\"@graph\":[{\"@type\":\"WebPage\",\"@id\":\"https:\/\/opdrasifselimoglu.com\/index.php\/prp\/\",\"url\":\"https:\/\/opdrasifselimoglu.com\/index.php\/prp\/\",\"name\":\"PRP Enjeksiyonu - Op. Dr. AS\u0130F SEL\u0130MO\u011eLU\",\"isPartOf\":{\"@id\":\"https:\/\/opdrasifselimoglu.com\/#website\"},\"datePublished\":\"2020-12-22T11:55:13+00:00\",\"dateModified\":\"2021-03-18T13:49:43+00:00\",\"breadcrumb\":{\"@id\":\"https:\/\/opdrasifselimoglu.com\/index.php\/prp\/#breadcrumb\"},\"inLanguage\":\"tr\",\"potentialAction\":[{\"@type\":\"ReadAction\",\"target\":[\"https:\/\/opdrasifselimoglu.com\/index.php\/prp\/\"]}]},{\"@type\":\"BreadcrumbList\",\"@id\":\"https:\/\/opdrasifselimoglu.com\/index.php\/prp\/#breadcrumb\",\"itemListElement\":[{\"@type\":\"ListItem\",\"position\":1,\"name\":\"Home\",\"item\":\"https:\/\/opdrasifselimoglu.com\/\"},{\"@type\":\"ListItem\",\"position\":2,\"name\":\"PRP Enjeksiyonu\"}]},{\"@type\":\"WebSite\",\"@id\":\"https:\/\/opdrasifselimoglu.com\/#website\",\"url\":\"https:\/\/opdrasifselimoglu.com\/\",\"name\":\"Op. Dr. Asif Selimo\u011flu Kulak, Burun, Bo\u011faz, Ba\u015f-Boyun Cerrahisi ve Y\u00fcz Esteti\u011fi\",\"description\":\"Kulak, Burun, Bo\u011faz, Ba\u015f-Boyun Cerrahisi ve Y\u00fcz Esteti\u011fi\",\"publisher\":{\"@id\":\"https:\/\/opdrasifselimoglu.com\/#organization\"},\"potentialAction\":[{\"@type\":\"SearchAction\",\"target\":{\"@type\":\"EntryPoint\",\"urlTemplate\":\"https:\/\/opdrasifselimoglu.com\/?s={search_term_string}\"},\"query-input\":{\"@type\":\"PropertyValueSpecification\",\"valueRequired\":true,\"valueName\":\"search_term_string\"}}],\"inLanguage\":\"tr\"},{\"@type\":\"Organization\",\"@id\":\"https:\/\/opdrasifselimoglu.com\/#organization\",\"name\":\"OP.DR.AS\u0130F SEL\u0130MO\u011eLU\",\"url\":\"https:\/\/opdrasifselimoglu.com\/\",\"logo\":{\"@type\":\"ImageObject\",\"inLanguage\":\"tr\",\"@id\":\"https:\/\/opdrasifselimoglu.com\/#\/schema\/logo\/image\/\",\"url\":\"https:\/\/opdrasifselimoglu.com\/wp-content\/uploads\/2021\/05\/cropped-asif-selimoglu_Calisma-Yuzeyi-1_130x130-1.jpg\",\"contentUrl\":\"https:\/\/opdrasifselimoglu.com\/wp-content\/uploads\/2021\/05\/cropped-asif-selimoglu_Calisma-Yuzeyi-1_130x130-1.jpg\",\"width\":130,\"height\":130,\"caption\":\"OP.DR.AS\u0130F SEL\u0130MO\u011eLU\"},\"image\":{\"@id\":\"https:\/\/opdrasifselimoglu.com\/#\/schema\/logo\/image\/\"},\"sameAs\":[\"https:\/\/www.facebook.com\/drasifselimoglu\/\",\"https:\/\/www.instagram.com\/drselimoglu\/\",\"https:\/\/tr.linkedin.com\/in\/asif-selimo\u011flu-salimov-a822a296\"]}]}<\/script>\n<!-- \/ Yoast SEO plugin. -->","yoast_head_json":{"title":"PRP Enjeksiyonu - Op. Dr. AS\u0130F SEL\u0130MO\u011eLU","robots":{"index":"index","follow":"follow","max-snippet":"max-snippet:-1","max-image-preview":"max-image-preview:large","max-video-preview":"max-video-preview:-1"},"canonical":"https:\/\/opdrasifselimoglu.com\/index.php\/prp\/","og_locale":"tr_TR","og_type":"article","og_title":"PRP Enjeksiyonu - Op. Dr. AS\u0130F SEL\u0130MO\u011eLU","og_description":"PRP, \u0130ngilizcede &#8216;Platelet Rich Plasma&#8217; ifadesindeki kelimelerin ba\u015f harflerinden olu\u015fan ve ki\u015finin kendi kan\u0131ndan elde edilen maddenin enjeksiyonu ile yap\u0131lan tedavi \u015feklidir. Enjekte edilen madde platelet bak\u0131m\u0131ndan zenginle\u015ftirilmi\u015f plazmad\u0131r. Plazma, kan\u0131n p\u0131ht\u0131la\u015fmas\u0131na yard\u0131mc\u0131 olan ve platelet ad\u0131 verilen \u00f6zel h\u00fccreler Read More ...","og_url":"https:\/\/opdrasifselimoglu.com\/index.php\/prp\/","og_site_name":"Op. Dr. AS\u0130F SEL\u0130MO\u011eLU","article_publisher":"https:\/\/www.facebook.com\/drasifselimoglu\/","article_modified_time":"2021-03-18T13:49:43+00:00","twitter_card":"summary_large_image","twitter_misc":{"Tahmini okuma s\u00fcresi":"1 dakika"},"schema":{"@context":"https:\/\/schema.org","@graph":[{"@type":"WebPage","@id":"https:\/\/opdrasifselimoglu.com\/index.php\/prp\/","url":"https:\/\/opdrasifselimoglu.com\/index.php\/prp\/","name":"PRP Enjeksiyonu - Op. Dr. AS\u0130F SEL\u0130MO\u011eLU","isPartOf":{"@id":"https:\/\/opdrasifselimoglu.com\/#website"},"datePublished":"2020-12-22T11:55:13+00:00","dateModified":"2021-03-18T13:49:43+00:00","breadcrumb":{"@id":"https:\/\/opdrasifselimoglu.com\/index.php\/prp\/#breadcrumb"},"inLanguage":"tr","potentialAction":[{"@type":"ReadAction","target":["https:\/\/opdrasifselimoglu.com\/index.php\/prp\/"]}]},{"@type":"BreadcrumbList","@id":"https:\/\/opdrasifselimoglu.com\/index.php\/prp\/#breadcrumb","itemListElement":[{"@type":"ListItem","position":1,"name":"Home","item":"https:\/\/opdrasifselimoglu.com\/"},{"@type":"ListItem","position":2,"name":"PRP Enjeksiyonu"}]},{"@type":"WebSite","@id":"https:\/\/opdrasifselimoglu.com\/#website","url":"https:\/\/opdrasifselimoglu.com\/","name":"Op. Dr. Asif Selimo\u011flu Kulak, Burun, Bo\u011faz, Ba\u015f-Boyun Cerrahisi ve Y\u00fcz Esteti\u011fi","description":"Kulak, Burun, Bo\u011faz, Ba\u015f-Boyun Cerrahisi ve Y\u00fcz Esteti\u011fi","publisher":{"@id":"https:\/\/opdrasifselimoglu.com\/#organization"},"potentialAction":[{"@type":"SearchAction","target":{"@type":"EntryPoint","urlTemplate":"https:\/\/opdrasifselimoglu.com\/?s={search_term_string}"},"query-input":{"@type":"PropertyValueSpecification","valueRequired":true,"valueName":"search_term_string"}}],"inLanguage":"tr"},{"@type":"Organization","@id":"https:\/\/opdrasifselimoglu.com\/#organization","name":"OP.DR.AS\u0130F SEL\u0130MO\u011eLU","url":"https:\/\/opdrasifselimoglu.com\/","logo":{"@type":"ImageObject","inLanguage":"tr","@id":"https:\/\/opdrasifselimoglu.com\/#\/schema\/logo\/image\/","url":"https:\/\/opdrasifselimoglu.com\/wp-content\/uploads\/2021\/05\/cropped-asif-selimoglu_Calisma-Yuzeyi-1_130x130-1.jpg","contentUrl":"https:\/\/opdrasifselimoglu.com\/wp-content\/uploads\/2021\/05\/cropped-asif-selimoglu_Calisma-Yuzeyi-1_130x130-1.jpg","width":130,"height":130,"caption":"OP.DR.AS\u0130F SEL\u0130MO\u011eLU"},"image":{"@id":"https:\/\/opdrasifselimoglu.com\/#\/schema\/logo\/image\/"},"sameAs":["https:\/\/www.facebook.com\/drasifselimoglu\/","https:\/\/www.instagram.com\/drselimoglu\/","https:\/\/tr.linkedin.com\/in\/asif-selimo\u011flu-salimov-a822a296"]}]}},"_links":{"self":[{"href":"https:\/\/opdrasifselimoglu.com\/index.php\/wp-json\/wp\/v2\/pages\/217","targetHints":{"allow":["GET"]}}],"collection":[{"href":"https:\/\/opdrasifselimoglu.com\/index.php\/wp-json\/wp\/v2\/pages"}],"about":[{"href":"https:\/\/opdrasifselimoglu.com\/index.php\/wp-json\/wp\/v2\/types\/page"}],"author":[{"embeddable":true,"href":"https:\/\/opdrasifselimoglu.com\/index.php\/wp-json\/wp\/v2\/users\/1"}],"replies":[{"embeddable":true,"href":"https:\/\/opdrasifselimoglu.com\/index.php\/wp-json\/wp\/v2\/comments?post=217"}],"version-history":[{"count":3,"href":"https:\/\/opdrasifselimoglu.com\/index.php\/wp-json\/wp\/v2\/pages\/217\/revisions"}],"predecessor-version":[{"id":3115,"href":"https:\/\/opdrasifselimoglu.com\/index.php\/wp-json\/wp\/v2\/pages\/217\/revisions\/3115"}],"wp:attachment":[{"href":"https:\/\/opdrasifselimoglu.com\/index.php\/wp-json\/wp\/v2\/media?parent=217"}],"curies":[{"name":"wp","href":"https:\/\/api.w.org\/{rel}","templated":true}]}}