{"id":216,"date":"2020-12-22T11:55:13","date_gmt":"2020-12-22T11:55:13","guid":{"rendered":"https:\/\/opdrasifselimoglu.com\/?page_id=216"},"modified":"2021-03-18T13:39:57","modified_gmt":"2021-03-18T13:39:57","slug":"dolgu","status":"publish","type":"page","link":"https:\/\/opdrasifselimoglu.com\/index.php\/dolgu\/","title":{"rendered":"Dolgu Enjeksiyonu"},"content":{"rendered":"<p>Plastik cerrahideki geli\u015fmeler sonucunda ortaya \u00e7\u0131kan yeni tedavi y\u00f6ntemleri ya\u015fl\u0131l\u0131\u011f\u0131n belirtileriyle sava\u015fmada etkilerini g\u00f6stermi\u015flerdir. Ciltteki k\u0131r\u0131\u015f\u0131kl\u0131klar\u0131 doldurmak ve d\u00fczle\u015ftirmek i\u00e7in deri alt\u0131na enjekte edilen dermal dolgular bu tedavi y\u00f6ntemlerinden en yayg\u0131n\u0131d\u0131r. Dermal dolgular y\u00fczde kullan\u0131ld\u0131\u011f\u0131 gibi lazer cilt yenileme y\u00f6ntemiyle birlikte ellerde de kullan\u0131labilir. B\u00f6ylece y\u00fcz ve eller ayn\u0131 ya\u015fta g\u00f6r\u00fcn\u00fcr.<\/p>\n<p>Dermal dolgular kal\u0131c\u0131 olmayan bir tedavi t\u00fcr\u00fcd\u00fcr, bu y\u00fczden etkilerini s\u00fcrd\u00fcrmesi i\u00e7in tekrar tekrar yap\u0131lmas\u0131n\u0131 gerekir. Ayr\u0131ca \u00e7ok sark\u0131k ciltlere uyguland\u0131\u011f\u0131nda da di\u011ferlerine oranla etkisiz kalacakt\u0131r. Bu gibi durumlarda y\u00fcz gerdirmesi tedavisi daha uygun olur.<\/p>\n<p>G\u00fcn\u00fcm\u00fczde estetik cerrahide dermal dolgulardan birisi de hyaluronik asit dolgulard\u0131r.<\/p>\n<h2><b>Hyaluronik Asit Nedir?<\/b><\/h2>\n<p>Kolajene alternatif olan en yayg\u0131n di\u011fer dermal dolgu hyaluronik asit de y\u00fczdeki k\u0131r\u0131\u015f\u0131kl\u0131klar\u0131n ve \u00e7izgilerin tedavisinde kullan\u0131l\u0131r. Hyaluronik asit, biyolojik olarak bozunabilen, hayvansal kaynakl\u0131 olmayan, dengelenmi\u015f hyaluronik asitten yap\u0131l\u0131r. Bu asit deride do\u011fal olarak bulunur ve cilde dolgunluk ve hacim verir. Ya\u015f ilerledik\u00e7e derideki hyaluronik asit miktar\u0131 da azalmaya ve ya\u015fl\u0131l\u0131k belirtileri daha da belirginle\u015fmeye ba\u015flar. Hyaluronik asit enjeksiyonlar\u0131n\u0131n cilt tedavisinde bu kadar etkili olmas\u0131n\u0131n sebebi de derideki hyaluronik asit seviyesini artt\u0131rmas\u0131d\u0131r. Hyaluronik asit \u00e7evredeki nemi emerek geni\u015fledi\u011fi i\u00e7in enjekte edildi\u011finde \u00e7izgileri ve k\u0131r\u0131\u015f\u0131kl\u0131klar\u0131 d\u00fczle\u015ftiren ve cildi dolgunla\u015ft\u0131ran bir etkisi olur.<\/p>\n<h3><b>Hyaluronik Asit Y\u00fcz Dolgusu \u00d6zellikleri Nelerdir?<\/b><\/h3>\n<p>Hyaluronik asit enjeksiyonlar\u0131 kolajen enjeksiyonlar\u0131ndan daha uzun s\u00fcre etkisini korumaya e\u011filimlidir. Genel olarak hyaluronik&nbsp;enjeksiyonunun etkisi 6 ila 12 ay s\u00fcrer. Bu sayede etkinin s\u00fcreklili\u011fini sa\u011flamak i\u00e7in \u00e7ok tedaviyi \u00e7ok fazla tekrarlamak zorunda kalmazs\u0131n\u0131z. Ayr\u0131ca hyaluronik asit cildi nemle \u015fi\u015ferek i\u00e7erden dolgunla\u015ft\u0131rd\u0131\u011f\u0131 i\u00e7in botoks ya da baz\u0131 y\u00fcz gerdirme operasyonlar\u0131na nazaran daha do\u011fal g\u00f6r\u00fcnen sonu\u00e7lar verir. Bu da hyaluronik asiti \u00f6zellikle dudak dolgunla\u015ft\u0131rmada, nezolobial \u00e7izgileri d\u00fczg\u00fcnle\u015ftirmede, \u00e7enenin g\u00f6r\u00fcn\u00fc\u015f\u00fcn\u00fc ve konturunu d\u00fczeltmede tercih edilen bir tedavi yapar.<\/p>\n<p>Hyaluronik asitin bir di\u011fer avantaj\u0131 ise hayvansal \u00fcr\u00fcn olmamas\u0131d\u0131r. Bu y\u00fczden kolajen enjeksiyonunda olabildi\u011fi gibi alerjik reaksiyonlara sebep olmaz. Yine ayn\u0131 sebeple tedaviden \u00f6nce alerji ve cilt testi yap\u0131lmas\u0131 gerekmez.<\/p>\n<p>Ancak hyaluronik asit tedavisi kolajen enjeksiyonundan biraz daha ac\u0131l\u0131 oldu\u011fu i\u00e7in \u00e7o\u011funlukla lokal anestezi gerektirir. Bu da tedavi fiyat\u0131n\u0131 nispeten y\u00fckseltebilir.<\/p>\n<p><b>Tedavi sonras\u0131 cilt bak\u0131m\u0131 nas\u0131ld\u0131r?<\/b><\/p>\n<p>Tedaviden sonraki birka\u00e7 g\u00fcn y\u00fcz\u00fcn\u00fcz biraz \u015fi\u015fkin, k\u0131zar\u0131k olabilir ve enjeksiyon b\u00f6lgeleri hafif\u00e7e ac\u0131yabilir. Bu s\u00fcre boyunca enfeksiyon riskini azaltmak i\u00e7in cildinizi m\u00fcmk\u00fcn oldu\u011funca temiz tutmal\u0131s\u0131n\u0131z. K\u0131zar\u0131kl\u0131kla ba\u015fa \u00e7\u0131kmak i\u00e7in ise y\u00fcz\u00fcn\u00fcze do\u011fal iltihap \u00f6nleyici ya\u011flar s\u00fcrebilirsiniz. Emu ya\u011f\u0131n\u0131n bu konuda ba\u015far\u0131l\u0131 oldu\u011fu bilinmektedir.<\/p>\n<p>Uzun vadede amac\u0131n\u0131z ise derinizdeki hyaluronik asit miktar\u0131n\u0131 olabildi\u011fince y\u00fcksek tutmak olmal\u0131d\u0131r. Hyaluronik asit deride bulunan hyaluronidaz enzimi ile par\u00e7alanabilmektedir. E\u011fer bu enzimin hyaluronik asidi par\u00e7alamas\u0131n\u0131 \u00f6nleyebilirseniz enjeksiyonun etkileri \u00e7ok daha uzun s\u00fcrecektir. Bunu yapman\u0131n bir yolu i\u00e7inde Phytessence Wakame \u00f6z\u00fc i\u00e7eren y\u00fcz kremleri kullanmakt\u0131r. Bir Japon deniz yosunundan al\u0131nan bu \u00f6z\u00fct hyaluronidaz aktivitesini azaltarak cildinizdeki hyaluronik asit miktar\u0131n\u0131 koruman\u0131zda yard\u0131mc\u0131 olacakt\u0131r. Bu \u00f6z\u00fc \u015fu isimlerle de bulabilirsiniz: Undaria pinnatifida, wakame yosunu, Japon kahverengi yosunu \u00f6z\u00fct\u00fc, fucodian ya da fucoxanthin. Bu y\u00f6ntemin yan\u0131 s\u0131ra hyaluronik asit takviyeleri alarak da cildinizdeki miktar\u0131n\u0131 belli bir d\u00fczeyde tutabilirsiniz.<\/p>\n","protected":false},"excerpt":{"rendered":"<p>Plastik cerrahideki geli\u015fmeler sonucunda ortaya \u00e7\u0131kan yeni tedavi y\u00f6ntemleri ya\u015fl\u0131l\u0131\u011f\u0131n belirtileriyle sava\u015fmada etkilerini g\u00f6stermi\u015flerdir. Ciltteki k\u0131r\u0131\u015f\u0131kl\u0131klar\u0131 doldurmak ve d\u00fczle\u015ftirmek i\u00e7in deri alt\u0131na enjekte edilen dermal dolgular bu tedavi y\u00f6ntemlerinden en yayg\u0131n\u0131d\u0131r. Dermal dolgular y\u00fczde kullan\u0131ld\u0131\u011f\u0131 gibi lazer cilt yenileme y\u00f6ntemiyle <a href=\"https:\/\/opdrasifselimoglu.com\/index.php\/dolgu\/\" class=\"read-more\">Read More &#8230;<\/a><\/p>\n","protected":false},"author":1,"featured_media":0,"parent":0,"menu_order":0,"comment_status":"closed","ping_status":"closed","template":"","meta":{"_joinchat":[],"footnotes":""},"class_list":["post-216","page","type-page","status-publish","hentry"],"yoast_head":"<!-- This site is optimized with the Yoast SEO plugin v25.3 - https:\/\/yoast.com\/wordpress\/plugins\/seo\/ -->\n<title>Dolgu Enjeksiyonu - Op. Dr. AS\u0130F SEL\u0130MO\u011eLU<\/title>\n<meta name=\"robots\" content=\"index, follow, max-snippet:-1, max-image-preview:large, max-video-preview:-1\" \/>\n<link rel=\"canonical\" href=\"https:\/\/opdrasifselimoglu.com\/index.php\/dolgu\/\" \/>\n<meta property=\"og:locale\" content=\"tr_TR\" \/>\n<meta property=\"og:type\" content=\"article\" \/>\n<meta property=\"og:title\" content=\"Dolgu Enjeksiyonu - Op. Dr. AS\u0130F SEL\u0130MO\u011eLU\" \/>\n<meta property=\"og:description\" content=\"Plastik cerrahideki geli\u015fmeler sonucunda ortaya \u00e7\u0131kan yeni tedavi y\u00f6ntemleri ya\u015fl\u0131l\u0131\u011f\u0131n belirtileriyle sava\u015fmada etkilerini g\u00f6stermi\u015flerdir. Ciltteki k\u0131r\u0131\u015f\u0131kl\u0131klar\u0131 doldurmak ve d\u00fczle\u015ftirmek i\u00e7in deri alt\u0131na enjekte edilen dermal dolgular bu tedavi y\u00f6ntemlerinden en yayg\u0131n\u0131d\u0131r. Dermal dolgular y\u00fczde kullan\u0131ld\u0131\u011f\u0131 gibi lazer cilt yenileme y\u00f6ntemiyle Read More ...\" \/>\n<meta property=\"og:url\" content=\"https:\/\/opdrasifselimoglu.com\/index.php\/dolgu\/\" \/>\n<meta property=\"og:site_name\" content=\"Op. Dr. AS\u0130F SEL\u0130MO\u011eLU\" \/>\n<meta property=\"article:publisher\" content=\"https:\/\/www.facebook.com\/drasifselimoglu\/\" \/>\n<meta property=\"article:modified_time\" content=\"2021-03-18T13:39:57+00:00\" \/>\n<meta name=\"twitter:card\" content=\"summary_large_image\" \/>\n<meta name=\"twitter:label1\" content=\"Tahmini okuma s\u00fcresi\" \/>\n\t<meta name=\"twitter:data1\" content=\"3 dakika\" \/>\n<script type=\"application\/ld+json\" class=\"yoast-schema-graph\">{\"@context\":\"https:\/\/schema.org\",\"@graph\":[{\"@type\":\"WebPage\",\"@id\":\"https:\/\/opdrasifselimoglu.com\/index.php\/dolgu\/\",\"url\":\"https:\/\/opdrasifselimoglu.com\/index.php\/dolgu\/\",\"name\":\"Dolgu Enjeksiyonu - Op. Dr. AS\u0130F SEL\u0130MO\u011eLU\",\"isPartOf\":{\"@id\":\"https:\/\/opdrasifselimoglu.com\/#website\"},\"datePublished\":\"2020-12-22T11:55:13+00:00\",\"dateModified\":\"2021-03-18T13:39:57+00:00\",\"breadcrumb\":{\"@id\":\"https:\/\/opdrasifselimoglu.com\/index.php\/dolgu\/#breadcrumb\"},\"inLanguage\":\"tr\",\"potentialAction\":[{\"@type\":\"ReadAction\",\"target\":[\"https:\/\/opdrasifselimoglu.com\/index.php\/dolgu\/\"]}]},{\"@type\":\"BreadcrumbList\",\"@id\":\"https:\/\/opdrasifselimoglu.com\/index.php\/dolgu\/#breadcrumb\",\"itemListElement\":[{\"@type\":\"ListItem\",\"position\":1,\"name\":\"Home\",\"item\":\"https:\/\/opdrasifselimoglu.com\/\"},{\"@type\":\"ListItem\",\"position\":2,\"name\":\"Dolgu Enjeksiyonu\"}]},{\"@type\":\"WebSite\",\"@id\":\"https:\/\/opdrasifselimoglu.com\/#website\",\"url\":\"https:\/\/opdrasifselimoglu.com\/\",\"name\":\"Op. Dr. Asif Selimo\u011flu Kulak, Burun, Bo\u011faz, Ba\u015f-Boyun Cerrahisi ve Y\u00fcz Esteti\u011fi\",\"description\":\"Kulak, Burun, Bo\u011faz, Ba\u015f-Boyun Cerrahisi ve Y\u00fcz Esteti\u011fi\",\"publisher\":{\"@id\":\"https:\/\/opdrasifselimoglu.com\/#organization\"},\"potentialAction\":[{\"@type\":\"SearchAction\",\"target\":{\"@type\":\"EntryPoint\",\"urlTemplate\":\"https:\/\/opdrasifselimoglu.com\/?s={search_term_string}\"},\"query-input\":{\"@type\":\"PropertyValueSpecification\",\"valueRequired\":true,\"valueName\":\"search_term_string\"}}],\"inLanguage\":\"tr\"},{\"@type\":\"Organization\",\"@id\":\"https:\/\/opdrasifselimoglu.com\/#organization\",\"name\":\"OP.DR.AS\u0130F SEL\u0130MO\u011eLU\",\"url\":\"https:\/\/opdrasifselimoglu.com\/\",\"logo\":{\"@type\":\"ImageObject\",\"inLanguage\":\"tr\",\"@id\":\"https:\/\/opdrasifselimoglu.com\/#\/schema\/logo\/image\/\",\"url\":\"https:\/\/opdrasifselimoglu.com\/wp-content\/uploads\/2021\/05\/cropped-asif-selimoglu_Calisma-Yuzeyi-1_130x130-1.jpg\",\"contentUrl\":\"https:\/\/opdrasifselimoglu.com\/wp-content\/uploads\/2021\/05\/cropped-asif-selimoglu_Calisma-Yuzeyi-1_130x130-1.jpg\",\"width\":130,\"height\":130,\"caption\":\"OP.DR.AS\u0130F SEL\u0130MO\u011eLU\"},\"image\":{\"@id\":\"https:\/\/opdrasifselimoglu.com\/#\/schema\/logo\/image\/\"},\"sameAs\":[\"https:\/\/www.facebook.com\/drasifselimoglu\/\",\"https:\/\/www.instagram.com\/drselimoglu\/\",\"https:\/\/tr.linkedin.com\/in\/asif-selimo\u011flu-salimov-a822a296\"]}]}<\/script>\n<!-- \/ Yoast SEO plugin. -->","yoast_head_json":{"title":"Dolgu Enjeksiyonu - Op. Dr. AS\u0130F SEL\u0130MO\u011eLU","robots":{"index":"index","follow":"follow","max-snippet":"max-snippet:-1","max-image-preview":"max-image-preview:large","max-video-preview":"max-video-preview:-1"},"canonical":"https:\/\/opdrasifselimoglu.com\/index.php\/dolgu\/","og_locale":"tr_TR","og_type":"article","og_title":"Dolgu Enjeksiyonu - Op. Dr. AS\u0130F SEL\u0130MO\u011eLU","og_description":"Plastik cerrahideki geli\u015fmeler sonucunda ortaya \u00e7\u0131kan yeni tedavi y\u00f6ntemleri ya\u015fl\u0131l\u0131\u011f\u0131n belirtileriyle sava\u015fmada etkilerini g\u00f6stermi\u015flerdir. Ciltteki k\u0131r\u0131\u015f\u0131kl\u0131klar\u0131 doldurmak ve d\u00fczle\u015ftirmek i\u00e7in deri alt\u0131na enjekte edilen dermal dolgular bu tedavi y\u00f6ntemlerinden en yayg\u0131n\u0131d\u0131r. Dermal dolgular y\u00fczde kullan\u0131ld\u0131\u011f\u0131 gibi lazer cilt yenileme y\u00f6ntemiyle Read More ...","og_url":"https:\/\/opdrasifselimoglu.com\/index.php\/dolgu\/","og_site_name":"Op. Dr. AS\u0130F SEL\u0130MO\u011eLU","article_publisher":"https:\/\/www.facebook.com\/drasifselimoglu\/","article_modified_time":"2021-03-18T13:39:57+00:00","twitter_card":"summary_large_image","twitter_misc":{"Tahmini okuma s\u00fcresi":"3 dakika"},"schema":{"@context":"https:\/\/schema.org","@graph":[{"@type":"WebPage","@id":"https:\/\/opdrasifselimoglu.com\/index.php\/dolgu\/","url":"https:\/\/opdrasifselimoglu.com\/index.php\/dolgu\/","name":"Dolgu Enjeksiyonu - Op. Dr. AS\u0130F SEL\u0130MO\u011eLU","isPartOf":{"@id":"https:\/\/opdrasifselimoglu.com\/#website"},"datePublished":"2020-12-22T11:55:13+00:00","dateModified":"2021-03-18T13:39:57+00:00","breadcrumb":{"@id":"https:\/\/opdrasifselimoglu.com\/index.php\/dolgu\/#breadcrumb"},"inLanguage":"tr","potentialAction":[{"@type":"ReadAction","target":["https:\/\/opdrasifselimoglu.com\/index.php\/dolgu\/"]}]},{"@type":"BreadcrumbList","@id":"https:\/\/opdrasifselimoglu.com\/index.php\/dolgu\/#breadcrumb","itemListElement":[{"@type":"ListItem","position":1,"name":"Home","item":"https:\/\/opdrasifselimoglu.com\/"},{"@type":"ListItem","position":2,"name":"Dolgu Enjeksiyonu"}]},{"@type":"WebSite","@id":"https:\/\/opdrasifselimoglu.com\/#website","url":"https:\/\/opdrasifselimoglu.com\/","name":"Op. Dr. Asif Selimo\u011flu Kulak, Burun, Bo\u011faz, Ba\u015f-Boyun Cerrahisi ve Y\u00fcz Esteti\u011fi","description":"Kulak, Burun, Bo\u011faz, Ba\u015f-Boyun Cerrahisi ve Y\u00fcz Esteti\u011fi","publisher":{"@id":"https:\/\/opdrasifselimoglu.com\/#organization"},"potentialAction":[{"@type":"SearchAction","target":{"@type":"EntryPoint","urlTemplate":"https:\/\/opdrasifselimoglu.com\/?s={search_term_string}"},"query-input":{"@type":"PropertyValueSpecification","valueRequired":true,"valueName":"search_term_string"}}],"inLanguage":"tr"},{"@type":"Organization","@id":"https:\/\/opdrasifselimoglu.com\/#organization","name":"OP.DR.AS\u0130F SEL\u0130MO\u011eLU","url":"https:\/\/opdrasifselimoglu.com\/","logo":{"@type":"ImageObject","inLanguage":"tr","@id":"https:\/\/opdrasifselimoglu.com\/#\/schema\/logo\/image\/","url":"https:\/\/opdrasifselimoglu.com\/wp-content\/uploads\/2021\/05\/cropped-asif-selimoglu_Calisma-Yuzeyi-1_130x130-1.jpg","contentUrl":"https:\/\/opdrasifselimoglu.com\/wp-content\/uploads\/2021\/05\/cropped-asif-selimoglu_Calisma-Yuzeyi-1_130x130-1.jpg","width":130,"height":130,"caption":"OP.DR.AS\u0130F SEL\u0130MO\u011eLU"},"image":{"@id":"https:\/\/opdrasifselimoglu.com\/#\/schema\/logo\/image\/"},"sameAs":["https:\/\/www.facebook.com\/drasifselimoglu\/","https:\/\/www.instagram.com\/drselimoglu\/","https:\/\/tr.linkedin.com\/in\/asif-selimo\u011flu-salimov-a822a296"]}]}},"_links":{"self":[{"href":"https:\/\/opdrasifselimoglu.com\/index.php\/wp-json\/wp\/v2\/pages\/216","targetHints":{"allow":["GET"]}}],"collection":[{"href":"https:\/\/opdrasifselimoglu.com\/index.php\/wp-json\/wp\/v2\/pages"}],"about":[{"href":"https:\/\/opdrasifselimoglu.com\/index.php\/wp-json\/wp\/v2\/types\/page"}],"author":[{"embeddable":true,"href":"https:\/\/opdrasifselimoglu.com\/index.php\/wp-json\/wp\/v2\/users\/1"}],"replies":[{"embeddable":true,"href":"https:\/\/opdrasifselimoglu.com\/index.php\/wp-json\/wp\/v2\/comments?post=216"}],"version-history":[{"count":6,"href":"https:\/\/opdrasifselimoglu.com\/index.php\/wp-json\/wp\/v2\/pages\/216\/revisions"}],"predecessor-version":[{"id":3113,"href":"https:\/\/opdrasifselimoglu.com\/index.php\/wp-json\/wp\/v2\/pages\/216\/revisions\/3113"}],"wp:attachment":[{"href":"https:\/\/opdrasifselimoglu.com\/index.php\/wp-json\/wp\/v2\/media?parent=216"}],"curies":[{"name":"wp","href":"https:\/\/api.w.org\/{rel}","templated":true}]}}