{"id":210,"date":"2020-12-22T11:55:13","date_gmt":"2020-12-22T11:55:13","guid":{"rendered":"https:\/\/opdrasifselimoglu.com\/?page_id=210"},"modified":"2021-02-17T10:20:19","modified_gmt":"2021-02-17T10:20:19","slug":"timpanolasti","status":"publish","type":"page","link":"https:\/\/opdrasifselimoglu.com\/index.php\/timpanolasti\/","title":{"rendered":"Timpanoplasti"},"content":{"rendered":"<p>Orta kulakta, kulak zar\u0131n\u0131n arkas\u0131nda bulunan ve i\u015fitmeyi sa\u011flayan \u00e7eki\u00e7, \u00f6rs ve \u00fczengi ad\u0131ndaki yap\u0131lar\u0131n bulundu\u011fu hava dolu alan olan \u00f6staki borusu ad\u0131 verilen kanal ile burnun arkas\u0131na ve bo\u011faz yoluna a\u00e7\u0131l\u0131r.Kulak; d\u0131\u015f, i\u00e7 ve orta kulak k\u0131s\u0131mlar\u0131ndan olu\u015fur. Orta kulakta, kulak zar\u0131n\u0131n arkas\u0131nda bulunan ve i\u015fitmeyi sa\u011flayan \u00e7eki\u00e7, \u00f6rs ve \u00fczengi ad\u0131ndaki yap\u0131lar\u0131n bulundu\u011fu hava dolu alan olan \u00f6staki borusu ad\u0131 verilen kanal ile burnun arkas\u0131na ve bo\u011faz yoluna a\u00e7\u0131l\u0131r. Yutkunma ile beraber \u00f6staki borusundan orta kula\u011fa hava giri\u015fi sa\u011flan\u0131r. Baz\u0131 durumlarda hem yeti\u015fkinlerde hem de \u00e7ocuklarda orta kulak iltihab\u0131 g\u00f6r\u00fclebilir.<\/p>\n","protected":false},"excerpt":{"rendered":"<p>Orta kulakta, kulak zar\u0131n\u0131n arkas\u0131nda bulunan ve i\u015fitmeyi sa\u011flayan \u00e7eki\u00e7, \u00f6rs ve \u00fczengi ad\u0131ndaki yap\u0131lar\u0131n bulundu\u011fu hava dolu alan olan \u00f6staki borusu ad\u0131 verilen kanal ile burnun arkas\u0131na ve bo\u011faz yoluna a\u00e7\u0131l\u0131r.Kulak; d\u0131\u015f, i\u00e7 ve orta kulak k\u0131s\u0131mlar\u0131ndan olu\u015fur. Orta <a href=\"https:\/\/opdrasifselimoglu.com\/index.php\/timpanolasti\/\" class=\"read-more\">Read More &#8230;<\/a><\/p>\n","protected":false},"author":1,"featured_media":0,"parent":0,"menu_order":0,"comment_status":"closed","ping_status":"closed","template":"","meta":{"_joinchat":[],"footnotes":""},"class_list":["post-210","page","type-page","status-publish","hentry"],"yoast_head":"<!-- This site is optimized with the Yoast SEO plugin v25.3 - https:\/\/yoast.com\/wordpress\/plugins\/seo\/ -->\n<title>Timpanoplasti - Op. Dr. AS\u0130F SEL\u0130MO\u011eLU<\/title>\n<meta name=\"robots\" content=\"index, follow, max-snippet:-1, max-image-preview:large, max-video-preview:-1\" \/>\n<link rel=\"canonical\" href=\"https:\/\/opdrasifselimoglu.com\/index.php\/timpanolasti\/\" \/>\n<meta property=\"og:locale\" content=\"tr_TR\" \/>\n<meta property=\"og:type\" content=\"article\" \/>\n<meta property=\"og:title\" content=\"Timpanoplasti - Op. Dr. AS\u0130F SEL\u0130MO\u011eLU\" \/>\n<meta property=\"og:description\" content=\"Orta kulakta, kulak zar\u0131n\u0131n arkas\u0131nda bulunan ve i\u015fitmeyi sa\u011flayan \u00e7eki\u00e7, \u00f6rs ve \u00fczengi ad\u0131ndaki yap\u0131lar\u0131n bulundu\u011fu hava dolu alan olan \u00f6staki borusu ad\u0131 verilen kanal ile burnun arkas\u0131na ve bo\u011faz yoluna a\u00e7\u0131l\u0131r.Kulak; d\u0131\u015f, i\u00e7 ve orta kulak k\u0131s\u0131mlar\u0131ndan olu\u015fur. Orta Read More ...\" \/>\n<meta property=\"og:url\" content=\"https:\/\/opdrasifselimoglu.com\/index.php\/timpanolasti\/\" \/>\n<meta property=\"og:site_name\" content=\"Op. Dr. AS\u0130F SEL\u0130MO\u011eLU\" \/>\n<meta property=\"article:publisher\" content=\"https:\/\/www.facebook.com\/drasifselimoglu\/\" \/>\n<meta property=\"article:modified_time\" content=\"2021-02-17T10:20:19+00:00\" \/>\n<meta name=\"twitter:card\" content=\"summary_large_image\" \/>\n<meta name=\"twitter:label1\" content=\"Tahmini okuma s\u00fcresi\" \/>\n\t<meta name=\"twitter:data1\" content=\"1 dakika\" \/>\n<script type=\"application\/ld+json\" class=\"yoast-schema-graph\">{\"@context\":\"https:\/\/schema.org\",\"@graph\":[{\"@type\":\"WebPage\",\"@id\":\"https:\/\/opdrasifselimoglu.com\/index.php\/timpanolasti\/\",\"url\":\"https:\/\/opdrasifselimoglu.com\/index.php\/timpanolasti\/\",\"name\":\"Timpanoplasti - Op. Dr. AS\u0130F SEL\u0130MO\u011eLU\",\"isPartOf\":{\"@id\":\"https:\/\/opdrasifselimoglu.com\/#website\"},\"datePublished\":\"2020-12-22T11:55:13+00:00\",\"dateModified\":\"2021-02-17T10:20:19+00:00\",\"breadcrumb\":{\"@id\":\"https:\/\/opdrasifselimoglu.com\/index.php\/timpanolasti\/#breadcrumb\"},\"inLanguage\":\"tr\",\"potentialAction\":[{\"@type\":\"ReadAction\",\"target\":[\"https:\/\/opdrasifselimoglu.com\/index.php\/timpanolasti\/\"]}]},{\"@type\":\"BreadcrumbList\",\"@id\":\"https:\/\/opdrasifselimoglu.com\/index.php\/timpanolasti\/#breadcrumb\",\"itemListElement\":[{\"@type\":\"ListItem\",\"position\":1,\"name\":\"Home\",\"item\":\"https:\/\/opdrasifselimoglu.com\/\"},{\"@type\":\"ListItem\",\"position\":2,\"name\":\"Timpanoplasti\"}]},{\"@type\":\"WebSite\",\"@id\":\"https:\/\/opdrasifselimoglu.com\/#website\",\"url\":\"https:\/\/opdrasifselimoglu.com\/\",\"name\":\"Op. Dr. Asif Selimo\u011flu Kulak, Burun, Bo\u011faz, Ba\u015f-Boyun Cerrahisi ve Y\u00fcz Esteti\u011fi\",\"description\":\"Kulak, Burun, Bo\u011faz, Ba\u015f-Boyun Cerrahisi ve Y\u00fcz Esteti\u011fi\",\"publisher\":{\"@id\":\"https:\/\/opdrasifselimoglu.com\/#organization\"},\"potentialAction\":[{\"@type\":\"SearchAction\",\"target\":{\"@type\":\"EntryPoint\",\"urlTemplate\":\"https:\/\/opdrasifselimoglu.com\/?s={search_term_string}\"},\"query-input\":{\"@type\":\"PropertyValueSpecification\",\"valueRequired\":true,\"valueName\":\"search_term_string\"}}],\"inLanguage\":\"tr\"},{\"@type\":\"Organization\",\"@id\":\"https:\/\/opdrasifselimoglu.com\/#organization\",\"name\":\"OP.DR.AS\u0130F SEL\u0130MO\u011eLU\",\"url\":\"https:\/\/opdrasifselimoglu.com\/\",\"logo\":{\"@type\":\"ImageObject\",\"inLanguage\":\"tr\",\"@id\":\"https:\/\/opdrasifselimoglu.com\/#\/schema\/logo\/image\/\",\"url\":\"https:\/\/opdrasifselimoglu.com\/wp-content\/uploads\/2021\/05\/cropped-asif-selimoglu_Calisma-Yuzeyi-1_130x130-1.jpg\",\"contentUrl\":\"https:\/\/opdrasifselimoglu.com\/wp-content\/uploads\/2021\/05\/cropped-asif-selimoglu_Calisma-Yuzeyi-1_130x130-1.jpg\",\"width\":130,\"height\":130,\"caption\":\"OP.DR.AS\u0130F SEL\u0130MO\u011eLU\"},\"image\":{\"@id\":\"https:\/\/opdrasifselimoglu.com\/#\/schema\/logo\/image\/\"},\"sameAs\":[\"https:\/\/www.facebook.com\/drasifselimoglu\/\",\"https:\/\/www.instagram.com\/drselimoglu\/\",\"https:\/\/tr.linkedin.com\/in\/asif-selimo\u011flu-salimov-a822a296\"]}]}<\/script>\n<!-- \/ Yoast SEO plugin. -->","yoast_head_json":{"title":"Timpanoplasti - Op. Dr. AS\u0130F SEL\u0130MO\u011eLU","robots":{"index":"index","follow":"follow","max-snippet":"max-snippet:-1","max-image-preview":"max-image-preview:large","max-video-preview":"max-video-preview:-1"},"canonical":"https:\/\/opdrasifselimoglu.com\/index.php\/timpanolasti\/","og_locale":"tr_TR","og_type":"article","og_title":"Timpanoplasti - Op. Dr. AS\u0130F SEL\u0130MO\u011eLU","og_description":"Orta kulakta, kulak zar\u0131n\u0131n arkas\u0131nda bulunan ve i\u015fitmeyi sa\u011flayan \u00e7eki\u00e7, \u00f6rs ve \u00fczengi ad\u0131ndaki yap\u0131lar\u0131n bulundu\u011fu hava dolu alan olan \u00f6staki borusu ad\u0131 verilen kanal ile burnun arkas\u0131na ve bo\u011faz yoluna a\u00e7\u0131l\u0131r.Kulak; d\u0131\u015f, i\u00e7 ve orta kulak k\u0131s\u0131mlar\u0131ndan olu\u015fur. Orta Read More ...","og_url":"https:\/\/opdrasifselimoglu.com\/index.php\/timpanolasti\/","og_site_name":"Op. Dr. AS\u0130F SEL\u0130MO\u011eLU","article_publisher":"https:\/\/www.facebook.com\/drasifselimoglu\/","article_modified_time":"2021-02-17T10:20:19+00:00","twitter_card":"summary_large_image","twitter_misc":{"Tahmini okuma s\u00fcresi":"1 dakika"},"schema":{"@context":"https:\/\/schema.org","@graph":[{"@type":"WebPage","@id":"https:\/\/opdrasifselimoglu.com\/index.php\/timpanolasti\/","url":"https:\/\/opdrasifselimoglu.com\/index.php\/timpanolasti\/","name":"Timpanoplasti - Op. Dr. AS\u0130F SEL\u0130MO\u011eLU","isPartOf":{"@id":"https:\/\/opdrasifselimoglu.com\/#website"},"datePublished":"2020-12-22T11:55:13+00:00","dateModified":"2021-02-17T10:20:19+00:00","breadcrumb":{"@id":"https:\/\/opdrasifselimoglu.com\/index.php\/timpanolasti\/#breadcrumb"},"inLanguage":"tr","potentialAction":[{"@type":"ReadAction","target":["https:\/\/opdrasifselimoglu.com\/index.php\/timpanolasti\/"]}]},{"@type":"BreadcrumbList","@id":"https:\/\/opdrasifselimoglu.com\/index.php\/timpanolasti\/#breadcrumb","itemListElement":[{"@type":"ListItem","position":1,"name":"Home","item":"https:\/\/opdrasifselimoglu.com\/"},{"@type":"ListItem","position":2,"name":"Timpanoplasti"}]},{"@type":"WebSite","@id":"https:\/\/opdrasifselimoglu.com\/#website","url":"https:\/\/opdrasifselimoglu.com\/","name":"Op. Dr. Asif Selimo\u011flu Kulak, Burun, Bo\u011faz, Ba\u015f-Boyun Cerrahisi ve Y\u00fcz Esteti\u011fi","description":"Kulak, Burun, Bo\u011faz, Ba\u015f-Boyun Cerrahisi ve Y\u00fcz Esteti\u011fi","publisher":{"@id":"https:\/\/opdrasifselimoglu.com\/#organization"},"potentialAction":[{"@type":"SearchAction","target":{"@type":"EntryPoint","urlTemplate":"https:\/\/opdrasifselimoglu.com\/?s={search_term_string}"},"query-input":{"@type":"PropertyValueSpecification","valueRequired":true,"valueName":"search_term_string"}}],"inLanguage":"tr"},{"@type":"Organization","@id":"https:\/\/opdrasifselimoglu.com\/#organization","name":"OP.DR.AS\u0130F SEL\u0130MO\u011eLU","url":"https:\/\/opdrasifselimoglu.com\/","logo":{"@type":"ImageObject","inLanguage":"tr","@id":"https:\/\/opdrasifselimoglu.com\/#\/schema\/logo\/image\/","url":"https:\/\/opdrasifselimoglu.com\/wp-content\/uploads\/2021\/05\/cropped-asif-selimoglu_Calisma-Yuzeyi-1_130x130-1.jpg","contentUrl":"https:\/\/opdrasifselimoglu.com\/wp-content\/uploads\/2021\/05\/cropped-asif-selimoglu_Calisma-Yuzeyi-1_130x130-1.jpg","width":130,"height":130,"caption":"OP.DR.AS\u0130F SEL\u0130MO\u011eLU"},"image":{"@id":"https:\/\/opdrasifselimoglu.com\/#\/schema\/logo\/image\/"},"sameAs":["https:\/\/www.facebook.com\/drasifselimoglu\/","https:\/\/www.instagram.com\/drselimoglu\/","https:\/\/tr.linkedin.com\/in\/asif-selimo\u011flu-salimov-a822a296"]}]}},"_links":{"self":[{"href":"https:\/\/opdrasifselimoglu.com\/index.php\/wp-json\/wp\/v2\/pages\/210","targetHints":{"allow":["GET"]}}],"collection":[{"href":"https:\/\/opdrasifselimoglu.com\/index.php\/wp-json\/wp\/v2\/pages"}],"about":[{"href":"https:\/\/opdrasifselimoglu.com\/index.php\/wp-json\/wp\/v2\/types\/page"}],"author":[{"embeddable":true,"href":"https:\/\/opdrasifselimoglu.com\/index.php\/wp-json\/wp\/v2\/users\/1"}],"replies":[{"embeddable":true,"href":"https:\/\/opdrasifselimoglu.com\/index.php\/wp-json\/wp\/v2\/comments?post=210"}],"version-history":[{"count":3,"href":"https:\/\/opdrasifselimoglu.com\/index.php\/wp-json\/wp\/v2\/pages\/210\/revisions"}],"predecessor-version":[{"id":3056,"href":"https:\/\/opdrasifselimoglu.com\/index.php\/wp-json\/wp\/v2\/pages\/210\/revisions\/3056"}],"wp:attachment":[{"href":"https:\/\/opdrasifselimoglu.com\/index.php\/wp-json\/wp\/v2\/media?parent=210"}],"curies":[{"name":"wp","href":"https:\/\/api.w.org\/{rel}","templated":true}]}}