{"id":209,"date":"2020-12-22T11:55:13","date_gmt":"2020-12-22T11:55:13","guid":{"rendered":"https:\/\/opdrasifselimoglu.com\/?page_id=209"},"modified":"2021-03-31T09:48:17","modified_gmt":"2021-03-31T09:48:17","slug":"cocuk-kbb-cerrahi-uygulama","status":"publish","type":"page","link":"https:\/\/opdrasifselimoglu.com\/index.php\/cocuk-kbb-cerrahi-uygulama\/","title":{"rendered":"\u00c7ocuk K.B.B. Cerrahisi"},"content":{"rendered":"\n<p><strong>\u00c7ocuklarda KBB Cerrahisi:<\/strong> \u00c7ocuklarda bademcik al\u0131mas\u0131 (tonsillektomi), geniz eti al\u0131nmas\u0131 (adenoidektomi), kula\u011fa ventilasyon t\u00fcp\u00fc tak\u0131lmas\u0131 en s\u0131k uygulanan KBB cerrahilerindendir.<\/p>\n","protected":false},"excerpt":{"rendered":"<p>\u00c7ocuklarda KBB Cerrahisi: \u00c7ocuklarda bademcik al\u0131mas\u0131 (tonsillektomi), geniz eti al\u0131nmas\u0131 (adenoidektomi), kula\u011fa ventilasyon t\u00fcp\u00fc tak\u0131lmas\u0131 en s\u0131k uygulanan KBB cerrahilerindendir.<\/p>\n","protected":false},"author":1,"featured_media":1301,"parent":0,"menu_order":0,"comment_status":"closed","ping_status":"closed","template":"","meta":{"_joinchat":[],"footnotes":""},"class_list":["post-209","page","type-page","status-publish","has-post-thumbnail","hentry"],"yoast_head":"<!-- This site is optimized with the Yoast SEO plugin v25.3 - https:\/\/yoast.com\/wordpress\/plugins\/seo\/ -->\n<title>\u00c7ocuk K.B.B. Cerrahisi - Op. Dr. AS\u0130F SEL\u0130MO\u011eLU<\/title>\n<meta name=\"robots\" content=\"index, follow, max-snippet:-1, max-image-preview:large, max-video-preview:-1\" \/>\n<link rel=\"canonical\" href=\"https:\/\/opdrasifselimoglu.com\/index.php\/cocuk-kbb-cerrahi-uygulama\/\" \/>\n<meta property=\"og:locale\" content=\"tr_TR\" \/>\n<meta property=\"og:type\" content=\"article\" \/>\n<meta property=\"og:title\" content=\"\u00c7ocuk K.B.B. Cerrahisi - Op. Dr. AS\u0130F SEL\u0130MO\u011eLU\" \/>\n<meta property=\"og:description\" content=\"\u00c7ocuklarda KBB Cerrahisi: \u00c7ocuklarda bademcik al\u0131mas\u0131 (tonsillektomi), geniz eti al\u0131nmas\u0131 (adenoidektomi), kula\u011fa ventilasyon t\u00fcp\u00fc tak\u0131lmas\u0131 en s\u0131k uygulanan KBB cerrahilerindendir.\" \/>\n<meta property=\"og:url\" content=\"https:\/\/opdrasifselimoglu.com\/index.php\/cocuk-kbb-cerrahi-uygulama\/\" \/>\n<meta property=\"og:site_name\" content=\"Op. Dr. AS\u0130F SEL\u0130MO\u011eLU\" \/>\n<meta property=\"article:publisher\" content=\"https:\/\/www.facebook.com\/drasifselimoglu\/\" \/>\n<meta property=\"article:modified_time\" content=\"2021-03-31T09:48:17+00:00\" \/>\n<meta property=\"og:image\" content=\"https:\/\/opdrasifselimoglu.com\/wp-content\/uploads\/2021\/02\/foto4-1.png\" \/>\n\t<meta property=\"og:image:width\" content=\"1200\" \/>\n\t<meta property=\"og:image:height\" content=\"500\" \/>\n\t<meta property=\"og:image:type\" content=\"image\/png\" \/>\n<meta name=\"twitter:card\" content=\"summary_large_image\" \/>\n<meta name=\"twitter:label1\" content=\"Tahmini okuma s\u00fcresi\" \/>\n\t<meta name=\"twitter:data1\" content=\"1 dakika\" \/>\n<script type=\"application\/ld+json\" class=\"yoast-schema-graph\">{\"@context\":\"https:\/\/schema.org\",\"@graph\":[{\"@type\":\"WebPage\",\"@id\":\"https:\/\/opdrasifselimoglu.com\/index.php\/cocuk-kbb-cerrahi-uygulama\/\",\"url\":\"https:\/\/opdrasifselimoglu.com\/index.php\/cocuk-kbb-cerrahi-uygulama\/\",\"name\":\"\u00c7ocuk K.B.B. Cerrahisi - Op. Dr. AS\u0130F SEL\u0130MO\u011eLU\",\"isPartOf\":{\"@id\":\"https:\/\/opdrasifselimoglu.com\/#website\"},\"primaryImageOfPage\":{\"@id\":\"https:\/\/opdrasifselimoglu.com\/index.php\/cocuk-kbb-cerrahi-uygulama\/#primaryimage\"},\"image\":{\"@id\":\"https:\/\/opdrasifselimoglu.com\/index.php\/cocuk-kbb-cerrahi-uygulama\/#primaryimage\"},\"thumbnailUrl\":\"https:\/\/opdrasifselimoglu.com\/wp-content\/uploads\/2021\/02\/foto4-1.png\",\"datePublished\":\"2020-12-22T11:55:13+00:00\",\"dateModified\":\"2021-03-31T09:48:17+00:00\",\"breadcrumb\":{\"@id\":\"https:\/\/opdrasifselimoglu.com\/index.php\/cocuk-kbb-cerrahi-uygulama\/#breadcrumb\"},\"inLanguage\":\"tr\",\"potentialAction\":[{\"@type\":\"ReadAction\",\"target\":[\"https:\/\/opdrasifselimoglu.com\/index.php\/cocuk-kbb-cerrahi-uygulama\/\"]}]},{\"@type\":\"ImageObject\",\"inLanguage\":\"tr\",\"@id\":\"https:\/\/opdrasifselimoglu.com\/index.php\/cocuk-kbb-cerrahi-uygulama\/#primaryimage\",\"url\":\"https:\/\/opdrasifselimoglu.com\/wp-content\/uploads\/2021\/02\/foto4-1.png\",\"contentUrl\":\"https:\/\/opdrasifselimoglu.com\/wp-content\/uploads\/2021\/02\/foto4-1.png\",\"width\":1200,\"height\":500},{\"@type\":\"BreadcrumbList\",\"@id\":\"https:\/\/opdrasifselimoglu.com\/index.php\/cocuk-kbb-cerrahi-uygulama\/#breadcrumb\",\"itemListElement\":[{\"@type\":\"ListItem\",\"position\":1,\"name\":\"Home\",\"item\":\"https:\/\/opdrasifselimoglu.com\/\"},{\"@type\":\"ListItem\",\"position\":2,\"name\":\"\u00c7ocuk K.B.B. Cerrahisi\"}]},{\"@type\":\"WebSite\",\"@id\":\"https:\/\/opdrasifselimoglu.com\/#website\",\"url\":\"https:\/\/opdrasifselimoglu.com\/\",\"name\":\"Op. Dr. Asif Selimo\u011flu Kulak, Burun, Bo\u011faz, Ba\u015f-Boyun Cerrahisi ve Y\u00fcz Esteti\u011fi\",\"description\":\"Kulak, Burun, Bo\u011faz, Ba\u015f-Boyun Cerrahisi ve Y\u00fcz Esteti\u011fi\",\"publisher\":{\"@id\":\"https:\/\/opdrasifselimoglu.com\/#organization\"},\"potentialAction\":[{\"@type\":\"SearchAction\",\"target\":{\"@type\":\"EntryPoint\",\"urlTemplate\":\"https:\/\/opdrasifselimoglu.com\/?s={search_term_string}\"},\"query-input\":{\"@type\":\"PropertyValueSpecification\",\"valueRequired\":true,\"valueName\":\"search_term_string\"}}],\"inLanguage\":\"tr\"},{\"@type\":\"Organization\",\"@id\":\"https:\/\/opdrasifselimoglu.com\/#organization\",\"name\":\"OP.DR.AS\u0130F SEL\u0130MO\u011eLU\",\"url\":\"https:\/\/opdrasifselimoglu.com\/\",\"logo\":{\"@type\":\"ImageObject\",\"inLanguage\":\"tr\",\"@id\":\"https:\/\/opdrasifselimoglu.com\/#\/schema\/logo\/image\/\",\"url\":\"https:\/\/opdrasifselimoglu.com\/wp-content\/uploads\/2021\/05\/cropped-asif-selimoglu_Calisma-Yuzeyi-1_130x130-1.jpg\",\"contentUrl\":\"https:\/\/opdrasifselimoglu.com\/wp-content\/uploads\/2021\/05\/cropped-asif-selimoglu_Calisma-Yuzeyi-1_130x130-1.jpg\",\"width\":130,\"height\":130,\"caption\":\"OP.DR.AS\u0130F SEL\u0130MO\u011eLU\"},\"image\":{\"@id\":\"https:\/\/opdrasifselimoglu.com\/#\/schema\/logo\/image\/\"},\"sameAs\":[\"https:\/\/www.facebook.com\/drasifselimoglu\/\",\"https:\/\/www.instagram.com\/drselimoglu\/\",\"https:\/\/tr.linkedin.com\/in\/asif-selimo\u011flu-salimov-a822a296\"]}]}<\/script>\n<!-- \/ Yoast SEO plugin. -->","yoast_head_json":{"title":"\u00c7ocuk K.B.B. Cerrahisi - Op. Dr. AS\u0130F SEL\u0130MO\u011eLU","robots":{"index":"index","follow":"follow","max-snippet":"max-snippet:-1","max-image-preview":"max-image-preview:large","max-video-preview":"max-video-preview:-1"},"canonical":"https:\/\/opdrasifselimoglu.com\/index.php\/cocuk-kbb-cerrahi-uygulama\/","og_locale":"tr_TR","og_type":"article","og_title":"\u00c7ocuk K.B.B. Cerrahisi - Op. Dr. AS\u0130F SEL\u0130MO\u011eLU","og_description":"\u00c7ocuklarda KBB Cerrahisi: \u00c7ocuklarda bademcik al\u0131mas\u0131 (tonsillektomi), geniz eti al\u0131nmas\u0131 (adenoidektomi), kula\u011fa ventilasyon t\u00fcp\u00fc tak\u0131lmas\u0131 en s\u0131k uygulanan KBB cerrahilerindendir.","og_url":"https:\/\/opdrasifselimoglu.com\/index.php\/cocuk-kbb-cerrahi-uygulama\/","og_site_name":"Op. Dr. AS\u0130F SEL\u0130MO\u011eLU","article_publisher":"https:\/\/www.facebook.com\/drasifselimoglu\/","article_modified_time":"2021-03-31T09:48:17+00:00","og_image":[{"width":1200,"height":500,"url":"https:\/\/opdrasifselimoglu.com\/wp-content\/uploads\/2021\/02\/foto4-1.png","type":"image\/png"}],"twitter_card":"summary_large_image","twitter_misc":{"Tahmini okuma s\u00fcresi":"1 dakika"},"schema":{"@context":"https:\/\/schema.org","@graph":[{"@type":"WebPage","@id":"https:\/\/opdrasifselimoglu.com\/index.php\/cocuk-kbb-cerrahi-uygulama\/","url":"https:\/\/opdrasifselimoglu.com\/index.php\/cocuk-kbb-cerrahi-uygulama\/","name":"\u00c7ocuk K.B.B. Cerrahisi - Op. Dr. AS\u0130F SEL\u0130MO\u011eLU","isPartOf":{"@id":"https:\/\/opdrasifselimoglu.com\/#website"},"primaryImageOfPage":{"@id":"https:\/\/opdrasifselimoglu.com\/index.php\/cocuk-kbb-cerrahi-uygulama\/#primaryimage"},"image":{"@id":"https:\/\/opdrasifselimoglu.com\/index.php\/cocuk-kbb-cerrahi-uygulama\/#primaryimage"},"thumbnailUrl":"https:\/\/opdrasifselimoglu.com\/wp-content\/uploads\/2021\/02\/foto4-1.png","datePublished":"2020-12-22T11:55:13+00:00","dateModified":"2021-03-31T09:48:17+00:00","breadcrumb":{"@id":"https:\/\/opdrasifselimoglu.com\/index.php\/cocuk-kbb-cerrahi-uygulama\/#breadcrumb"},"inLanguage":"tr","potentialAction":[{"@type":"ReadAction","target":["https:\/\/opdrasifselimoglu.com\/index.php\/cocuk-kbb-cerrahi-uygulama\/"]}]},{"@type":"ImageObject","inLanguage":"tr","@id":"https:\/\/opdrasifselimoglu.com\/index.php\/cocuk-kbb-cerrahi-uygulama\/#primaryimage","url":"https:\/\/opdrasifselimoglu.com\/wp-content\/uploads\/2021\/02\/foto4-1.png","contentUrl":"https:\/\/opdrasifselimoglu.com\/wp-content\/uploads\/2021\/02\/foto4-1.png","width":1200,"height":500},{"@type":"BreadcrumbList","@id":"https:\/\/opdrasifselimoglu.com\/index.php\/cocuk-kbb-cerrahi-uygulama\/#breadcrumb","itemListElement":[{"@type":"ListItem","position":1,"name":"Home","item":"https:\/\/opdrasifselimoglu.com\/"},{"@type":"ListItem","position":2,"name":"\u00c7ocuk K.B.B. Cerrahisi"}]},{"@type":"WebSite","@id":"https:\/\/opdrasifselimoglu.com\/#website","url":"https:\/\/opdrasifselimoglu.com\/","name":"Op. Dr. Asif Selimo\u011flu Kulak, Burun, Bo\u011faz, Ba\u015f-Boyun Cerrahisi ve Y\u00fcz Esteti\u011fi","description":"Kulak, Burun, Bo\u011faz, Ba\u015f-Boyun Cerrahisi ve Y\u00fcz Esteti\u011fi","publisher":{"@id":"https:\/\/opdrasifselimoglu.com\/#organization"},"potentialAction":[{"@type":"SearchAction","target":{"@type":"EntryPoint","urlTemplate":"https:\/\/opdrasifselimoglu.com\/?s={search_term_string}"},"query-input":{"@type":"PropertyValueSpecification","valueRequired":true,"valueName":"search_term_string"}}],"inLanguage":"tr"},{"@type":"Organization","@id":"https:\/\/opdrasifselimoglu.com\/#organization","name":"OP.DR.AS\u0130F SEL\u0130MO\u011eLU","url":"https:\/\/opdrasifselimoglu.com\/","logo":{"@type":"ImageObject","inLanguage":"tr","@id":"https:\/\/opdrasifselimoglu.com\/#\/schema\/logo\/image\/","url":"https:\/\/opdrasifselimoglu.com\/wp-content\/uploads\/2021\/05\/cropped-asif-selimoglu_Calisma-Yuzeyi-1_130x130-1.jpg","contentUrl":"https:\/\/opdrasifselimoglu.com\/wp-content\/uploads\/2021\/05\/cropped-asif-selimoglu_Calisma-Yuzeyi-1_130x130-1.jpg","width":130,"height":130,"caption":"OP.DR.AS\u0130F SEL\u0130MO\u011eLU"},"image":{"@id":"https:\/\/opdrasifselimoglu.com\/#\/schema\/logo\/image\/"},"sameAs":["https:\/\/www.facebook.com\/drasifselimoglu\/","https:\/\/www.instagram.com\/drselimoglu\/","https:\/\/tr.linkedin.com\/in\/asif-selimo\u011flu-salimov-a822a296"]}]}},"_links":{"self":[{"href":"https:\/\/opdrasifselimoglu.com\/index.php\/wp-json\/wp\/v2\/pages\/209","targetHints":{"allow":["GET"]}}],"collection":[{"href":"https:\/\/opdrasifselimoglu.com\/index.php\/wp-json\/wp\/v2\/pages"}],"about":[{"href":"https:\/\/opdrasifselimoglu.com\/index.php\/wp-json\/wp\/v2\/types\/page"}],"author":[{"embeddable":true,"href":"https:\/\/opdrasifselimoglu.com\/index.php\/wp-json\/wp\/v2\/users\/1"}],"replies":[{"embeddable":true,"href":"https:\/\/opdrasifselimoglu.com\/index.php\/wp-json\/wp\/v2\/comments?post=209"}],"version-history":[{"count":5,"href":"https:\/\/opdrasifselimoglu.com\/index.php\/wp-json\/wp\/v2\/pages\/209\/revisions"}],"predecessor-version":[{"id":3141,"href":"https:\/\/opdrasifselimoglu.com\/index.php\/wp-json\/wp\/v2\/pages\/209\/revisions\/3141"}],"wp:featuredmedia":[{"embeddable":true,"href":"https:\/\/opdrasifselimoglu.com\/index.php\/wp-json\/wp\/v2\/media\/1301"}],"wp:attachment":[{"href":"https:\/\/opdrasifselimoglu.com\/index.php\/wp-json\/wp\/v2\/media?parent=209"}],"curies":[{"name":"wp","href":"https:\/\/api.w.org\/{rel}","templated":true}]}}