{"id":188,"date":"2020-12-22T11:48:00","date_gmt":"2020-12-22T11:48:00","guid":{"rendered":"https:\/\/opdrasifselimoglu.com\/?page_id=188"},"modified":"2025-06-02T20:09:44","modified_gmt":"2025-06-02T20:09:44","slug":"akademik-ozgecmisi","status":"publish","type":"page","link":"https:\/\/opdrasifselimoglu.com\/index.php\/akademik-ozgecmisi\/","title":{"rendered":"Akademik \u00d6zge\u00e7mi\u015fi"},"content":{"rendered":"\n<p><strong><u>E\u011fitim<\/u>:<\/strong><\/p>\n\n\n\n<p>-Hacettepe Universitesi, Ankara (2011- 2016)<\/p>\n\n\n\n<p>Uzmanl\u0131k, Kulak-Burun-Bo\u011faz Hastal\u0131klar\u0131 Anabilim Dal\u0131<\/p>\n\n\n\n<p>-Hacettepe Universitesi, Ankara (2005-2011)<\/p>\n\n\n\n<p>T\u0131p Doktorlu\u011fu, T\u0131p Fak\u00fcltesi<\/p>\n\n\n\n<p><strong>Yabanc\u0131 Dil:<\/strong>&nbsp;\u0130ngilizce (iyi d\u00fczeyde), Rus\u00e7a (orta d\u00fczeyde), \u0130talyanca (ba\u015flang\u0131\u00e7 d\u00fczeyde), Almanya (ba\u015flang\u0131\u00e7 d\u00fczeyde)<\/p>\n\n\n\n<p><strong><u>Profesy\u00f6nel kariyer:<\/u><\/strong><\/p>\n\n\n\n<p>-Hacettepe Universitesi, Ara\u015ft\u0131rma g\u00f6revlisi- Asistan doktor, Kulak-Burun-Bo\u011faz Hastal\u0131klar\u0131 Anabilim Dal\u0131, Ankara\/T\u00fcrkiye (2011-2016)<\/p>\n\n\n\n<p>-Seconda Universita degli studi di Napoli, Department of Otorhinolaryngology, Napoli\/Italya (Mar 2014- Haz 2014)<\/p>\n\n\n\n<p>-Haymana \u0130l\u00e7e Devlet Hastanesi, Ankara\/T\u00fcrkiye (A\u011fu 2016- A\u011fu 2018) (Mecburi Hizmet)<\/p>\n\n\n\n<p>-\u015eerefliko\u00e7hisar \u0130l\u00e7e Devlet Hastanesi, Ankara\/T\u00fcrkiye (Eki 2018- Eyl 2019)<\/p>\n\n\n\n<p>-Kent Kulak Burun Bo\u011faz Hastanesi (Eyl 2019 &#8211;&nbsp;Haz 2021)<\/p>\n\n\n\n<p>-\u00d6zel \u00c7ankaya Ya\u015fam Hastanesi (Haz 2021 &#8211;  )<\/p>\n\n\n\n<p><strong><u>Ba\u015far\u0131 ve \u00f6d\u00fcller:<\/u><\/strong><\/p>\n\n\n\n<p>-Y\u0131l\u0131n ba\u015far\u0131l\u0131 \u00f6\u011frencisi, \u015eeref Zileli \u00d6d\u00fcl\u00fc, Hacettepe Univesitesi, 2009, Ankara\/Turkiye.<\/p>\n\n\n\n<p>-2011 TUS (T\u0131pta Uzmanl\u0131k S\u0131nav\u0131)&#8217; nda yakla\u015f\u0131k 11000 doktorun aras\u0131nda derece yaparak ilk 20&#8217;de yer alm\u0131\u015ft\u0131r<\/p>\n\n\n\n<p>-T\u00fcrkiye ve Azerbaycan cumhuriyeti milli e\u011fitim bakanl\u0131\u011f\u0131 bursunu almaya hak kazanm\u0131\u015ft\u0131r.<\/p>\n\n\n\n<p><strong><u>Bilimsel kongre &#8211; kurslar:<\/u><\/strong><\/p>\n\n\n\n<p>-Bir\u00e7ok ulusal kongrelere (ulusal KBB, y\u00fcz plastik cerrahi, rinoloji ile ilgili) kat\u0131lm\u0131\u015f ve sunumlar yapm\u0131\u015ft\u0131r.<\/p>\n\n\n\n<p>-ESPO (European Society of Pediatric Otorhinolaryngology) 2018 Congress, Haziran 2018, Stockholm\/ \u0130sve\u00e7.<\/p>\n\n\n\n<p>-Corso Internazionale Endoscopia Nasosinusale di base, May\u0131s 2014, Napoli\/ Italya.<\/p>\n\n\n\n<p>-11. Uluslararas\u0131 KBB ve Ba\u015f-Boyun Cerrahisi kongesi, Nisan 2014, Ankara\/T\u00fcrkiye.<\/p>\n\n\n\n<p>-35th Turkish National Otolaryngology and Head and Neck Surgery Congress November 2013, Antalya\/Turkey<\/p>\n\n\n\n<p>-Septorhinoplasy-Live Surgery Course,May 2013, Ankara\/Turkey<\/p>\n\n\n\n<p>-9th Turkish Rhinological Congress, May 2013, Antalya\/ Turkey<\/p>\n\n\n\n<p>-10th International Congress of Otorhinolaryngology Head and Neck Surgery, April 2012, Ankara\/Turkey<\/p>\n\n\n\n<p>-Pediatrik temel ve ileri ya\u015fam destek kursu, 2011, Ankara\/T\u00fcrkiye.<\/p>\n\n\n\n<p><strong><u>\u00dcyelikler:<\/u><\/strong><\/p>\n\n\n\n<p>-EAFPS (European Academy of Facial Plastic Surgery)<\/p>\n\n\n\n<p>-EAACI (European Academy of Allergy and Clinical Immunology)<\/p>\n\n\n\n<p>-ERS (European Rhinologic Society)<\/p>\n\n\n\n<p>-EANO (European Academy of Otology &amp; Neurotology)<\/p>\n\n\n\n<p>-Asia-Pacific Society of Thyroid Surgery<\/p>\n\n\n\n<p>-Asian Facial Plastic Surgery Society<\/p>\n\n\n\n<p>-T\u00fcrk Y\u00fcz Plastik Cerrahi Derne\u011fi<\/p>\n\n\n\n<p>-T\u00fcrk Rinoloji Derne\u011fi<\/p>\n\n\n\n<p>-T\u00fcrk Kulak Burun Bo\u011faz ve Ba\u015f Boyun Cerrahisi Derne\u011fi<\/p>\n\n\n\n<p><strong><u>Yay\u0131nlar- Kitap B\u00f6l\u00fcmleri:<\/u><\/strong><\/p>\n\n\n\n<p>1.<strong>&nbsp; Salimov A<\/strong>, Ozer S, Gocer C, Mocan B, Gunaydin RO, Yucel OT. Arachnoid Cyst in the Sphenoid Sinus Presented with Headache and Proptosis. Am J Med Case Rep, vol. 2, no. 11 (2014): 256-258.<\/p>\n\n\n\n<p>2.<strong>&nbsp; Salimov A<\/strong>, Ozer S. A rare location of angiofibroma in the inferior turbinate in young woman. Int Arch Otorhinolaryngol. 2015;19(2):187-190.<\/p>\n\n\n\n<p>3.&nbsp;<strong>Salimov A<\/strong>, Suslu AE, Ozer S, Yilmaz T, Bajin HIY. Unusual location for langerhans cell histiocytosis: bassphenoid extended to parapharyngeal space. Int J Otolaryngol Clin 2016; 8(1):38-40.<\/p>\n\n\n\n<p>4.&nbsp;<strong>Salimov A,<\/strong>&nbsp;S\u00fcsl\u00fc N, Ku\u015f\u00e7u O, S\u00fcsl\u00fc AE, Akyol MU, G\u00f6k\u00f6z \u00d6, \u00d6zo\u011ful E. Parapharyngeal giant ganglioneuroma with multifocal bone involvement in a pediatric female patient. Turk J Pediatr 2016; 58(6):669-674.<\/p>\n\n\n\n<p>5.&nbsp;<strong>Salimov A<\/strong>, Akyol U, Cildir B, Batu ED, Ozen S. Evaluation of hearing in pediatric familial Mediterranean fever patients during attack period and attack-free period. Int J Pediatr Otorhinolaryngol 2019; 119:185-192.<\/p>\n\n\n\n<p>6. Cingi C, Bayar Muluk N, \u00c7ukurova \u0130, D\u00fcndar R, Osma U, Bal C, Zirek A, Budak A, Seyed Resuli A, <strong>Selimo\u011flu A<\/strong>, Tanu\u011fur Samanc\u0131 AE, Karao\u011fullar\u0131ndan A, Y\u0131lmaz B, Arslan B, Sizer B, Cihan C, Koca \u00c7F, Avc\u0131 D, Aydeniz\u00f6z D, \u00dcnver E, Alaskarov E, G\u00fclmez E, G\u00fcndo\u011fan F, G\u00fcnay G, \u00c7etiner H, G\u00fcng\u00f6r H, Salcan \u0130, G\u00fcndo\u011fan ME, Akbay M\u00d6, Akda\u011f M, Kaplama ME, Ya\u015far M, Koparal M, Kar M, Alt\u0131nta\u015f M, Torun MT, Bozan N, Sar\u0131 N, Susaman N, K\u00fc\u00e7\u00fck N, Erdo\u011fan O, G\u00fcl O, Sancakl\u0131 \u00d6, Kundi P, Budak RO, Karaman S, Ta\u015far S, Demir S, Belli \u015e, Ya\u011fc\u0131 T, Bilici T, \u00c7elik T, Y\u0131ld\u0131r\u0131m YSS, Atayoglu AT, Irkan RK, Zorlu D, Can D. Effects of Anatolian Propolis and Hypertonic Saline Combination Nasal Spray on Allergic Rhinitis Symptoms: A Prospective, Multicenter Study. Ear Nose Throat J. 2024 Apr;103(4):NP190-NP198.<\/p>\n\n\n\n<p>7. <strong>Selimo\u011flu A<\/strong>, Y\u0131lmaz B, El-Saggan A. Cryptococcal Meningoencephalitis Infection in Children and Hearing Loss. InHearing Loss in Congenital, Neonatal and Childhood Infections 2023 Nov 11 (pp. 919-926). Cham: Springer International Publishing.<\/p>\n\n\n\n<p><strong><u>\u00c7eviriler:<\/u><\/strong><\/p>\n\n\n\n<p>Cosmetic Injection Techniques, Theda C. Contis, Victor C. Lagombe, Secon Edition, Thieme publishers. \u00c7eviri Edit\u00f6ri: Ta\u015fk\u0131n Y\u00fccel, Tevfik S\u00f6zen<\/p>\n\n\n\n<p>51-52-53-54-55-56-57-58. B\u00f6l\u00fcm \u00e7evirileri Op. Dr. Asif Selimo\u011flu taraf\u0131ndan yap\u0131lm\u0131\u015ft\u0131r.<\/p>\n","protected":false},"excerpt":{"rendered":"<p>E\u011fitim: -Hacettepe Universitesi, Ankara (2011- 2016) Uzmanl\u0131k, Kulak-Burun-Bo\u011faz Hastal\u0131klar\u0131 Anabilim Dal\u0131 -Hacettepe Universitesi, Ankara (2005-2011) T\u0131p Doktorlu\u011fu, T\u0131p Fak\u00fcltesi Yabanc\u0131 Dil:&nbsp;\u0130ngilizce (iyi d\u00fczeyde), Rus\u00e7a (orta d\u00fczeyde), \u0130talyanca (ba\u015flang\u0131\u00e7 d\u00fczeyde), Almanya (ba\u015flang\u0131\u00e7 d\u00fczeyde) Profesy\u00f6nel kariyer: -Hacettepe Universitesi, Ara\u015ft\u0131rma g\u00f6revlisi- Asistan doktor, <a href=\"https:\/\/opdrasifselimoglu.com\/index.php\/akademik-ozgecmisi\/\" class=\"read-more\">Read More &#8230;<\/a><\/p>\n","protected":false},"author":1,"featured_media":0,"parent":0,"menu_order":0,"comment_status":"closed","ping_status":"closed","template":"","meta":{"_joinchat":[],"footnotes":""},"class_list":["post-188","page","type-page","status-publish","hentry"],"yoast_head":"<!-- This site is optimized with the Yoast SEO plugin v25.3 - https:\/\/yoast.com\/wordpress\/plugins\/seo\/ -->\n<title>Akademik \u00d6zge\u00e7mi\u015fi - Op. Dr. AS\u0130F SEL\u0130MO\u011eLU<\/title>\n<meta name=\"robots\" content=\"index, follow, max-snippet:-1, max-image-preview:large, max-video-preview:-1\" \/>\n<link rel=\"canonical\" href=\"https:\/\/opdrasifselimoglu.com\/index.php\/akademik-ozgecmisi\/\" \/>\n<meta property=\"og:locale\" content=\"tr_TR\" \/>\n<meta property=\"og:type\" content=\"article\" \/>\n<meta property=\"og:title\" content=\"Akademik \u00d6zge\u00e7mi\u015fi - Op. Dr. AS\u0130F SEL\u0130MO\u011eLU\" \/>\n<meta property=\"og:description\" content=\"E\u011fitim: -Hacettepe Universitesi, Ankara (2011- 2016) Uzmanl\u0131k, Kulak-Burun-Bo\u011faz Hastal\u0131klar\u0131 Anabilim Dal\u0131 -Hacettepe Universitesi, Ankara (2005-2011) T\u0131p Doktorlu\u011fu, T\u0131p Fak\u00fcltesi Yabanc\u0131 Dil:&nbsp;\u0130ngilizce (iyi d\u00fczeyde), Rus\u00e7a (orta d\u00fczeyde), \u0130talyanca (ba\u015flang\u0131\u00e7 d\u00fczeyde), Almanya (ba\u015flang\u0131\u00e7 d\u00fczeyde) Profesy\u00f6nel kariyer: -Hacettepe Universitesi, Ara\u015ft\u0131rma g\u00f6revlisi- Asistan doktor, Read More ...\" \/>\n<meta property=\"og:url\" content=\"https:\/\/opdrasifselimoglu.com\/index.php\/akademik-ozgecmisi\/\" \/>\n<meta property=\"og:site_name\" content=\"Op. Dr. AS\u0130F SEL\u0130MO\u011eLU\" \/>\n<meta property=\"article:publisher\" content=\"https:\/\/www.facebook.com\/drasifselimoglu\/\" \/>\n<meta property=\"article:modified_time\" content=\"2025-06-02T20:09:44+00:00\" \/>\n<meta name=\"twitter:card\" content=\"summary_large_image\" \/>\n<meta name=\"twitter:label1\" content=\"Tahmini okuma s\u00fcresi\" \/>\n\t<meta name=\"twitter:data1\" content=\"3 dakika\" \/>\n<script type=\"application\/ld+json\" class=\"yoast-schema-graph\">{\"@context\":\"https:\/\/schema.org\",\"@graph\":[{\"@type\":\"WebPage\",\"@id\":\"https:\/\/opdrasifselimoglu.com\/index.php\/akademik-ozgecmisi\/\",\"url\":\"https:\/\/opdrasifselimoglu.com\/index.php\/akademik-ozgecmisi\/\",\"name\":\"Akademik \u00d6zge\u00e7mi\u015fi - Op. Dr. AS\u0130F SEL\u0130MO\u011eLU\",\"isPartOf\":{\"@id\":\"https:\/\/opdrasifselimoglu.com\/#website\"},\"datePublished\":\"2020-12-22T11:48:00+00:00\",\"dateModified\":\"2025-06-02T20:09:44+00:00\",\"breadcrumb\":{\"@id\":\"https:\/\/opdrasifselimoglu.com\/index.php\/akademik-ozgecmisi\/#breadcrumb\"},\"inLanguage\":\"tr\",\"potentialAction\":[{\"@type\":\"ReadAction\",\"target\":[\"https:\/\/opdrasifselimoglu.com\/index.php\/akademik-ozgecmisi\/\"]}]},{\"@type\":\"BreadcrumbList\",\"@id\":\"https:\/\/opdrasifselimoglu.com\/index.php\/akademik-ozgecmisi\/#breadcrumb\",\"itemListElement\":[{\"@type\":\"ListItem\",\"position\":1,\"name\":\"Home\",\"item\":\"https:\/\/opdrasifselimoglu.com\/\"},{\"@type\":\"ListItem\",\"position\":2,\"name\":\"Akademik \u00d6zge\u00e7mi\u015fi\"}]},{\"@type\":\"WebSite\",\"@id\":\"https:\/\/opdrasifselimoglu.com\/#website\",\"url\":\"https:\/\/opdrasifselimoglu.com\/\",\"name\":\"Op. Dr. Asif Selimo\u011flu Kulak, Burun, Bo\u011faz, Ba\u015f-Boyun Cerrahisi ve Y\u00fcz Esteti\u011fi\",\"description\":\"Kulak, Burun, Bo\u011faz, Ba\u015f-Boyun Cerrahisi ve Y\u00fcz Esteti\u011fi\",\"publisher\":{\"@id\":\"https:\/\/opdrasifselimoglu.com\/#organization\"},\"potentialAction\":[{\"@type\":\"SearchAction\",\"target\":{\"@type\":\"EntryPoint\",\"urlTemplate\":\"https:\/\/opdrasifselimoglu.com\/?s={search_term_string}\"},\"query-input\":{\"@type\":\"PropertyValueSpecification\",\"valueRequired\":true,\"valueName\":\"search_term_string\"}}],\"inLanguage\":\"tr\"},{\"@type\":\"Organization\",\"@id\":\"https:\/\/opdrasifselimoglu.com\/#organization\",\"name\":\"OP.DR.AS\u0130F SEL\u0130MO\u011eLU\",\"url\":\"https:\/\/opdrasifselimoglu.com\/\",\"logo\":{\"@type\":\"ImageObject\",\"inLanguage\":\"tr\",\"@id\":\"https:\/\/opdrasifselimoglu.com\/#\/schema\/logo\/image\/\",\"url\":\"https:\/\/opdrasifselimoglu.com\/wp-content\/uploads\/2021\/05\/cropped-asif-selimoglu_Calisma-Yuzeyi-1_130x130-1.jpg\",\"contentUrl\":\"https:\/\/opdrasifselimoglu.com\/wp-content\/uploads\/2021\/05\/cropped-asif-selimoglu_Calisma-Yuzeyi-1_130x130-1.jpg\",\"width\":130,\"height\":130,\"caption\":\"OP.DR.AS\u0130F SEL\u0130MO\u011eLU\"},\"image\":{\"@id\":\"https:\/\/opdrasifselimoglu.com\/#\/schema\/logo\/image\/\"},\"sameAs\":[\"https:\/\/www.facebook.com\/drasifselimoglu\/\",\"https:\/\/www.instagram.com\/drselimoglu\/\",\"https:\/\/tr.linkedin.com\/in\/asif-selimo\u011flu-salimov-a822a296\"]}]}<\/script>\n<!-- \/ Yoast SEO plugin. -->","yoast_head_json":{"title":"Akademik \u00d6zge\u00e7mi\u015fi - Op. Dr. AS\u0130F SEL\u0130MO\u011eLU","robots":{"index":"index","follow":"follow","max-snippet":"max-snippet:-1","max-image-preview":"max-image-preview:large","max-video-preview":"max-video-preview:-1"},"canonical":"https:\/\/opdrasifselimoglu.com\/index.php\/akademik-ozgecmisi\/","og_locale":"tr_TR","og_type":"article","og_title":"Akademik \u00d6zge\u00e7mi\u015fi - Op. Dr. AS\u0130F SEL\u0130MO\u011eLU","og_description":"E\u011fitim: -Hacettepe Universitesi, Ankara (2011- 2016) Uzmanl\u0131k, Kulak-Burun-Bo\u011faz Hastal\u0131klar\u0131 Anabilim Dal\u0131 -Hacettepe Universitesi, Ankara (2005-2011) T\u0131p Doktorlu\u011fu, T\u0131p Fak\u00fcltesi Yabanc\u0131 Dil:&nbsp;\u0130ngilizce (iyi d\u00fczeyde), Rus\u00e7a (orta d\u00fczeyde), \u0130talyanca (ba\u015flang\u0131\u00e7 d\u00fczeyde), Almanya (ba\u015flang\u0131\u00e7 d\u00fczeyde) Profesy\u00f6nel kariyer: -Hacettepe Universitesi, Ara\u015ft\u0131rma g\u00f6revlisi- Asistan doktor, Read More ...","og_url":"https:\/\/opdrasifselimoglu.com\/index.php\/akademik-ozgecmisi\/","og_site_name":"Op. Dr. AS\u0130F SEL\u0130MO\u011eLU","article_publisher":"https:\/\/www.facebook.com\/drasifselimoglu\/","article_modified_time":"2025-06-02T20:09:44+00:00","twitter_card":"summary_large_image","twitter_misc":{"Tahmini okuma s\u00fcresi":"3 dakika"},"schema":{"@context":"https:\/\/schema.org","@graph":[{"@type":"WebPage","@id":"https:\/\/opdrasifselimoglu.com\/index.php\/akademik-ozgecmisi\/","url":"https:\/\/opdrasifselimoglu.com\/index.php\/akademik-ozgecmisi\/","name":"Akademik \u00d6zge\u00e7mi\u015fi - Op. Dr. AS\u0130F SEL\u0130MO\u011eLU","isPartOf":{"@id":"https:\/\/opdrasifselimoglu.com\/#website"},"datePublished":"2020-12-22T11:48:00+00:00","dateModified":"2025-06-02T20:09:44+00:00","breadcrumb":{"@id":"https:\/\/opdrasifselimoglu.com\/index.php\/akademik-ozgecmisi\/#breadcrumb"},"inLanguage":"tr","potentialAction":[{"@type":"ReadAction","target":["https:\/\/opdrasifselimoglu.com\/index.php\/akademik-ozgecmisi\/"]}]},{"@type":"BreadcrumbList","@id":"https:\/\/opdrasifselimoglu.com\/index.php\/akademik-ozgecmisi\/#breadcrumb","itemListElement":[{"@type":"ListItem","position":1,"name":"Home","item":"https:\/\/opdrasifselimoglu.com\/"},{"@type":"ListItem","position":2,"name":"Akademik \u00d6zge\u00e7mi\u015fi"}]},{"@type":"WebSite","@id":"https:\/\/opdrasifselimoglu.com\/#website","url":"https:\/\/opdrasifselimoglu.com\/","name":"Op. Dr. Asif Selimo\u011flu Kulak, Burun, Bo\u011faz, Ba\u015f-Boyun Cerrahisi ve Y\u00fcz Esteti\u011fi","description":"Kulak, Burun, Bo\u011faz, Ba\u015f-Boyun Cerrahisi ve Y\u00fcz Esteti\u011fi","publisher":{"@id":"https:\/\/opdrasifselimoglu.com\/#organization"},"potentialAction":[{"@type":"SearchAction","target":{"@type":"EntryPoint","urlTemplate":"https:\/\/opdrasifselimoglu.com\/?s={search_term_string}"},"query-input":{"@type":"PropertyValueSpecification","valueRequired":true,"valueName":"search_term_string"}}],"inLanguage":"tr"},{"@type":"Organization","@id":"https:\/\/opdrasifselimoglu.com\/#organization","name":"OP.DR.AS\u0130F SEL\u0130MO\u011eLU","url":"https:\/\/opdrasifselimoglu.com\/","logo":{"@type":"ImageObject","inLanguage":"tr","@id":"https:\/\/opdrasifselimoglu.com\/#\/schema\/logo\/image\/","url":"https:\/\/opdrasifselimoglu.com\/wp-content\/uploads\/2021\/05\/cropped-asif-selimoglu_Calisma-Yuzeyi-1_130x130-1.jpg","contentUrl":"https:\/\/opdrasifselimoglu.com\/wp-content\/uploads\/2021\/05\/cropped-asif-selimoglu_Calisma-Yuzeyi-1_130x130-1.jpg","width":130,"height":130,"caption":"OP.DR.AS\u0130F SEL\u0130MO\u011eLU"},"image":{"@id":"https:\/\/opdrasifselimoglu.com\/#\/schema\/logo\/image\/"},"sameAs":["https:\/\/www.facebook.com\/drasifselimoglu\/","https:\/\/www.instagram.com\/drselimoglu\/","https:\/\/tr.linkedin.com\/in\/asif-selimo\u011flu-salimov-a822a296"]}]}},"_links":{"self":[{"href":"https:\/\/opdrasifselimoglu.com\/index.php\/wp-json\/wp\/v2\/pages\/188","targetHints":{"allow":["GET"]}}],"collection":[{"href":"https:\/\/opdrasifselimoglu.com\/index.php\/wp-json\/wp\/v2\/pages"}],"about":[{"href":"https:\/\/opdrasifselimoglu.com\/index.php\/wp-json\/wp\/v2\/types\/page"}],"author":[{"embeddable":true,"href":"https:\/\/opdrasifselimoglu.com\/index.php\/wp-json\/wp\/v2\/users\/1"}],"replies":[{"embeddable":true,"href":"https:\/\/opdrasifselimoglu.com\/index.php\/wp-json\/wp\/v2\/comments?post=188"}],"version-history":[{"count":4,"href":"https:\/\/opdrasifselimoglu.com\/index.php\/wp-json\/wp\/v2\/pages\/188\/revisions"}],"predecessor-version":[{"id":3198,"href":"https:\/\/opdrasifselimoglu.com\/index.php\/wp-json\/wp\/v2\/pages\/188\/revisions\/3198"}],"wp:attachment":[{"href":"https:\/\/opdrasifselimoglu.com\/index.php\/wp-json\/wp\/v2\/media?parent=188"}],"curies":[{"name":"wp","href":"https:\/\/api.w.org\/{rel}","templated":true}]}}