{"id":187,"date":"2020-12-22T11:48:00","date_gmt":"2020-12-22T11:48:00","guid":{"rendered":"https:\/\/opdrasifselimoglu.com\/?page_id=187"},"modified":"2021-01-20T11:08:05","modified_gmt":"2021-01-20T11:08:05","slug":"op-dr-asif-selimoglu","status":"publish","type":"page","link":"https:\/\/opdrasifselimoglu.com\/index.php\/op-dr-asif-selimoglu\/","title":{"rendered":"Op. Dr. Asif Selimo\u011flu Kimdir?"},"content":{"rendered":"\n<div class=\"wp-block-image size-large\"><figure class=\"aligncenter size-large\"><img loading=\"lazy\" decoding=\"async\" width=\"300\" height=\"344\" src=\"https:\/\/opdrasifselimoglu.com\/wp-content\/uploads\/2021\/01\/asif_selimoglu300.jpg\" alt=\"Operat\u00f6r dr asif selimo\u011flu estetik cerrahi\" class=\"wp-image-495\" srcset=\"https:\/\/opdrasifselimoglu.com\/wp-content\/uploads\/2021\/01\/asif_selimoglu300.jpg 300w, https:\/\/opdrasifselimoglu.com\/wp-content\/uploads\/2021\/01\/asif_selimoglu300-262x300.jpg 262w, https:\/\/opdrasifselimoglu.com\/wp-content\/uploads\/2021\/01\/asif_selimoglu300-52x60.jpg 52w\" sizes=\"auto, (max-width: 300px) 100vw, 300px\" \/><\/figure><\/div>\n\n\n<p>Op.Dr.Asif Selimo\u011flu, T\u0131p e\u011fitimini Hacettepe \u00dcniversitesi T\u0131p Fak\u00fcltesinde (2005-2011) derece ile tamamlad\u0131ktan sonra, T\u0131pta Uzmanl\u0131k S\u0131nav\u0131 (TUS- Eyl\u00fcl 2011) \u2018nda y\u00fcksek derece elde ederek;<br>Hacettepe \u00dcniversitesi T\u0131p Fak\u00fcltesi\u2019 nde Kulak Burun Bo\u011faz Hastal\u0131klar\u0131; Ana bilim Dal\u0131nda e\u011fitim almak \u00fczere kabul alm\u0131\u015ft\u0131r. 2011-2016 y\u0131llar\u0131 aras\u0131nda e\u011fitimini tamamlayarak Uzmanl\u0131k derecesini (Kulak, Burun, Bo\u011faz ve Ba\u015f-Boyun cerrahisi Uzman\u0131) alm\u0131\u015ft\u0131r.<\/p>\n<p>2014 y\u0131l\u0131nda \u0130talya&#8217;da (Universita degli Studi della Campania Luigi Vanvitelli- Napoli) Profes\u00f6r G.Motta&#8217; n\u0131n klini\u011finde ara\u015ft\u0131rma asistan\u0131 olarak \u00e7al\u0131\u015fm\u0131\u015ft\u0131r.<br>Bir\u00e7ok ulusal ve uluslararas\u0131 kongrelere kat\u0131lm\u0131\u015f ve sunumlar yapm\u0131\u015ft\u0131r. Web of Science (Clarivate Analytics) veri taban\u0131nda yer alan ulusal ve uluslararas\u0131 bilimsel dergilerde yay\u0131nlar\u0131 mevcuttur. Avrupa Y\u00fcz Plastik Cerrahi Derne\u011fi (EAFPS) tam \u00fcyesidir.<\/p>\n<p>\u0130lgi alanlar\u0131 daha \u00e7ok y\u00fcz b\u00f6lgesiyle ilgili estetik operasyonlar ve i\u015flemler (Rinoplasti, otoplasti, blefaroplasti, bi\u015fektomi, botoks-dolgu-prp-mezoterapi\u2026vs.), endoskopik sin\u00fcs cerrahisi, \u00e7ocuk kulak-burun-bo\u011faz cerrahisi olup, kulak burun bo\u011faz ve ba\u015f-boyun b\u00f6lgesindeki t\u00fcm ameliyatlar\u0131 uygulamaktad\u0131r.<a href=\"https:\/\/opdrasifselimoglu.com\/index.php\/akademik-ozgecmisi\/\">Akademik \u00d6zge\u00e7mi\u015f i\u00e7in t\u0131klay\u0131n\u0131z<\/a><\/p>","protected":false},"excerpt":{"rendered":"<p>Op.Dr.Asif Selimo\u011flu, T\u0131p e\u011fitimini Hacettepe \u00dcniversitesi T\u0131p Fak\u00fcltesinde (2005-2011) derece ile tamamlad\u0131ktan sonra, T\u0131pta Uzmanl\u0131k S\u0131nav\u0131 (TUS- Eyl\u00fcl 2011) \u2018nda y\u00fcksek derece elde ederek;Hacettepe \u00dcniversitesi T\u0131p Fak\u00fcltesi\u2019 nde Kulak Burun Bo\u011faz Hastal\u0131klar\u0131; Ana bilim Dal\u0131nda e\u011fitim almak \u00fczere kabul alm\u0131\u015ft\u0131r. <a href=\"https:\/\/opdrasifselimoglu.com\/index.php\/op-dr-asif-selimoglu\/\" class=\"read-more\">Read More &#8230;<\/a><\/p>\n","protected":false},"author":1,"featured_media":0,"parent":0,"menu_order":0,"comment_status":"closed","ping_status":"closed","template":"","meta":{"_joinchat":[],"footnotes":""},"class_list":["post-187","page","type-page","status-publish","hentry"],"yoast_head":"<!-- This site is optimized with the Yoast SEO plugin v25.3 - https:\/\/yoast.com\/wordpress\/plugins\/seo\/ -->\n<title>Op.Dr.Asif Selimo\u011flu Kimdir? Profesyonel Plastik Cerrahi Uzman<\/title>\n<meta name=\"robots\" content=\"index, follow, max-snippet:-1, max-image-preview:large, max-video-preview:-1\" \/>\n<link rel=\"canonical\" href=\"https:\/\/opdrasifselimoglu.com\/index.php\/op-dr-asif-selimoglu\/\" \/>\n<meta property=\"og:locale\" content=\"tr_TR\" \/>\n<meta property=\"og:type\" content=\"article\" \/>\n<meta property=\"og:title\" content=\"Op.Dr.Asif Selimo\u011flu Kimdir? Profesyonel Plastik Cerrahi Uzman\" \/>\n<meta property=\"og:description\" content=\"Op.Dr.Asif Selimo\u011flu, T\u0131p e\u011fitimini Hacettepe \u00dcniversitesi T\u0131p Fak\u00fcltesinde (2005-2011) derece ile tamamlad\u0131ktan sonra, T\u0131pta Uzmanl\u0131k S\u0131nav\u0131 (TUS- Eyl\u00fcl 2011) \u2018nda y\u00fcksek derece elde ederek;Hacettepe \u00dcniversitesi T\u0131p Fak\u00fcltesi\u2019 nde Kulak Burun Bo\u011faz Hastal\u0131klar\u0131; Ana bilim Dal\u0131nda e\u011fitim almak \u00fczere kabul alm\u0131\u015ft\u0131r. Read More ...\" \/>\n<meta property=\"og:url\" content=\"https:\/\/opdrasifselimoglu.com\/index.php\/op-dr-asif-selimoglu\/\" \/>\n<meta property=\"og:site_name\" content=\"Op. Dr. AS\u0130F SEL\u0130MO\u011eLU\" \/>\n<meta property=\"article:publisher\" content=\"https:\/\/www.facebook.com\/drasifselimoglu\/\" \/>\n<meta property=\"article:modified_time\" content=\"2021-01-20T11:08:05+00:00\" \/>\n<meta property=\"og:image\" content=\"https:\/\/opdrasifselimoglu.com\/wp-content\/uploads\/2021\/01\/asif_selimoglu300.jpg\" \/>\n<meta name=\"twitter:card\" content=\"summary_large_image\" \/>\n<meta name=\"twitter:label1\" content=\"Tahmini okuma s\u00fcresi\" \/>\n\t<meta name=\"twitter:data1\" content=\"1 dakika\" \/>\n<script type=\"application\/ld+json\" class=\"yoast-schema-graph\">{\"@context\":\"https:\/\/schema.org\",\"@graph\":[{\"@type\":\"WebPage\",\"@id\":\"https:\/\/opdrasifselimoglu.com\/index.php\/op-dr-asif-selimoglu\/\",\"url\":\"https:\/\/opdrasifselimoglu.com\/index.php\/op-dr-asif-selimoglu\/\",\"name\":\"Op.Dr.Asif Selimo\u011flu Kimdir? Profesyonel Plastik Cerrahi Uzman\",\"isPartOf\":{\"@id\":\"https:\/\/opdrasifselimoglu.com\/#website\"},\"primaryImageOfPage\":{\"@id\":\"https:\/\/opdrasifselimoglu.com\/index.php\/op-dr-asif-selimoglu\/#primaryimage\"},\"image\":{\"@id\":\"https:\/\/opdrasifselimoglu.com\/index.php\/op-dr-asif-selimoglu\/#primaryimage\"},\"thumbnailUrl\":\"https:\/\/opdrasifselimoglu.com\/wp-content\/uploads\/2021\/01\/asif_selimoglu300.jpg\",\"datePublished\":\"2020-12-22T11:48:00+00:00\",\"dateModified\":\"2021-01-20T11:08:05+00:00\",\"breadcrumb\":{\"@id\":\"https:\/\/opdrasifselimoglu.com\/index.php\/op-dr-asif-selimoglu\/#breadcrumb\"},\"inLanguage\":\"tr\",\"potentialAction\":[{\"@type\":\"ReadAction\",\"target\":[\"https:\/\/opdrasifselimoglu.com\/index.php\/op-dr-asif-selimoglu\/\"]}]},{\"@type\":\"ImageObject\",\"inLanguage\":\"tr\",\"@id\":\"https:\/\/opdrasifselimoglu.com\/index.php\/op-dr-asif-selimoglu\/#primaryimage\",\"url\":\"https:\/\/opdrasifselimoglu.com\/wp-content\/uploads\/2021\/01\/asif_selimoglu300.jpg\",\"contentUrl\":\"https:\/\/opdrasifselimoglu.com\/wp-content\/uploads\/2021\/01\/asif_selimoglu300.jpg\",\"width\":300,\"height\":344},{\"@type\":\"BreadcrumbList\",\"@id\":\"https:\/\/opdrasifselimoglu.com\/index.php\/op-dr-asif-selimoglu\/#breadcrumb\",\"itemListElement\":[{\"@type\":\"ListItem\",\"position\":1,\"name\":\"Home\",\"item\":\"https:\/\/opdrasifselimoglu.com\/\"},{\"@type\":\"ListItem\",\"position\":2,\"name\":\"Op. Dr. Asif Selimo\u011flu Kimdir?\"}]},{\"@type\":\"WebSite\",\"@id\":\"https:\/\/opdrasifselimoglu.com\/#website\",\"url\":\"https:\/\/opdrasifselimoglu.com\/\",\"name\":\"Op. Dr. Asif Selimo\u011flu Kulak, Burun, Bo\u011faz, Ba\u015f-Boyun Cerrahisi ve Y\u00fcz Esteti\u011fi\",\"description\":\"Kulak, Burun, Bo\u011faz, Ba\u015f-Boyun Cerrahisi ve Y\u00fcz Esteti\u011fi\",\"publisher\":{\"@id\":\"https:\/\/opdrasifselimoglu.com\/#organization\"},\"potentialAction\":[{\"@type\":\"SearchAction\",\"target\":{\"@type\":\"EntryPoint\",\"urlTemplate\":\"https:\/\/opdrasifselimoglu.com\/?s={search_term_string}\"},\"query-input\":{\"@type\":\"PropertyValueSpecification\",\"valueRequired\":true,\"valueName\":\"search_term_string\"}}],\"inLanguage\":\"tr\"},{\"@type\":\"Organization\",\"@id\":\"https:\/\/opdrasifselimoglu.com\/#organization\",\"name\":\"OP.DR.AS\u0130F SEL\u0130MO\u011eLU\",\"url\":\"https:\/\/opdrasifselimoglu.com\/\",\"logo\":{\"@type\":\"ImageObject\",\"inLanguage\":\"tr\",\"@id\":\"https:\/\/opdrasifselimoglu.com\/#\/schema\/logo\/image\/\",\"url\":\"https:\/\/opdrasifselimoglu.com\/wp-content\/uploads\/2021\/05\/cropped-asif-selimoglu_Calisma-Yuzeyi-1_130x130-1.jpg\",\"contentUrl\":\"https:\/\/opdrasifselimoglu.com\/wp-content\/uploads\/2021\/05\/cropped-asif-selimoglu_Calisma-Yuzeyi-1_130x130-1.jpg\",\"width\":130,\"height\":130,\"caption\":\"OP.DR.AS\u0130F SEL\u0130MO\u011eLU\"},\"image\":{\"@id\":\"https:\/\/opdrasifselimoglu.com\/#\/schema\/logo\/image\/\"},\"sameAs\":[\"https:\/\/www.facebook.com\/drasifselimoglu\/\",\"https:\/\/www.instagram.com\/drselimoglu\/\",\"https:\/\/tr.linkedin.com\/in\/asif-selimo\u011flu-salimov-a822a296\"]}]}<\/script>\n<!-- \/ Yoast SEO plugin. -->","yoast_head_json":{"title":"Op.Dr.Asif Selimo\u011flu Kimdir? Profesyonel Plastik Cerrahi Uzman","robots":{"index":"index","follow":"follow","max-snippet":"max-snippet:-1","max-image-preview":"max-image-preview:large","max-video-preview":"max-video-preview:-1"},"canonical":"https:\/\/opdrasifselimoglu.com\/index.php\/op-dr-asif-selimoglu\/","og_locale":"tr_TR","og_type":"article","og_title":"Op.Dr.Asif Selimo\u011flu Kimdir? Profesyonel Plastik Cerrahi Uzman","og_description":"Op.Dr.Asif Selimo\u011flu, T\u0131p e\u011fitimini Hacettepe \u00dcniversitesi T\u0131p Fak\u00fcltesinde (2005-2011) derece ile tamamlad\u0131ktan sonra, T\u0131pta Uzmanl\u0131k S\u0131nav\u0131 (TUS- Eyl\u00fcl 2011) \u2018nda y\u00fcksek derece elde ederek;Hacettepe \u00dcniversitesi T\u0131p Fak\u00fcltesi\u2019 nde Kulak Burun Bo\u011faz Hastal\u0131klar\u0131; Ana bilim Dal\u0131nda e\u011fitim almak \u00fczere kabul alm\u0131\u015ft\u0131r. Read More ...","og_url":"https:\/\/opdrasifselimoglu.com\/index.php\/op-dr-asif-selimoglu\/","og_site_name":"Op. Dr. AS\u0130F SEL\u0130MO\u011eLU","article_publisher":"https:\/\/www.facebook.com\/drasifselimoglu\/","article_modified_time":"2021-01-20T11:08:05+00:00","og_image":[{"url":"https:\/\/opdrasifselimoglu.com\/wp-content\/uploads\/2021\/01\/asif_selimoglu300.jpg","type":"","width":"","height":""}],"twitter_card":"summary_large_image","twitter_misc":{"Tahmini okuma s\u00fcresi":"1 dakika"},"schema":{"@context":"https:\/\/schema.org","@graph":[{"@type":"WebPage","@id":"https:\/\/opdrasifselimoglu.com\/index.php\/op-dr-asif-selimoglu\/","url":"https:\/\/opdrasifselimoglu.com\/index.php\/op-dr-asif-selimoglu\/","name":"Op.Dr.Asif Selimo\u011flu Kimdir? Profesyonel Plastik Cerrahi Uzman","isPartOf":{"@id":"https:\/\/opdrasifselimoglu.com\/#website"},"primaryImageOfPage":{"@id":"https:\/\/opdrasifselimoglu.com\/index.php\/op-dr-asif-selimoglu\/#primaryimage"},"image":{"@id":"https:\/\/opdrasifselimoglu.com\/index.php\/op-dr-asif-selimoglu\/#primaryimage"},"thumbnailUrl":"https:\/\/opdrasifselimoglu.com\/wp-content\/uploads\/2021\/01\/asif_selimoglu300.jpg","datePublished":"2020-12-22T11:48:00+00:00","dateModified":"2021-01-20T11:08:05+00:00","breadcrumb":{"@id":"https:\/\/opdrasifselimoglu.com\/index.php\/op-dr-asif-selimoglu\/#breadcrumb"},"inLanguage":"tr","potentialAction":[{"@type":"ReadAction","target":["https:\/\/opdrasifselimoglu.com\/index.php\/op-dr-asif-selimoglu\/"]}]},{"@type":"ImageObject","inLanguage":"tr","@id":"https:\/\/opdrasifselimoglu.com\/index.php\/op-dr-asif-selimoglu\/#primaryimage","url":"https:\/\/opdrasifselimoglu.com\/wp-content\/uploads\/2021\/01\/asif_selimoglu300.jpg","contentUrl":"https:\/\/opdrasifselimoglu.com\/wp-content\/uploads\/2021\/01\/asif_selimoglu300.jpg","width":300,"height":344},{"@type":"BreadcrumbList","@id":"https:\/\/opdrasifselimoglu.com\/index.php\/op-dr-asif-selimoglu\/#breadcrumb","itemListElement":[{"@type":"ListItem","position":1,"name":"Home","item":"https:\/\/opdrasifselimoglu.com\/"},{"@type":"ListItem","position":2,"name":"Op. Dr. Asif Selimo\u011flu Kimdir?"}]},{"@type":"WebSite","@id":"https:\/\/opdrasifselimoglu.com\/#website","url":"https:\/\/opdrasifselimoglu.com\/","name":"Op. Dr. Asif Selimo\u011flu Kulak, Burun, Bo\u011faz, Ba\u015f-Boyun Cerrahisi ve Y\u00fcz Esteti\u011fi","description":"Kulak, Burun, Bo\u011faz, Ba\u015f-Boyun Cerrahisi ve Y\u00fcz Esteti\u011fi","publisher":{"@id":"https:\/\/opdrasifselimoglu.com\/#organization"},"potentialAction":[{"@type":"SearchAction","target":{"@type":"EntryPoint","urlTemplate":"https:\/\/opdrasifselimoglu.com\/?s={search_term_string}"},"query-input":{"@type":"PropertyValueSpecification","valueRequired":true,"valueName":"search_term_string"}}],"inLanguage":"tr"},{"@type":"Organization","@id":"https:\/\/opdrasifselimoglu.com\/#organization","name":"OP.DR.AS\u0130F SEL\u0130MO\u011eLU","url":"https:\/\/opdrasifselimoglu.com\/","logo":{"@type":"ImageObject","inLanguage":"tr","@id":"https:\/\/opdrasifselimoglu.com\/#\/schema\/logo\/image\/","url":"https:\/\/opdrasifselimoglu.com\/wp-content\/uploads\/2021\/05\/cropped-asif-selimoglu_Calisma-Yuzeyi-1_130x130-1.jpg","contentUrl":"https:\/\/opdrasifselimoglu.com\/wp-content\/uploads\/2021\/05\/cropped-asif-selimoglu_Calisma-Yuzeyi-1_130x130-1.jpg","width":130,"height":130,"caption":"OP.DR.AS\u0130F SEL\u0130MO\u011eLU"},"image":{"@id":"https:\/\/opdrasifselimoglu.com\/#\/schema\/logo\/image\/"},"sameAs":["https:\/\/www.facebook.com\/drasifselimoglu\/","https:\/\/www.instagram.com\/drselimoglu\/","https:\/\/tr.linkedin.com\/in\/asif-selimo\u011flu-salimov-a822a296"]}]}},"_links":{"self":[{"href":"https:\/\/opdrasifselimoglu.com\/index.php\/wp-json\/wp\/v2\/pages\/187","targetHints":{"allow":["GET"]}}],"collection":[{"href":"https:\/\/opdrasifselimoglu.com\/index.php\/wp-json\/wp\/v2\/pages"}],"about":[{"href":"https:\/\/opdrasifselimoglu.com\/index.php\/wp-json\/wp\/v2\/types\/page"}],"author":[{"embeddable":true,"href":"https:\/\/opdrasifselimoglu.com\/index.php\/wp-json\/wp\/v2\/users\/1"}],"replies":[{"embeddable":true,"href":"https:\/\/opdrasifselimoglu.com\/index.php\/wp-json\/wp\/v2\/comments?post=187"}],"version-history":[{"count":13,"href":"https:\/\/opdrasifselimoglu.com\/index.php\/wp-json\/wp\/v2\/pages\/187\/revisions"}],"predecessor-version":[{"id":518,"href":"https:\/\/opdrasifselimoglu.com\/index.php\/wp-json\/wp\/v2\/pages\/187\/revisions\/518"}],"wp:attachment":[{"href":"https:\/\/opdrasifselimoglu.com\/index.php\/wp-json\/wp\/v2\/media?parent=187"}],"curies":[{"name":"wp","href":"https:\/\/api.w.org\/{rel}","templated":true}]}}