{"id":162,"date":"2020-12-22T11:45:33","date_gmt":"2020-12-22T11:45:33","guid":{"rendered":"https:\/\/opdrasifselimoglu.com\/?page_id=162"},"modified":"2025-06-02T20:04:32","modified_gmt":"2025-06-02T20:04:32","slug":"operator-asif-selimoglui-k-b-b-uzmani","status":"publish","type":"page","link":"https:\/\/opdrasifselimoglu.com\/","title":{"rendered":""},"content":{"rendered":"<div class=\"alignleft\"><a href=\"https:\/\/opdrasifselimoglu.com\/index.php\/op-dr-asif-selimoglu\/\"><img decoding=\"async\" src=\"https:\/\/opdrasifselimoglu.com\/wp-content\/uploads\/2021\/02\/asif-selimoglu1-1.jpg\" \/><\/a><\/div>\n<h4><a href=\"https:\/\/opdrasifselimoglu.com\/index.php\/op-dr-asif-selimoglu\/\">Operat\u00f6r Doktor Asif Selimo\u011flu Kimdir?<\/a><\/h4>\n<p>Op. Dr. Asif Selimo\u011flu, T\u0131p e\u011fitimini Hacettepe \u00dcniversitesi T\u0131p Fak\u00fcltesinde (2005-2011) derece ile tamamlad\u0131ktan sonra, T\u0131pta Uzmanl\u0131k S\u0131nav\u0131 (TUS- Eyl\u00fcl 2011) y\u00fcksek derece elde ederek (11000 doktorun aras\u0131nda ilk 20 de yer alm\u0131\u015ft\u0131r);<br \/>\nHacettepe \u00dcniversitesi T\u0131p Fak\u00fcltesi\u2019 nde Kulak Burun Bo\u011faz Hastal\u0131klar\u0131; Ana bilim Dal\u0131nda e\u011fitim almak \u00fczere kabul alm\u0131\u015ft\u0131r. 2011-2016 y\u0131llar\u0131 aras\u0131nda e\u011fitimini tamamlayarak Uzmanl\u0131k derecesini (Kulak, Burun, Bo\u011faz ve Ba\u015f-Boyun cerrahisi Uzman\u0131) alm\u0131\u015ft\u0131r. 2014 y\u0131l\u0131nda \u0130talya\u2019da (Universita degli Studi della Campania Luigi Vanvitelli- Napoli) Profes\u00f6r G.Motta\u2019 n\u0131n klini\u011finde ara\u015ft\u0131rma asistan\u0131 olarak \u00e7al\u0131\u015fm\u0131\u015ft\u0131r. Bir\u00e7ok ulusal ve uluslararas\u0131 kongrelere kat\u0131lm\u0131\u015f ve sunumlar yapm\u0131\u015ft\u0131r. Web of Science (Clarivate Analytics) veri taban\u0131nda yer alan ulusal ve uluslararas\u0131 bilimsel dergilerde yay\u0131nlar\u0131 mevcuttur. Avrupa Y\u00fcz Plastik Cerrahi Derne\u011fi (EAFPS) tam \u00fcyesidir. \u00d6zel ilgi alanlar\u0131:<\/p>\n<ul class=\"wp-block-list\">\n<li>Burun fonksiyonel (septoplasti, konka cerrahileri) ve estetik cerrahisi (rinoplasti) (1000+ cerrahi tecr\u00fcbesi)<\/li>\n<li>Y\u00fcz esteti\u011fine y\u00f6nelik cerrahi ve medikal i\u015flemler (otoplasti, bi\u015fektomi, blefaroplasti, gamze esteti\u011fi, liplift..vs.) (botoks, dolgu uygulamalar\u0131\u2026vs.)<\/li>\n<li>\u00c7ocuk KBB cerrahileri (tonsillektomi, adenoidektomi, kula\u011fa ventilasyon t\u00fcp\u00fc tatbiki)<\/li>\n<li>Endoskopik sin\u00fcs cerrahisi<\/li>\n<li>Endoskopik timpanoplasti<\/li>\n<\/ul>\n<p>olup, onkolojik cerrahiler d\u0131\u015f\u0131nda kulak burun bo\u011faz ve ba\u015f-boyun b\u00f6lgesindeki t\u00fcm ameliyatlar\u0131 uygulamaktad\u0131r.<\/p>\n<p><a href=\"https:\/\/opdrasifselimoglu.com\/index.php\/akademik-ozgecmisi\/\">Akademik \u00d6zge\u00e7mi\u015f i\u00e7in t\u0131klay\u0131n\u0131z<\/a><\/p>\n<div><img decoding=\"async\" src=\"https:\/\/opdrasifselimoglu.com\/wp-content\/uploads\/2021\/02\/asifselimoglulogolar-1.png\" \/><\/p>\n<h1 style=\"text-align: center;\">Videolar<br \/>\n<br \/>\n<\/h1>\n<\/div>\n","protected":false},"excerpt":{"rendered":"<p>Operat\u00f6r Doktor Asif Selimo\u011flu Kimdir? Op. Dr. Asif Selimo\u011flu, T\u0131p e\u011fitimini Hacettepe \u00dcniversitesi T\u0131p Fak\u00fcltesinde (2005-2011) derece ile tamamlad\u0131ktan sonra, T\u0131pta Uzmanl\u0131k S\u0131nav\u0131 (TUS- Eyl\u00fcl 2011) y\u00fcksek derece elde ederek (11000 doktorun aras\u0131nda ilk 20 de yer alm\u0131\u015ft\u0131r); Hacettepe \u00dcniversitesi <a href=\"https:\/\/opdrasifselimoglu.com\/\" class=\"read-more\">Read More &#8230;<\/a><\/p>\n","protected":false},"author":1,"featured_media":0,"parent":0,"menu_order":0,"comment_status":"closed","ping_status":"closed","template":"","meta":{"_joinchat":[],"footnotes":""},"class_list":["post-162","page","type-page","status-publish","hentry"],"yoast_head":"<!-- This site is optimized with the Yoast SEO plugin v25.3 - https:\/\/yoast.com\/wordpress\/plugins\/seo\/ -->\n<title>Ankara Burun Esteti\u011fi - Op. Dr. Asif Selimo\u011flu Kulak Burun Bo\u011faz Ba\u015f-Boyun Cerrahisi ve Y\u00fcz Esteti\u011fi<\/title>\n<meta name=\"description\" content=\"Ankara,Burun esteti\u011fi, Kep\u00e7e kulak esteti\u011fi, G\u00f6z kapa\u011f\u0131 esteti\u011fi, Y\u00fczde Estetik \u0130\u015flemler (Botoks-dolgu-prp-mezoterapi), endoskopik sin\u00fcs cerrahisi, \u00e7ocuk kulak-burun-bo\u011faz cerrahisi, K.B.B hastalal\u0131klar\u0131 uzman\u0131\" \/>\n<meta name=\"robots\" content=\"index, follow, max-snippet:-1, max-image-preview:large, max-video-preview:-1\" \/>\n<link rel=\"canonical\" href=\"https:\/\/opdrasifselimoglu.com\/\" \/>\n<meta property=\"og:locale\" content=\"tr_TR\" \/>\n<meta property=\"og:type\" content=\"article\" \/>\n<meta property=\"og:title\" content=\"Ankara Burun Esteti\u011fi - Op. Dr. Asif Selimo\u011flu Kulak Burun Bo\u011faz Ba\u015f-Boyun Cerrahisi ve Y\u00fcz Esteti\u011fi\" \/>\n<meta property=\"og:description\" content=\"Ankara,Burun esteti\u011fi, Kep\u00e7e kulak esteti\u011fi, G\u00f6z kapa\u011f\u0131 esteti\u011fi, Y\u00fczde Estetik \u0130\u015flemler (Botoks-dolgu-prp-mezoterapi), endoskopik sin\u00fcs cerrahisi, \u00e7ocuk kulak-burun-bo\u011faz cerrahisi, K.B.B hastalal\u0131klar\u0131 uzman\u0131\" \/>\n<meta property=\"og:url\" content=\"https:\/\/opdrasifselimoglu.com\/\" \/>\n<meta property=\"og:site_name\" content=\"Op. Dr. AS\u0130F SEL\u0130MO\u011eLU\" \/>\n<meta property=\"article:publisher\" content=\"https:\/\/www.facebook.com\/drasifselimoglu\/\" \/>\n<meta property=\"article:modified_time\" content=\"2025-06-02T20:04:32+00:00\" \/>\n<meta property=\"og:image\" content=\"https:\/\/opdrasifselimoglu.com\/wp-content\/uploads\/2021\/02\/asif-selimoglu1-1.jpg\" \/>\n<meta name=\"twitter:card\" content=\"summary_large_image\" \/>\n<meta name=\"twitter:label1\" content=\"Tahmini okuma s\u00fcresi\" \/>\n\t<meta name=\"twitter:data1\" content=\"2 dakika\" \/>\n<script type=\"application\/ld+json\" class=\"yoast-schema-graph\">{\"@context\":\"https:\/\/schema.org\",\"@graph\":[{\"@type\":\"WebPage\",\"@id\":\"https:\/\/opdrasifselimoglu.com\/\",\"url\":\"https:\/\/opdrasifselimoglu.com\/\",\"name\":\"Ankara Burun Esteti\u011fi - Op. Dr. Asif Selimo\u011flu Kulak Burun Bo\u011faz Ba\u015f-Boyun Cerrahisi ve Y\u00fcz Esteti\u011fi\",\"isPartOf\":{\"@id\":\"https:\/\/opdrasifselimoglu.com\/#website\"},\"primaryImageOfPage\":{\"@id\":\"https:\/\/opdrasifselimoglu.com\/#primaryimage\"},\"image\":{\"@id\":\"https:\/\/opdrasifselimoglu.com\/#primaryimage\"},\"thumbnailUrl\":\"https:\/\/opdrasifselimoglu.com\/wp-content\/uploads\/2021\/02\/asif-selimoglu1-1.jpg\",\"datePublished\":\"2020-12-22T11:45:33+00:00\",\"dateModified\":\"2025-06-02T20:04:32+00:00\",\"description\":\"Ankara,Burun esteti\u011fi, Kep\u00e7e kulak esteti\u011fi, G\u00f6z kapa\u011f\u0131 esteti\u011fi, Y\u00fczde Estetik \u0130\u015flemler (Botoks-dolgu-prp-mezoterapi), endoskopik sin\u00fcs cerrahisi, \u00e7ocuk kulak-burun-bo\u011faz cerrahisi, K.B.B hastalal\u0131klar\u0131 uzman\u0131\",\"inLanguage\":\"tr\",\"potentialAction\":[{\"@type\":\"ReadAction\",\"target\":[\"https:\/\/opdrasifselimoglu.com\/\"]}]},{\"@type\":\"ImageObject\",\"inLanguage\":\"tr\",\"@id\":\"https:\/\/opdrasifselimoglu.com\/#primaryimage\",\"url\":\"https:\/\/opdrasifselimoglu.com\/wp-content\/uploads\/2021\/02\/asif-selimoglu1-1.jpg\",\"contentUrl\":\"https:\/\/opdrasifselimoglu.com\/wp-content\/uploads\/2021\/02\/asif-selimoglu1-1.jpg\",\"width\":500,\"height\":500},{\"@type\":\"WebSite\",\"@id\":\"https:\/\/opdrasifselimoglu.com\/#website\",\"url\":\"https:\/\/opdrasifselimoglu.com\/\",\"name\":\"Op. Dr. Asif Selimo\u011flu Kulak, Burun, Bo\u011faz, Ba\u015f-Boyun Cerrahisi ve Y\u00fcz Esteti\u011fi\",\"description\":\"Kulak, Burun, Bo\u011faz, Ba\u015f-Boyun Cerrahisi ve Y\u00fcz Esteti\u011fi\",\"publisher\":{\"@id\":\"https:\/\/opdrasifselimoglu.com\/#organization\"},\"potentialAction\":[{\"@type\":\"SearchAction\",\"target\":{\"@type\":\"EntryPoint\",\"urlTemplate\":\"https:\/\/opdrasifselimoglu.com\/?s={search_term_string}\"},\"query-input\":{\"@type\":\"PropertyValueSpecification\",\"valueRequired\":true,\"valueName\":\"search_term_string\"}}],\"inLanguage\":\"tr\"},{\"@type\":\"Organization\",\"@id\":\"https:\/\/opdrasifselimoglu.com\/#organization\",\"name\":\"OP.DR.AS\u0130F SEL\u0130MO\u011eLU\",\"url\":\"https:\/\/opdrasifselimoglu.com\/\",\"logo\":{\"@type\":\"ImageObject\",\"inLanguage\":\"tr\",\"@id\":\"https:\/\/opdrasifselimoglu.com\/#\/schema\/logo\/image\/\",\"url\":\"https:\/\/opdrasifselimoglu.com\/wp-content\/uploads\/2021\/05\/cropped-asif-selimoglu_Calisma-Yuzeyi-1_130x130-1.jpg\",\"contentUrl\":\"https:\/\/opdrasifselimoglu.com\/wp-content\/uploads\/2021\/05\/cropped-asif-selimoglu_Calisma-Yuzeyi-1_130x130-1.jpg\",\"width\":130,\"height\":130,\"caption\":\"OP.DR.AS\u0130F SEL\u0130MO\u011eLU\"},\"image\":{\"@id\":\"https:\/\/opdrasifselimoglu.com\/#\/schema\/logo\/image\/\"},\"sameAs\":[\"https:\/\/www.facebook.com\/drasifselimoglu\/\",\"https:\/\/www.instagram.com\/drselimoglu\/\",\"https:\/\/tr.linkedin.com\/in\/asif-selimo\u011flu-salimov-a822a296\"]}]}<\/script>\n<!-- \/ Yoast SEO plugin. -->","yoast_head_json":{"title":"Ankara Burun Esteti\u011fi - Op. Dr. Asif Selimo\u011flu Kulak Burun Bo\u011faz Ba\u015f-Boyun Cerrahisi ve Y\u00fcz Esteti\u011fi","description":"Ankara,Burun esteti\u011fi, Kep\u00e7e kulak esteti\u011fi, G\u00f6z kapa\u011f\u0131 esteti\u011fi, Y\u00fczde Estetik \u0130\u015flemler (Botoks-dolgu-prp-mezoterapi), endoskopik sin\u00fcs cerrahisi, \u00e7ocuk kulak-burun-bo\u011faz cerrahisi, K.B.B hastalal\u0131klar\u0131 uzman\u0131","robots":{"index":"index","follow":"follow","max-snippet":"max-snippet:-1","max-image-preview":"max-image-preview:large","max-video-preview":"max-video-preview:-1"},"canonical":"https:\/\/opdrasifselimoglu.com\/","og_locale":"tr_TR","og_type":"article","og_title":"Ankara Burun Esteti\u011fi - Op. Dr. Asif Selimo\u011flu Kulak Burun Bo\u011faz Ba\u015f-Boyun Cerrahisi ve Y\u00fcz Esteti\u011fi","og_description":"Ankara,Burun esteti\u011fi, Kep\u00e7e kulak esteti\u011fi, G\u00f6z kapa\u011f\u0131 esteti\u011fi, Y\u00fczde Estetik \u0130\u015flemler (Botoks-dolgu-prp-mezoterapi), endoskopik sin\u00fcs cerrahisi, \u00e7ocuk kulak-burun-bo\u011faz cerrahisi, K.B.B hastalal\u0131klar\u0131 uzman\u0131","og_url":"https:\/\/opdrasifselimoglu.com\/","og_site_name":"Op. Dr. AS\u0130F SEL\u0130MO\u011eLU","article_publisher":"https:\/\/www.facebook.com\/drasifselimoglu\/","article_modified_time":"2025-06-02T20:04:32+00:00","og_image":[{"url":"https:\/\/opdrasifselimoglu.com\/wp-content\/uploads\/2021\/02\/asif-selimoglu1-1.jpg","type":"","width":"","height":""}],"twitter_card":"summary_large_image","twitter_misc":{"Tahmini okuma s\u00fcresi":"2 dakika"},"schema":{"@context":"https:\/\/schema.org","@graph":[{"@type":"WebPage","@id":"https:\/\/opdrasifselimoglu.com\/","url":"https:\/\/opdrasifselimoglu.com\/","name":"Ankara Burun Esteti\u011fi - Op. Dr. Asif Selimo\u011flu Kulak Burun Bo\u011faz Ba\u015f-Boyun Cerrahisi ve Y\u00fcz Esteti\u011fi","isPartOf":{"@id":"https:\/\/opdrasifselimoglu.com\/#website"},"primaryImageOfPage":{"@id":"https:\/\/opdrasifselimoglu.com\/#primaryimage"},"image":{"@id":"https:\/\/opdrasifselimoglu.com\/#primaryimage"},"thumbnailUrl":"https:\/\/opdrasifselimoglu.com\/wp-content\/uploads\/2021\/02\/asif-selimoglu1-1.jpg","datePublished":"2020-12-22T11:45:33+00:00","dateModified":"2025-06-02T20:04:32+00:00","description":"Ankara,Burun esteti\u011fi, Kep\u00e7e kulak esteti\u011fi, G\u00f6z kapa\u011f\u0131 esteti\u011fi, Y\u00fczde Estetik \u0130\u015flemler (Botoks-dolgu-prp-mezoterapi), endoskopik sin\u00fcs cerrahisi, \u00e7ocuk kulak-burun-bo\u011faz cerrahisi, K.B.B hastalal\u0131klar\u0131 uzman\u0131","inLanguage":"tr","potentialAction":[{"@type":"ReadAction","target":["https:\/\/opdrasifselimoglu.com\/"]}]},{"@type":"ImageObject","inLanguage":"tr","@id":"https:\/\/opdrasifselimoglu.com\/#primaryimage","url":"https:\/\/opdrasifselimoglu.com\/wp-content\/uploads\/2021\/02\/asif-selimoglu1-1.jpg","contentUrl":"https:\/\/opdrasifselimoglu.com\/wp-content\/uploads\/2021\/02\/asif-selimoglu1-1.jpg","width":500,"height":500},{"@type":"WebSite","@id":"https:\/\/opdrasifselimoglu.com\/#website","url":"https:\/\/opdrasifselimoglu.com\/","name":"Op. Dr. Asif Selimo\u011flu Kulak, Burun, Bo\u011faz, Ba\u015f-Boyun Cerrahisi ve Y\u00fcz Esteti\u011fi","description":"Kulak, Burun, Bo\u011faz, Ba\u015f-Boyun Cerrahisi ve Y\u00fcz Esteti\u011fi","publisher":{"@id":"https:\/\/opdrasifselimoglu.com\/#organization"},"potentialAction":[{"@type":"SearchAction","target":{"@type":"EntryPoint","urlTemplate":"https:\/\/opdrasifselimoglu.com\/?s={search_term_string}"},"query-input":{"@type":"PropertyValueSpecification","valueRequired":true,"valueName":"search_term_string"}}],"inLanguage":"tr"},{"@type":"Organization","@id":"https:\/\/opdrasifselimoglu.com\/#organization","name":"OP.DR.AS\u0130F SEL\u0130MO\u011eLU","url":"https:\/\/opdrasifselimoglu.com\/","logo":{"@type":"ImageObject","inLanguage":"tr","@id":"https:\/\/opdrasifselimoglu.com\/#\/schema\/logo\/image\/","url":"https:\/\/opdrasifselimoglu.com\/wp-content\/uploads\/2021\/05\/cropped-asif-selimoglu_Calisma-Yuzeyi-1_130x130-1.jpg","contentUrl":"https:\/\/opdrasifselimoglu.com\/wp-content\/uploads\/2021\/05\/cropped-asif-selimoglu_Calisma-Yuzeyi-1_130x130-1.jpg","width":130,"height":130,"caption":"OP.DR.AS\u0130F SEL\u0130MO\u011eLU"},"image":{"@id":"https:\/\/opdrasifselimoglu.com\/#\/schema\/logo\/image\/"},"sameAs":["https:\/\/www.facebook.com\/drasifselimoglu\/","https:\/\/www.instagram.com\/drselimoglu\/","https:\/\/tr.linkedin.com\/in\/asif-selimo\u011flu-salimov-a822a296"]}]}},"_links":{"self":[{"href":"https:\/\/opdrasifselimoglu.com\/index.php\/wp-json\/wp\/v2\/pages\/162","targetHints":{"allow":["GET"]}}],"collection":[{"href":"https:\/\/opdrasifselimoglu.com\/index.php\/wp-json\/wp\/v2\/pages"}],"about":[{"href":"https:\/\/opdrasifselimoglu.com\/index.php\/wp-json\/wp\/v2\/types\/page"}],"author":[{"embeddable":true,"href":"https:\/\/opdrasifselimoglu.com\/index.php\/wp-json\/wp\/v2\/users\/1"}],"replies":[{"embeddable":true,"href":"https:\/\/opdrasifselimoglu.com\/index.php\/wp-json\/wp\/v2\/comments?post=162"}],"version-history":[{"count":1367,"href":"https:\/\/opdrasifselimoglu.com\/index.php\/wp-json\/wp\/v2\/pages\/162\/revisions"}],"predecessor-version":[{"id":3195,"href":"https:\/\/opdrasifselimoglu.com\/index.php\/wp-json\/wp\/v2\/pages\/162\/revisions\/3195"}],"wp:attachment":[{"href":"https:\/\/opdrasifselimoglu.com\/index.php\/wp-json\/wp\/v2\/media?parent=162"}],"curies":[{"name":"wp","href":"https:\/\/api.w.org\/{rel}","templated":true}]}}