{"id":1268,"date":"2021-02-01T13:25:38","date_gmt":"2021-02-01T13:25:38","guid":{"rendered":"https:\/\/opdrasifselimoglu.com\/?page_id=1268"},"modified":"2021-03-31T09:50:42","modified_gmt":"2021-03-31T09:50:42","slug":"botoks","status":"publish","type":"page","link":"https:\/\/opdrasifselimoglu.com\/index.php\/botoks\/","title":{"rendered":"Y\u00fczde Estetik \u0130\u015flemler"},"content":{"rendered":"\n<p class=\"has-normal-font-size\">G\u00fcn\u00fcm\u00fczde farkl\u0131 ya\u015f gruplar\u0131 ya\u015flanma belirtilerini ortadan kald\u0131rarak daha gen\u00e7 g\u00f6r\u00fcnmek ya da y\u00fczdeki \u015fekil bozuklar\u0131n\u0131 d\u00fczeltmek ama\u00e7lar\u0131yla y\u00fcz esteti\u011fi uygulamalar\u0131ndan faydalanmaktad\u0131r. Y\u00fcz\u00fc olu\u015fturan fakl\u0131 b\u00f6l\u00fcmlerin do\u011fal ve uyumlu bir g\u00f6r\u00fcn\u00fcme kavu\u015fmas\u0131 daha gen\u00e7 bir g\u00f6r\u00fcn\u00fcm yaratmaktad\u0131r. Geli\u015fen teknoloji sayesinde cerrahi operasyonlar\u0131n yan\u0131 s\u0131ra ameliyats\u0131z \u00e7\u00f6z\u00fcmler sunan y\u00fcz esteti\u011fi uygulamalar\u0131 sayesinde istenilen g\u00f6r\u00fcn\u00fcme sahip olmak m\u00fcmk\u00fcnd\u00fcr. <\/p>\n\n\n\n<p class=\"has-normal-font-size\"><strong>Y\u00fczde Estetik \u0130\u015flemler: <\/strong>Botoks enjeksiyonu, Dolgu enjeksiyonu, Mezoterapi ama\u00e7l\u0131 enjeksiyon, PRP (Platelet Rich Plasma) enjeksiyonu, iple y\u00fcz germe gibi medikal estetik uygulamalar\u0131n yan\u0131 s\u0131ra bi\u015fektomi (Yanak inceltme), lip lift (Dudak kald\u0131rma) gibi cerrahileri de uygulamaktay\u0131m.<\/p>\n","protected":false},"excerpt":{"rendered":"<p>G\u00fcn\u00fcm\u00fczde farkl\u0131 ya\u015f gruplar\u0131 ya\u015flanma belirtilerini ortadan kald\u0131rarak daha gen\u00e7 g\u00f6r\u00fcnmek ya da y\u00fczdeki \u015fekil bozuklar\u0131n\u0131 d\u00fczeltmek ama\u00e7lar\u0131yla y\u00fcz esteti\u011fi uygulamalar\u0131ndan faydalanmaktad\u0131r. Y\u00fcz\u00fc olu\u015fturan fakl\u0131 b\u00f6l\u00fcmlerin do\u011fal ve uyumlu bir g\u00f6r\u00fcn\u00fcme kavu\u015fmas\u0131 daha gen\u00e7 bir g\u00f6r\u00fcn\u00fcm yaratmaktad\u0131r. Geli\u015fen teknoloji sayesinde <a href=\"https:\/\/opdrasifselimoglu.com\/index.php\/botoks\/\" class=\"read-more\">Read More &#8230;<\/a><\/p>\n","protected":false},"author":1,"featured_media":1302,"parent":0,"menu_order":0,"comment_status":"closed","ping_status":"closed","template":"","meta":{"_joinchat":[],"footnotes":""},"class_list":["post-1268","page","type-page","status-publish","has-post-thumbnail","hentry"],"yoast_head":"<!-- This site is optimized with the Yoast SEO plugin v25.3 - https:\/\/yoast.com\/wordpress\/plugins\/seo\/ -->\n<title>Y\u00fczde Estetik \u0130\u015flemler - Op. Dr. AS\u0130F SEL\u0130MO\u011eLU<\/title>\n<meta name=\"robots\" content=\"index, follow, max-snippet:-1, max-image-preview:large, max-video-preview:-1\" \/>\n<link rel=\"canonical\" href=\"https:\/\/opdrasifselimoglu.com\/index.php\/botoks\/\" \/>\n<meta property=\"og:locale\" content=\"tr_TR\" \/>\n<meta property=\"og:type\" content=\"article\" \/>\n<meta property=\"og:title\" content=\"Y\u00fczde Estetik \u0130\u015flemler - Op. Dr. AS\u0130F SEL\u0130MO\u011eLU\" \/>\n<meta property=\"og:description\" content=\"G\u00fcn\u00fcm\u00fczde farkl\u0131 ya\u015f gruplar\u0131 ya\u015flanma belirtilerini ortadan kald\u0131rarak daha gen\u00e7 g\u00f6r\u00fcnmek ya da y\u00fczdeki \u015fekil bozuklar\u0131n\u0131 d\u00fczeltmek ama\u00e7lar\u0131yla y\u00fcz esteti\u011fi uygulamalar\u0131ndan faydalanmaktad\u0131r. Y\u00fcz\u00fc olu\u015fturan fakl\u0131 b\u00f6l\u00fcmlerin do\u011fal ve uyumlu bir g\u00f6r\u00fcn\u00fcme kavu\u015fmas\u0131 daha gen\u00e7 bir g\u00f6r\u00fcn\u00fcm yaratmaktad\u0131r. Geli\u015fen teknoloji sayesinde Read More ...\" \/>\n<meta property=\"og:url\" content=\"https:\/\/opdrasifselimoglu.com\/index.php\/botoks\/\" \/>\n<meta property=\"og:site_name\" content=\"Op. Dr. AS\u0130F SEL\u0130MO\u011eLU\" \/>\n<meta property=\"article:publisher\" content=\"https:\/\/www.facebook.com\/drasifselimoglu\/\" \/>\n<meta property=\"article:modified_time\" content=\"2021-03-31T09:50:42+00:00\" \/>\n<meta property=\"og:image\" content=\"https:\/\/opdrasifselimoglu.com\/wp-content\/uploads\/2021\/02\/Yuzde-Estetik-Islemleri.png\" \/>\n\t<meta property=\"og:image:width\" content=\"1200\" \/>\n\t<meta property=\"og:image:height\" content=\"500\" \/>\n\t<meta property=\"og:image:type\" content=\"image\/png\" \/>\n<meta name=\"twitter:card\" content=\"summary_large_image\" \/>\n<meta name=\"twitter:label1\" content=\"Tahmini okuma s\u00fcresi\" \/>\n\t<meta name=\"twitter:data1\" content=\"1 dakika\" \/>\n<script type=\"application\/ld+json\" class=\"yoast-schema-graph\">{\"@context\":\"https:\/\/schema.org\",\"@graph\":[{\"@type\":\"WebPage\",\"@id\":\"https:\/\/opdrasifselimoglu.com\/index.php\/botoks\/\",\"url\":\"https:\/\/opdrasifselimoglu.com\/index.php\/botoks\/\",\"name\":\"Y\u00fczde Estetik \u0130\u015flemler - Op. Dr. AS\u0130F SEL\u0130MO\u011eLU\",\"isPartOf\":{\"@id\":\"https:\/\/opdrasifselimoglu.com\/#website\"},\"primaryImageOfPage\":{\"@id\":\"https:\/\/opdrasifselimoglu.com\/index.php\/botoks\/#primaryimage\"},\"image\":{\"@id\":\"https:\/\/opdrasifselimoglu.com\/index.php\/botoks\/#primaryimage\"},\"thumbnailUrl\":\"https:\/\/opdrasifselimoglu.com\/wp-content\/uploads\/2021\/02\/Yuzde-Estetik-Islemleri.png\",\"datePublished\":\"2021-02-01T13:25:38+00:00\",\"dateModified\":\"2021-03-31T09:50:42+00:00\",\"breadcrumb\":{\"@id\":\"https:\/\/opdrasifselimoglu.com\/index.php\/botoks\/#breadcrumb\"},\"inLanguage\":\"tr\",\"potentialAction\":[{\"@type\":\"ReadAction\",\"target\":[\"https:\/\/opdrasifselimoglu.com\/index.php\/botoks\/\"]}]},{\"@type\":\"ImageObject\",\"inLanguage\":\"tr\",\"@id\":\"https:\/\/opdrasifselimoglu.com\/index.php\/botoks\/#primaryimage\",\"url\":\"https:\/\/opdrasifselimoglu.com\/wp-content\/uploads\/2021\/02\/Yuzde-Estetik-Islemleri.png\",\"contentUrl\":\"https:\/\/opdrasifselimoglu.com\/wp-content\/uploads\/2021\/02\/Yuzde-Estetik-Islemleri.png\",\"width\":1200,\"height\":500},{\"@type\":\"BreadcrumbList\",\"@id\":\"https:\/\/opdrasifselimoglu.com\/index.php\/botoks\/#breadcrumb\",\"itemListElement\":[{\"@type\":\"ListItem\",\"position\":1,\"name\":\"Home\",\"item\":\"https:\/\/opdrasifselimoglu.com\/\"},{\"@type\":\"ListItem\",\"position\":2,\"name\":\"Y\u00fczde Estetik \u0130\u015flemler\"}]},{\"@type\":\"WebSite\",\"@id\":\"https:\/\/opdrasifselimoglu.com\/#website\",\"url\":\"https:\/\/opdrasifselimoglu.com\/\",\"name\":\"Op. Dr. Asif Selimo\u011flu Kulak, Burun, Bo\u011faz, Ba\u015f-Boyun Cerrahisi ve Y\u00fcz Esteti\u011fi\",\"description\":\"Kulak, Burun, Bo\u011faz, Ba\u015f-Boyun Cerrahisi ve Y\u00fcz Esteti\u011fi\",\"publisher\":{\"@id\":\"https:\/\/opdrasifselimoglu.com\/#organization\"},\"potentialAction\":[{\"@type\":\"SearchAction\",\"target\":{\"@type\":\"EntryPoint\",\"urlTemplate\":\"https:\/\/opdrasifselimoglu.com\/?s={search_term_string}\"},\"query-input\":{\"@type\":\"PropertyValueSpecification\",\"valueRequired\":true,\"valueName\":\"search_term_string\"}}],\"inLanguage\":\"tr\"},{\"@type\":\"Organization\",\"@id\":\"https:\/\/opdrasifselimoglu.com\/#organization\",\"name\":\"OP.DR.AS\u0130F SEL\u0130MO\u011eLU\",\"url\":\"https:\/\/opdrasifselimoglu.com\/\",\"logo\":{\"@type\":\"ImageObject\",\"inLanguage\":\"tr\",\"@id\":\"https:\/\/opdrasifselimoglu.com\/#\/schema\/logo\/image\/\",\"url\":\"https:\/\/opdrasifselimoglu.com\/wp-content\/uploads\/2021\/05\/cropped-asif-selimoglu_Calisma-Yuzeyi-1_130x130-1.jpg\",\"contentUrl\":\"https:\/\/opdrasifselimoglu.com\/wp-content\/uploads\/2021\/05\/cropped-asif-selimoglu_Calisma-Yuzeyi-1_130x130-1.jpg\",\"width\":130,\"height\":130,\"caption\":\"OP.DR.AS\u0130F SEL\u0130MO\u011eLU\"},\"image\":{\"@id\":\"https:\/\/opdrasifselimoglu.com\/#\/schema\/logo\/image\/\"},\"sameAs\":[\"https:\/\/www.facebook.com\/drasifselimoglu\/\",\"https:\/\/www.instagram.com\/drselimoglu\/\",\"https:\/\/tr.linkedin.com\/in\/asif-selimo\u011flu-salimov-a822a296\"]}]}<\/script>\n<!-- \/ Yoast SEO plugin. -->","yoast_head_json":{"title":"Y\u00fczde Estetik \u0130\u015flemler - Op. Dr. AS\u0130F SEL\u0130MO\u011eLU","robots":{"index":"index","follow":"follow","max-snippet":"max-snippet:-1","max-image-preview":"max-image-preview:large","max-video-preview":"max-video-preview:-1"},"canonical":"https:\/\/opdrasifselimoglu.com\/index.php\/botoks\/","og_locale":"tr_TR","og_type":"article","og_title":"Y\u00fczde Estetik \u0130\u015flemler - Op. Dr. AS\u0130F SEL\u0130MO\u011eLU","og_description":"G\u00fcn\u00fcm\u00fczde farkl\u0131 ya\u015f gruplar\u0131 ya\u015flanma belirtilerini ortadan kald\u0131rarak daha gen\u00e7 g\u00f6r\u00fcnmek ya da y\u00fczdeki \u015fekil bozuklar\u0131n\u0131 d\u00fczeltmek ama\u00e7lar\u0131yla y\u00fcz esteti\u011fi uygulamalar\u0131ndan faydalanmaktad\u0131r. Y\u00fcz\u00fc olu\u015fturan fakl\u0131 b\u00f6l\u00fcmlerin do\u011fal ve uyumlu bir g\u00f6r\u00fcn\u00fcme kavu\u015fmas\u0131 daha gen\u00e7 bir g\u00f6r\u00fcn\u00fcm yaratmaktad\u0131r. Geli\u015fen teknoloji sayesinde Read More ...","og_url":"https:\/\/opdrasifselimoglu.com\/index.php\/botoks\/","og_site_name":"Op. Dr. AS\u0130F SEL\u0130MO\u011eLU","article_publisher":"https:\/\/www.facebook.com\/drasifselimoglu\/","article_modified_time":"2021-03-31T09:50:42+00:00","og_image":[{"width":1200,"height":500,"url":"https:\/\/opdrasifselimoglu.com\/wp-content\/uploads\/2021\/02\/Yuzde-Estetik-Islemleri.png","type":"image\/png"}],"twitter_card":"summary_large_image","twitter_misc":{"Tahmini okuma s\u00fcresi":"1 dakika"},"schema":{"@context":"https:\/\/schema.org","@graph":[{"@type":"WebPage","@id":"https:\/\/opdrasifselimoglu.com\/index.php\/botoks\/","url":"https:\/\/opdrasifselimoglu.com\/index.php\/botoks\/","name":"Y\u00fczde Estetik \u0130\u015flemler - Op. Dr. AS\u0130F SEL\u0130MO\u011eLU","isPartOf":{"@id":"https:\/\/opdrasifselimoglu.com\/#website"},"primaryImageOfPage":{"@id":"https:\/\/opdrasifselimoglu.com\/index.php\/botoks\/#primaryimage"},"image":{"@id":"https:\/\/opdrasifselimoglu.com\/index.php\/botoks\/#primaryimage"},"thumbnailUrl":"https:\/\/opdrasifselimoglu.com\/wp-content\/uploads\/2021\/02\/Yuzde-Estetik-Islemleri.png","datePublished":"2021-02-01T13:25:38+00:00","dateModified":"2021-03-31T09:50:42+00:00","breadcrumb":{"@id":"https:\/\/opdrasifselimoglu.com\/index.php\/botoks\/#breadcrumb"},"inLanguage":"tr","potentialAction":[{"@type":"ReadAction","target":["https:\/\/opdrasifselimoglu.com\/index.php\/botoks\/"]}]},{"@type":"ImageObject","inLanguage":"tr","@id":"https:\/\/opdrasifselimoglu.com\/index.php\/botoks\/#primaryimage","url":"https:\/\/opdrasifselimoglu.com\/wp-content\/uploads\/2021\/02\/Yuzde-Estetik-Islemleri.png","contentUrl":"https:\/\/opdrasifselimoglu.com\/wp-content\/uploads\/2021\/02\/Yuzde-Estetik-Islemleri.png","width":1200,"height":500},{"@type":"BreadcrumbList","@id":"https:\/\/opdrasifselimoglu.com\/index.php\/botoks\/#breadcrumb","itemListElement":[{"@type":"ListItem","position":1,"name":"Home","item":"https:\/\/opdrasifselimoglu.com\/"},{"@type":"ListItem","position":2,"name":"Y\u00fczde Estetik \u0130\u015flemler"}]},{"@type":"WebSite","@id":"https:\/\/opdrasifselimoglu.com\/#website","url":"https:\/\/opdrasifselimoglu.com\/","name":"Op. Dr. Asif Selimo\u011flu Kulak, Burun, Bo\u011faz, Ba\u015f-Boyun Cerrahisi ve Y\u00fcz Esteti\u011fi","description":"Kulak, Burun, Bo\u011faz, Ba\u015f-Boyun Cerrahisi ve Y\u00fcz Esteti\u011fi","publisher":{"@id":"https:\/\/opdrasifselimoglu.com\/#organization"},"potentialAction":[{"@type":"SearchAction","target":{"@type":"EntryPoint","urlTemplate":"https:\/\/opdrasifselimoglu.com\/?s={search_term_string}"},"query-input":{"@type":"PropertyValueSpecification","valueRequired":true,"valueName":"search_term_string"}}],"inLanguage":"tr"},{"@type":"Organization","@id":"https:\/\/opdrasifselimoglu.com\/#organization","name":"OP.DR.AS\u0130F SEL\u0130MO\u011eLU","url":"https:\/\/opdrasifselimoglu.com\/","logo":{"@type":"ImageObject","inLanguage":"tr","@id":"https:\/\/opdrasifselimoglu.com\/#\/schema\/logo\/image\/","url":"https:\/\/opdrasifselimoglu.com\/wp-content\/uploads\/2021\/05\/cropped-asif-selimoglu_Calisma-Yuzeyi-1_130x130-1.jpg","contentUrl":"https:\/\/opdrasifselimoglu.com\/wp-content\/uploads\/2021\/05\/cropped-asif-selimoglu_Calisma-Yuzeyi-1_130x130-1.jpg","width":130,"height":130,"caption":"OP.DR.AS\u0130F SEL\u0130MO\u011eLU"},"image":{"@id":"https:\/\/opdrasifselimoglu.com\/#\/schema\/logo\/image\/"},"sameAs":["https:\/\/www.facebook.com\/drasifselimoglu\/","https:\/\/www.instagram.com\/drselimoglu\/","https:\/\/tr.linkedin.com\/in\/asif-selimo\u011flu-salimov-a822a296"]}]}},"_links":{"self":[{"href":"https:\/\/opdrasifselimoglu.com\/index.php\/wp-json\/wp\/v2\/pages\/1268","targetHints":{"allow":["GET"]}}],"collection":[{"href":"https:\/\/opdrasifselimoglu.com\/index.php\/wp-json\/wp\/v2\/pages"}],"about":[{"href":"https:\/\/opdrasifselimoglu.com\/index.php\/wp-json\/wp\/v2\/types\/page"}],"author":[{"embeddable":true,"href":"https:\/\/opdrasifselimoglu.com\/index.php\/wp-json\/wp\/v2\/users\/1"}],"replies":[{"embeddable":true,"href":"https:\/\/opdrasifselimoglu.com\/index.php\/wp-json\/wp\/v2\/comments?post=1268"}],"version-history":[{"count":9,"href":"https:\/\/opdrasifselimoglu.com\/index.php\/wp-json\/wp\/v2\/pages\/1268\/revisions"}],"predecessor-version":[{"id":3143,"href":"https:\/\/opdrasifselimoglu.com\/index.php\/wp-json\/wp\/v2\/pages\/1268\/revisions\/3143"}],"wp:featuredmedia":[{"embeddable":true,"href":"https:\/\/opdrasifselimoglu.com\/index.php\/wp-json\/wp\/v2\/media\/1302"}],"wp:attachment":[{"href":"https:\/\/opdrasifselimoglu.com\/index.php\/wp-json\/wp\/v2\/media?parent=1268"}],"curies":[{"name":"wp","href":"https:\/\/api.w.org\/{rel}","templated":true}]}}