{"id":1256,"date":"2021-01-31T22:05:03","date_gmt":"2021-01-31T22:05:03","guid":{"rendered":"https:\/\/opdrasifselimoglu.com\/?page_id=1256"},"modified":"2021-02-17T10:55:40","modified_gmt":"2021-02-17T10:55:40","slug":"kas-kaldirma","status":"publish","type":"page","link":"https:\/\/opdrasifselimoglu.com\/index.php\/kas-kaldirma\/","title":{"rendered":"Ka\u015f Kald\u0131rma"},"content":{"rendered":"<p>Klasik ka\u015f kald\u0131rma ameliyat\u0131n\u0131n bir di\u011fer ad\u0131 \u015fakak germe ameliyat\u0131d\u0131r. Operasyon bireyin \u015fakak k\u0131sm\u0131ndan sa\u00e7l\u0131 deri \u00e7\u0131kart\u0131larak bu b\u00f6lgeyi germe \u015feklinde yap\u0131l\u0131r. Bu operasyonun en b\u00fcy\u00fck dezavantaj\u0131, sa\u00e7l\u0131 deri i\u00e7erisine yap\u0131lan uzun diki\u015f hatlar\u0131n\u0131n zaman i\u00e7erisinde geni\u015fleyerek sa\u00e7s\u0131z adalar yaratmas\u0131d\u0131r.<\/p>\n","protected":false},"excerpt":{"rendered":"<p>Klasik ka\u015f kald\u0131rma ameliyat\u0131n\u0131n bir di\u011fer ad\u0131 \u015fakak germe ameliyat\u0131d\u0131r. Operasyon bireyin \u015fakak k\u0131sm\u0131ndan sa\u00e7l\u0131 deri \u00e7\u0131kart\u0131larak bu b\u00f6lgeyi germe \u015feklinde yap\u0131l\u0131r. Bu operasyonun en b\u00fcy\u00fck dezavantaj\u0131, sa\u00e7l\u0131 deri i\u00e7erisine yap\u0131lan uzun diki\u015f hatlar\u0131n\u0131n zaman i\u00e7erisinde geni\u015fleyerek sa\u00e7s\u0131z adalar yaratmas\u0131d\u0131r.<\/p>\n","protected":false},"author":1,"featured_media":0,"parent":0,"menu_order":0,"comment_status":"closed","ping_status":"closed","template":"","meta":{"_joinchat":[],"footnotes":""},"class_list":["post-1256","page","type-page","status-publish","hentry"],"yoast_head":"<!-- This site is optimized with the Yoast SEO plugin v25.3 - https:\/\/yoast.com\/wordpress\/plugins\/seo\/ -->\n<title>Ka\u015f Kald\u0131rma - Op. Dr. AS\u0130F SEL\u0130MO\u011eLU<\/title>\n<meta name=\"robots\" content=\"index, follow, max-snippet:-1, max-image-preview:large, max-video-preview:-1\" \/>\n<link rel=\"canonical\" href=\"https:\/\/opdrasifselimoglu.com\/index.php\/kas-kaldirma\/\" \/>\n<meta property=\"og:locale\" content=\"tr_TR\" \/>\n<meta property=\"og:type\" content=\"article\" \/>\n<meta property=\"og:title\" content=\"Ka\u015f Kald\u0131rma - Op. Dr. AS\u0130F SEL\u0130MO\u011eLU\" \/>\n<meta property=\"og:description\" content=\"Klasik ka\u015f kald\u0131rma ameliyat\u0131n\u0131n bir di\u011fer ad\u0131 \u015fakak germe ameliyat\u0131d\u0131r. Operasyon bireyin \u015fakak k\u0131sm\u0131ndan sa\u00e7l\u0131 deri \u00e7\u0131kart\u0131larak bu b\u00f6lgeyi germe \u015feklinde yap\u0131l\u0131r. Bu operasyonun en b\u00fcy\u00fck dezavantaj\u0131, sa\u00e7l\u0131 deri i\u00e7erisine yap\u0131lan uzun diki\u015f hatlar\u0131n\u0131n zaman i\u00e7erisinde geni\u015fleyerek sa\u00e7s\u0131z adalar yaratmas\u0131d\u0131r.\" \/>\n<meta property=\"og:url\" content=\"https:\/\/opdrasifselimoglu.com\/index.php\/kas-kaldirma\/\" \/>\n<meta property=\"og:site_name\" content=\"Op. Dr. AS\u0130F SEL\u0130MO\u011eLU\" \/>\n<meta property=\"article:publisher\" content=\"https:\/\/www.facebook.com\/drasifselimoglu\/\" \/>\n<meta property=\"article:modified_time\" content=\"2021-02-17T10:55:40+00:00\" \/>\n<meta name=\"twitter:card\" content=\"summary_large_image\" \/>\n<script type=\"application\/ld+json\" class=\"yoast-schema-graph\">{\"@context\":\"https:\/\/schema.org\",\"@graph\":[{\"@type\":\"WebPage\",\"@id\":\"https:\/\/opdrasifselimoglu.com\/index.php\/kas-kaldirma\/\",\"url\":\"https:\/\/opdrasifselimoglu.com\/index.php\/kas-kaldirma\/\",\"name\":\"Ka\u015f Kald\u0131rma - Op. Dr. AS\u0130F SEL\u0130MO\u011eLU\",\"isPartOf\":{\"@id\":\"https:\/\/opdrasifselimoglu.com\/#website\"},\"datePublished\":\"2021-01-31T22:05:03+00:00\",\"dateModified\":\"2021-02-17T10:55:40+00:00\",\"breadcrumb\":{\"@id\":\"https:\/\/opdrasifselimoglu.com\/index.php\/kas-kaldirma\/#breadcrumb\"},\"inLanguage\":\"tr\",\"potentialAction\":[{\"@type\":\"ReadAction\",\"target\":[\"https:\/\/opdrasifselimoglu.com\/index.php\/kas-kaldirma\/\"]}]},{\"@type\":\"BreadcrumbList\",\"@id\":\"https:\/\/opdrasifselimoglu.com\/index.php\/kas-kaldirma\/#breadcrumb\",\"itemListElement\":[{\"@type\":\"ListItem\",\"position\":1,\"name\":\"Home\",\"item\":\"https:\/\/opdrasifselimoglu.com\/\"},{\"@type\":\"ListItem\",\"position\":2,\"name\":\"Ka\u015f Kald\u0131rma\"}]},{\"@type\":\"WebSite\",\"@id\":\"https:\/\/opdrasifselimoglu.com\/#website\",\"url\":\"https:\/\/opdrasifselimoglu.com\/\",\"name\":\"Op. Dr. Asif Selimo\u011flu Kulak, Burun, Bo\u011faz, Ba\u015f-Boyun Cerrahisi ve Y\u00fcz Esteti\u011fi\",\"description\":\"Kulak, Burun, Bo\u011faz, Ba\u015f-Boyun Cerrahisi ve Y\u00fcz Esteti\u011fi\",\"publisher\":{\"@id\":\"https:\/\/opdrasifselimoglu.com\/#organization\"},\"potentialAction\":[{\"@type\":\"SearchAction\",\"target\":{\"@type\":\"EntryPoint\",\"urlTemplate\":\"https:\/\/opdrasifselimoglu.com\/?s={search_term_string}\"},\"query-input\":{\"@type\":\"PropertyValueSpecification\",\"valueRequired\":true,\"valueName\":\"search_term_string\"}}],\"inLanguage\":\"tr\"},{\"@type\":\"Organization\",\"@id\":\"https:\/\/opdrasifselimoglu.com\/#organization\",\"name\":\"OP.DR.AS\u0130F SEL\u0130MO\u011eLU\",\"url\":\"https:\/\/opdrasifselimoglu.com\/\",\"logo\":{\"@type\":\"ImageObject\",\"inLanguage\":\"tr\",\"@id\":\"https:\/\/opdrasifselimoglu.com\/#\/schema\/logo\/image\/\",\"url\":\"https:\/\/opdrasifselimoglu.com\/wp-content\/uploads\/2021\/05\/cropped-asif-selimoglu_Calisma-Yuzeyi-1_130x130-1.jpg\",\"contentUrl\":\"https:\/\/opdrasifselimoglu.com\/wp-content\/uploads\/2021\/05\/cropped-asif-selimoglu_Calisma-Yuzeyi-1_130x130-1.jpg\",\"width\":130,\"height\":130,\"caption\":\"OP.DR.AS\u0130F SEL\u0130MO\u011eLU\"},\"image\":{\"@id\":\"https:\/\/opdrasifselimoglu.com\/#\/schema\/logo\/image\/\"},\"sameAs\":[\"https:\/\/www.facebook.com\/drasifselimoglu\/\",\"https:\/\/www.instagram.com\/drselimoglu\/\",\"https:\/\/tr.linkedin.com\/in\/asif-selimo\u011flu-salimov-a822a296\"]}]}<\/script>\n<!-- \/ Yoast SEO plugin. -->","yoast_head_json":{"title":"Ka\u015f Kald\u0131rma - Op. Dr. AS\u0130F SEL\u0130MO\u011eLU","robots":{"index":"index","follow":"follow","max-snippet":"max-snippet:-1","max-image-preview":"max-image-preview:large","max-video-preview":"max-video-preview:-1"},"canonical":"https:\/\/opdrasifselimoglu.com\/index.php\/kas-kaldirma\/","og_locale":"tr_TR","og_type":"article","og_title":"Ka\u015f Kald\u0131rma - Op. Dr. AS\u0130F SEL\u0130MO\u011eLU","og_description":"Klasik ka\u015f kald\u0131rma ameliyat\u0131n\u0131n bir di\u011fer ad\u0131 \u015fakak germe ameliyat\u0131d\u0131r. Operasyon bireyin \u015fakak k\u0131sm\u0131ndan sa\u00e7l\u0131 deri \u00e7\u0131kart\u0131larak bu b\u00f6lgeyi germe \u015feklinde yap\u0131l\u0131r. Bu operasyonun en b\u00fcy\u00fck dezavantaj\u0131, sa\u00e7l\u0131 deri i\u00e7erisine yap\u0131lan uzun diki\u015f hatlar\u0131n\u0131n zaman i\u00e7erisinde geni\u015fleyerek sa\u00e7s\u0131z adalar yaratmas\u0131d\u0131r.","og_url":"https:\/\/opdrasifselimoglu.com\/index.php\/kas-kaldirma\/","og_site_name":"Op. Dr. AS\u0130F SEL\u0130MO\u011eLU","article_publisher":"https:\/\/www.facebook.com\/drasifselimoglu\/","article_modified_time":"2021-02-17T10:55:40+00:00","twitter_card":"summary_large_image","schema":{"@context":"https:\/\/schema.org","@graph":[{"@type":"WebPage","@id":"https:\/\/opdrasifselimoglu.com\/index.php\/kas-kaldirma\/","url":"https:\/\/opdrasifselimoglu.com\/index.php\/kas-kaldirma\/","name":"Ka\u015f Kald\u0131rma - Op. Dr. AS\u0130F SEL\u0130MO\u011eLU","isPartOf":{"@id":"https:\/\/opdrasifselimoglu.com\/#website"},"datePublished":"2021-01-31T22:05:03+00:00","dateModified":"2021-02-17T10:55:40+00:00","breadcrumb":{"@id":"https:\/\/opdrasifselimoglu.com\/index.php\/kas-kaldirma\/#breadcrumb"},"inLanguage":"tr","potentialAction":[{"@type":"ReadAction","target":["https:\/\/opdrasifselimoglu.com\/index.php\/kas-kaldirma\/"]}]},{"@type":"BreadcrumbList","@id":"https:\/\/opdrasifselimoglu.com\/index.php\/kas-kaldirma\/#breadcrumb","itemListElement":[{"@type":"ListItem","position":1,"name":"Home","item":"https:\/\/opdrasifselimoglu.com\/"},{"@type":"ListItem","position":2,"name":"Ka\u015f Kald\u0131rma"}]},{"@type":"WebSite","@id":"https:\/\/opdrasifselimoglu.com\/#website","url":"https:\/\/opdrasifselimoglu.com\/","name":"Op. Dr. Asif Selimo\u011flu Kulak, Burun, Bo\u011faz, Ba\u015f-Boyun Cerrahisi ve Y\u00fcz Esteti\u011fi","description":"Kulak, Burun, Bo\u011faz, Ba\u015f-Boyun Cerrahisi ve Y\u00fcz Esteti\u011fi","publisher":{"@id":"https:\/\/opdrasifselimoglu.com\/#organization"},"potentialAction":[{"@type":"SearchAction","target":{"@type":"EntryPoint","urlTemplate":"https:\/\/opdrasifselimoglu.com\/?s={search_term_string}"},"query-input":{"@type":"PropertyValueSpecification","valueRequired":true,"valueName":"search_term_string"}}],"inLanguage":"tr"},{"@type":"Organization","@id":"https:\/\/opdrasifselimoglu.com\/#organization","name":"OP.DR.AS\u0130F SEL\u0130MO\u011eLU","url":"https:\/\/opdrasifselimoglu.com\/","logo":{"@type":"ImageObject","inLanguage":"tr","@id":"https:\/\/opdrasifselimoglu.com\/#\/schema\/logo\/image\/","url":"https:\/\/opdrasifselimoglu.com\/wp-content\/uploads\/2021\/05\/cropped-asif-selimoglu_Calisma-Yuzeyi-1_130x130-1.jpg","contentUrl":"https:\/\/opdrasifselimoglu.com\/wp-content\/uploads\/2021\/05\/cropped-asif-selimoglu_Calisma-Yuzeyi-1_130x130-1.jpg","width":130,"height":130,"caption":"OP.DR.AS\u0130F SEL\u0130MO\u011eLU"},"image":{"@id":"https:\/\/opdrasifselimoglu.com\/#\/schema\/logo\/image\/"},"sameAs":["https:\/\/www.facebook.com\/drasifselimoglu\/","https:\/\/www.instagram.com\/drselimoglu\/","https:\/\/tr.linkedin.com\/in\/asif-selimo\u011flu-salimov-a822a296"]}]}},"_links":{"self":[{"href":"https:\/\/opdrasifselimoglu.com\/index.php\/wp-json\/wp\/v2\/pages\/1256","targetHints":{"allow":["GET"]}}],"collection":[{"href":"https:\/\/opdrasifselimoglu.com\/index.php\/wp-json\/wp\/v2\/pages"}],"about":[{"href":"https:\/\/opdrasifselimoglu.com\/index.php\/wp-json\/wp\/v2\/types\/page"}],"author":[{"embeddable":true,"href":"https:\/\/opdrasifselimoglu.com\/index.php\/wp-json\/wp\/v2\/users\/1"}],"replies":[{"embeddable":true,"href":"https:\/\/opdrasifselimoglu.com\/index.php\/wp-json\/wp\/v2\/comments?post=1256"}],"version-history":[{"count":2,"href":"https:\/\/opdrasifselimoglu.com\/index.php\/wp-json\/wp\/v2\/pages\/1256\/revisions"}],"predecessor-version":[{"id":3059,"href":"https:\/\/opdrasifselimoglu.com\/index.php\/wp-json\/wp\/v2\/pages\/1256\/revisions\/3059"}],"wp:attachment":[{"href":"https:\/\/opdrasifselimoglu.com\/index.php\/wp-json\/wp\/v2\/media?parent=1256"}],"curies":[{"name":"wp","href":"https:\/\/api.w.org\/{rel}","templated":true}]}}