{"id":1252,"date":"2021-01-31T22:03:57","date_gmt":"2021-01-31T22:03:57","guid":{"rendered":"https:\/\/opdrasifselimoglu.com\/?page_id=1252"},"modified":"2021-02-17T11:04:18","modified_gmt":"2021-02-17T11:04:18","slug":"bisektomi","status":"publish","type":"page","link":"https:\/\/opdrasifselimoglu.com\/index.php\/bisektomi\/","title":{"rendered":"Bi\u015fektomi"},"content":{"rendered":"<p>G\u00fcn\u00fcm\u00fczde erkekler ve kad\u0131nlar, fiziksel g\u00f6r\u00fcn\u00fcm a\u00e7\u0131s\u0131ndan ideallerine ula\u015fabilmek i\u00e7in gen\u00e7 ve sa\u011fl\u0131kl\u0131 bir g\u00f6r\u00fcn\u00fcme sahip olmak ad\u0131na bir\u00e7ok estetik operasyondan faydalanmaktad\u0131r. Bu estetik cerrahilerden biri de bi\u015fektomi operasyonudur.<\/p>\n<p>Y\u00fcz\u00fcn daha iyi bir g\u00f6r\u00fcn\u00fcm kazanmas\u0131n\u0131 sa\u011flayan bi\u015fektomi ayn\u0131 zamanda yanak cerrahisi olarak da bilinmektedir.  Bi\u015fektomi operasyonu ile daha belirgin elmac\u0131k kemikleri ve daha ince bir y\u00fcz hatt\u0131na sahip olunabilir.<\/p>\n","protected":false},"excerpt":{"rendered":"<p>G\u00fcn\u00fcm\u00fczde erkekler ve kad\u0131nlar, fiziksel g\u00f6r\u00fcn\u00fcm a\u00e7\u0131s\u0131ndan ideallerine ula\u015fabilmek i\u00e7in gen\u00e7 ve sa\u011fl\u0131kl\u0131 bir g\u00f6r\u00fcn\u00fcme sahip olmak ad\u0131na bir\u00e7ok estetik operasyondan faydalanmaktad\u0131r. Bu estetik cerrahilerden biri de bi\u015fektomi operasyonudur. Y\u00fcz\u00fcn daha iyi bir g\u00f6r\u00fcn\u00fcm kazanmas\u0131n\u0131 sa\u011flayan bi\u015fektomi ayn\u0131 zamanda yanak <a href=\"https:\/\/opdrasifselimoglu.com\/index.php\/bisektomi\/\" class=\"read-more\">Read More &#8230;<\/a><\/p>\n","protected":false},"author":1,"featured_media":0,"parent":0,"menu_order":0,"comment_status":"closed","ping_status":"closed","template":"","meta":{"_joinchat":[],"footnotes":""},"class_list":["post-1252","page","type-page","status-publish","hentry"],"yoast_head":"<!-- This site is optimized with the Yoast SEO plugin v25.3 - https:\/\/yoast.com\/wordpress\/plugins\/seo\/ -->\n<title>Bi\u015fektomi - Op. Dr. AS\u0130F SEL\u0130MO\u011eLU<\/title>\n<meta name=\"robots\" content=\"index, follow, max-snippet:-1, max-image-preview:large, max-video-preview:-1\" \/>\n<link rel=\"canonical\" href=\"https:\/\/opdrasifselimoglu.com\/index.php\/bisektomi\/\" \/>\n<meta property=\"og:locale\" content=\"tr_TR\" \/>\n<meta property=\"og:type\" content=\"article\" \/>\n<meta property=\"og:title\" content=\"Bi\u015fektomi - Op. Dr. AS\u0130F SEL\u0130MO\u011eLU\" \/>\n<meta property=\"og:description\" content=\"G\u00fcn\u00fcm\u00fczde erkekler ve kad\u0131nlar, fiziksel g\u00f6r\u00fcn\u00fcm a\u00e7\u0131s\u0131ndan ideallerine ula\u015fabilmek i\u00e7in gen\u00e7 ve sa\u011fl\u0131kl\u0131 bir g\u00f6r\u00fcn\u00fcme sahip olmak ad\u0131na bir\u00e7ok estetik operasyondan faydalanmaktad\u0131r. Bu estetik cerrahilerden biri de bi\u015fektomi operasyonudur. Y\u00fcz\u00fcn daha iyi bir g\u00f6r\u00fcn\u00fcm kazanmas\u0131n\u0131 sa\u011flayan bi\u015fektomi ayn\u0131 zamanda yanak Read More ...\" \/>\n<meta property=\"og:url\" content=\"https:\/\/opdrasifselimoglu.com\/index.php\/bisektomi\/\" \/>\n<meta property=\"og:site_name\" content=\"Op. Dr. AS\u0130F SEL\u0130MO\u011eLU\" \/>\n<meta property=\"article:publisher\" content=\"https:\/\/www.facebook.com\/drasifselimoglu\/\" \/>\n<meta property=\"article:modified_time\" content=\"2021-02-17T11:04:18+00:00\" \/>\n<meta name=\"twitter:card\" content=\"summary_large_image\" \/>\n<meta name=\"twitter:label1\" content=\"Tahmini okuma s\u00fcresi\" \/>\n\t<meta name=\"twitter:data1\" content=\"1 dakika\" \/>\n<script type=\"application\/ld+json\" class=\"yoast-schema-graph\">{\"@context\":\"https:\/\/schema.org\",\"@graph\":[{\"@type\":\"WebPage\",\"@id\":\"https:\/\/opdrasifselimoglu.com\/index.php\/bisektomi\/\",\"url\":\"https:\/\/opdrasifselimoglu.com\/index.php\/bisektomi\/\",\"name\":\"Bi\u015fektomi - Op. Dr. AS\u0130F SEL\u0130MO\u011eLU\",\"isPartOf\":{\"@id\":\"https:\/\/opdrasifselimoglu.com\/#website\"},\"datePublished\":\"2021-01-31T22:03:57+00:00\",\"dateModified\":\"2021-02-17T11:04:18+00:00\",\"breadcrumb\":{\"@id\":\"https:\/\/opdrasifselimoglu.com\/index.php\/bisektomi\/#breadcrumb\"},\"inLanguage\":\"tr\",\"potentialAction\":[{\"@type\":\"ReadAction\",\"target\":[\"https:\/\/opdrasifselimoglu.com\/index.php\/bisektomi\/\"]}]},{\"@type\":\"BreadcrumbList\",\"@id\":\"https:\/\/opdrasifselimoglu.com\/index.php\/bisektomi\/#breadcrumb\",\"itemListElement\":[{\"@type\":\"ListItem\",\"position\":1,\"name\":\"Home\",\"item\":\"https:\/\/opdrasifselimoglu.com\/\"},{\"@type\":\"ListItem\",\"position\":2,\"name\":\"Bi\u015fektomi\"}]},{\"@type\":\"WebSite\",\"@id\":\"https:\/\/opdrasifselimoglu.com\/#website\",\"url\":\"https:\/\/opdrasifselimoglu.com\/\",\"name\":\"Op. Dr. Asif Selimo\u011flu Kulak, Burun, Bo\u011faz, Ba\u015f-Boyun Cerrahisi ve Y\u00fcz Esteti\u011fi\",\"description\":\"Kulak, Burun, Bo\u011faz, Ba\u015f-Boyun Cerrahisi ve Y\u00fcz Esteti\u011fi\",\"publisher\":{\"@id\":\"https:\/\/opdrasifselimoglu.com\/#organization\"},\"potentialAction\":[{\"@type\":\"SearchAction\",\"target\":{\"@type\":\"EntryPoint\",\"urlTemplate\":\"https:\/\/opdrasifselimoglu.com\/?s={search_term_string}\"},\"query-input\":{\"@type\":\"PropertyValueSpecification\",\"valueRequired\":true,\"valueName\":\"search_term_string\"}}],\"inLanguage\":\"tr\"},{\"@type\":\"Organization\",\"@id\":\"https:\/\/opdrasifselimoglu.com\/#organization\",\"name\":\"OP.DR.AS\u0130F SEL\u0130MO\u011eLU\",\"url\":\"https:\/\/opdrasifselimoglu.com\/\",\"logo\":{\"@type\":\"ImageObject\",\"inLanguage\":\"tr\",\"@id\":\"https:\/\/opdrasifselimoglu.com\/#\/schema\/logo\/image\/\",\"url\":\"https:\/\/opdrasifselimoglu.com\/wp-content\/uploads\/2021\/05\/cropped-asif-selimoglu_Calisma-Yuzeyi-1_130x130-1.jpg\",\"contentUrl\":\"https:\/\/opdrasifselimoglu.com\/wp-content\/uploads\/2021\/05\/cropped-asif-selimoglu_Calisma-Yuzeyi-1_130x130-1.jpg\",\"width\":130,\"height\":130,\"caption\":\"OP.DR.AS\u0130F SEL\u0130MO\u011eLU\"},\"image\":{\"@id\":\"https:\/\/opdrasifselimoglu.com\/#\/schema\/logo\/image\/\"},\"sameAs\":[\"https:\/\/www.facebook.com\/drasifselimoglu\/\",\"https:\/\/www.instagram.com\/drselimoglu\/\",\"https:\/\/tr.linkedin.com\/in\/asif-selimo\u011flu-salimov-a822a296\"]}]}<\/script>\n<!-- \/ Yoast SEO plugin. -->","yoast_head_json":{"title":"Bi\u015fektomi - Op. Dr. AS\u0130F SEL\u0130MO\u011eLU","robots":{"index":"index","follow":"follow","max-snippet":"max-snippet:-1","max-image-preview":"max-image-preview:large","max-video-preview":"max-video-preview:-1"},"canonical":"https:\/\/opdrasifselimoglu.com\/index.php\/bisektomi\/","og_locale":"tr_TR","og_type":"article","og_title":"Bi\u015fektomi - Op. Dr. AS\u0130F SEL\u0130MO\u011eLU","og_description":"G\u00fcn\u00fcm\u00fczde erkekler ve kad\u0131nlar, fiziksel g\u00f6r\u00fcn\u00fcm a\u00e7\u0131s\u0131ndan ideallerine ula\u015fabilmek i\u00e7in gen\u00e7 ve sa\u011fl\u0131kl\u0131 bir g\u00f6r\u00fcn\u00fcme sahip olmak ad\u0131na bir\u00e7ok estetik operasyondan faydalanmaktad\u0131r. Bu estetik cerrahilerden biri de bi\u015fektomi operasyonudur. Y\u00fcz\u00fcn daha iyi bir g\u00f6r\u00fcn\u00fcm kazanmas\u0131n\u0131 sa\u011flayan bi\u015fektomi ayn\u0131 zamanda yanak Read More ...","og_url":"https:\/\/opdrasifselimoglu.com\/index.php\/bisektomi\/","og_site_name":"Op. Dr. AS\u0130F SEL\u0130MO\u011eLU","article_publisher":"https:\/\/www.facebook.com\/drasifselimoglu\/","article_modified_time":"2021-02-17T11:04:18+00:00","twitter_card":"summary_large_image","twitter_misc":{"Tahmini okuma s\u00fcresi":"1 dakika"},"schema":{"@context":"https:\/\/schema.org","@graph":[{"@type":"WebPage","@id":"https:\/\/opdrasifselimoglu.com\/index.php\/bisektomi\/","url":"https:\/\/opdrasifselimoglu.com\/index.php\/bisektomi\/","name":"Bi\u015fektomi - Op. Dr. AS\u0130F SEL\u0130MO\u011eLU","isPartOf":{"@id":"https:\/\/opdrasifselimoglu.com\/#website"},"datePublished":"2021-01-31T22:03:57+00:00","dateModified":"2021-02-17T11:04:18+00:00","breadcrumb":{"@id":"https:\/\/opdrasifselimoglu.com\/index.php\/bisektomi\/#breadcrumb"},"inLanguage":"tr","potentialAction":[{"@type":"ReadAction","target":["https:\/\/opdrasifselimoglu.com\/index.php\/bisektomi\/"]}]},{"@type":"BreadcrumbList","@id":"https:\/\/opdrasifselimoglu.com\/index.php\/bisektomi\/#breadcrumb","itemListElement":[{"@type":"ListItem","position":1,"name":"Home","item":"https:\/\/opdrasifselimoglu.com\/"},{"@type":"ListItem","position":2,"name":"Bi\u015fektomi"}]},{"@type":"WebSite","@id":"https:\/\/opdrasifselimoglu.com\/#website","url":"https:\/\/opdrasifselimoglu.com\/","name":"Op. Dr. Asif Selimo\u011flu Kulak, Burun, Bo\u011faz, Ba\u015f-Boyun Cerrahisi ve Y\u00fcz Esteti\u011fi","description":"Kulak, Burun, Bo\u011faz, Ba\u015f-Boyun Cerrahisi ve Y\u00fcz Esteti\u011fi","publisher":{"@id":"https:\/\/opdrasifselimoglu.com\/#organization"},"potentialAction":[{"@type":"SearchAction","target":{"@type":"EntryPoint","urlTemplate":"https:\/\/opdrasifselimoglu.com\/?s={search_term_string}"},"query-input":{"@type":"PropertyValueSpecification","valueRequired":true,"valueName":"search_term_string"}}],"inLanguage":"tr"},{"@type":"Organization","@id":"https:\/\/opdrasifselimoglu.com\/#organization","name":"OP.DR.AS\u0130F SEL\u0130MO\u011eLU","url":"https:\/\/opdrasifselimoglu.com\/","logo":{"@type":"ImageObject","inLanguage":"tr","@id":"https:\/\/opdrasifselimoglu.com\/#\/schema\/logo\/image\/","url":"https:\/\/opdrasifselimoglu.com\/wp-content\/uploads\/2021\/05\/cropped-asif-selimoglu_Calisma-Yuzeyi-1_130x130-1.jpg","contentUrl":"https:\/\/opdrasifselimoglu.com\/wp-content\/uploads\/2021\/05\/cropped-asif-selimoglu_Calisma-Yuzeyi-1_130x130-1.jpg","width":130,"height":130,"caption":"OP.DR.AS\u0130F SEL\u0130MO\u011eLU"},"image":{"@id":"https:\/\/opdrasifselimoglu.com\/#\/schema\/logo\/image\/"},"sameAs":["https:\/\/www.facebook.com\/drasifselimoglu\/","https:\/\/www.instagram.com\/drselimoglu\/","https:\/\/tr.linkedin.com\/in\/asif-selimo\u011flu-salimov-a822a296"]}]}},"_links":{"self":[{"href":"https:\/\/opdrasifselimoglu.com\/index.php\/wp-json\/wp\/v2\/pages\/1252","targetHints":{"allow":["GET"]}}],"collection":[{"href":"https:\/\/opdrasifselimoglu.com\/index.php\/wp-json\/wp\/v2\/pages"}],"about":[{"href":"https:\/\/opdrasifselimoglu.com\/index.php\/wp-json\/wp\/v2\/types\/page"}],"author":[{"embeddable":true,"href":"https:\/\/opdrasifselimoglu.com\/index.php\/wp-json\/wp\/v2\/users\/1"}],"replies":[{"embeddable":true,"href":"https:\/\/opdrasifselimoglu.com\/index.php\/wp-json\/wp\/v2\/comments?post=1252"}],"version-history":[{"count":2,"href":"https:\/\/opdrasifselimoglu.com\/index.php\/wp-json\/wp\/v2\/pages\/1252\/revisions"}],"predecessor-version":[{"id":3063,"href":"https:\/\/opdrasifselimoglu.com\/index.php\/wp-json\/wp\/v2\/pages\/1252\/revisions\/3063"}],"wp:attachment":[{"href":"https:\/\/opdrasifselimoglu.com\/index.php\/wp-json\/wp\/v2\/media?parent=1252"}],"curies":[{"name":"wp","href":"https:\/\/api.w.org\/{rel}","templated":true}]}}